{"id":10224,"date":"2020-02-28T14:26:58","date_gmt":"2020-02-28T12:26:58","guid":{"rendered":"https:\/\/skaut.ee\/kontakt-2\/skaudiuksused\/otsime-tartu-lipkonda-ilves-hundujuhti-ja-abijuhti\/"},"modified":"2020-02-28T14:26:58","modified_gmt":"2020-02-28T12:26:58","slug":"otsime-tartu-lipkonda-ilves-hundujuhti-ja-abijuhti","status":"publish","type":"page","link":"https:\/\/skaut.ee\/en\/kontakt-2\/skaudiuksused\/otsime-tartu-lipkonda-ilves-hundujuhti-ja-abijuhti\/","title":{"rendered":"<p class=\"has-text-align-center\">Otsime Tartu lipkonda Ilves hundujuhti ja abijuhti<\/p>"},"content":{"rendered":"\n<p class=\"has-text-align-center\"> Eesti Skautide \u00dchingu Tartus tegutsev skaudilipkond otsib hundujuhti ja abijuhti, kes aitaks hundupesa (6-10 a. noored) igan\u00e4dalastel kokkusaamistel tegevuste l\u00e4biviimisel ja lastega tegelemisel. <\/p>\n\n\n\n<p><\/p>\n\n\n\n<p><\/p>\n\n\n\n<p class=\"has-text-align-center\"><strong>Sulle meeldib<\/strong> lastega koos tegutseda.<\/p>\n\n\n\n<p class=\"has-text-align-center\"><strong>Sulle soovid panustada<\/strong> vabatahtlikult Eesti <strong>noorte arengusse<\/strong> 1-2h n\u00e4dalas.<\/p>\n\n\n\n<p class=\"has-text-align-center\"><strong>Sulle meeldib matkata<\/strong> ja laagrites k\u00e4ia.<br><\/p>\n\n\n\n<p><\/p>\n\n\n\n<p class=\"has-text-align-center\"><br><\/p>\n\n\n\n<p class=\"has-text-align-center\"><strong>Ootame sind liituma!<\/strong><br><\/p>\n\n\n\n<p class=\"has-text-align-center\"><br><\/p>\n\n\n\n<p class=\"has-text-align-center\"><strong>Skautlus on<\/strong> enesearengu v\u00f5imalus. <\/p>\n\n\n\n<p class=\"has-text-align-center\"> <strong>Skautlus on<\/strong>  s\u00f5pruskond.<\/p>\n\n\n\n<p class=\"has-text-align-center\"> <strong>Skautlus on<\/strong>  oskused kogu eluks.<br><\/p>\n\n\n\n<p><\/p>\n\n\n\n<p class=\"has-text-align-center\">Kui tunned, et soovid sellest osa saada, siis v\u00f5ta \u00fchendust ES\u00dc piirkondlike \u00fcksuste tugiisiku Monikaga &#8211; <a href=\"mailto:monika@skaut.ee\">monika[at]skaut.ee<\/a>, +372 55593155<br><\/p>\n\n\n\n<figure class=\"wp-block-image size-large\"><img loading=\"lazy\" decoding=\"async\" width=\"765\" height=\"444\" src=\"https:\/\/skaut.ee\/wp-content\/uploads\/2020\/02\/Ilves-Talvi-koondus.jpg\" alt=\"\" class=\"wp-image-2798\" srcset=\"https:\/\/skaut.ee\/wp-content\/uploads\/2020\/02\/Ilves-Talvi-koondus.jpg 765w, https:\/\/skaut.ee\/wp-content\/uploads\/2020\/02\/Ilves-Talvi-koondus-234x136.jpg 234w, https:\/\/skaut.ee\/wp-content\/uploads\/2020\/02\/Ilves-Talvi-koondus-260x151.jpg 260w, https:\/\/skaut.ee\/wp-content\/uploads\/2020\/02\/Ilves-Talvi-koondus-145x84.jpg 145w, https:\/\/skaut.ee\/wp-content\/uploads\/2020\/02\/Ilves-Talvi-koondus-103x60.jpg 103w, https:\/\/skaut.ee\/wp-content\/uploads\/2020\/02\/Ilves-Talvi-koondus-100x58.jpg 100w, https:\/\/skaut.ee\/wp-content\/uploads\/2020\/02\/Ilves-Talvi-koondus-30x17.jpg 30w\" sizes=\"auto, (max-width: 765px) 100vw, 765px\" \/><\/figure>\n","protected":false},"excerpt":{"rendered":"","protected":false},"author":6,"featured_media":0,"parent":10220,"menu_order":4,"comment_status":"closed","ping_status":"closed","template":"","meta":{"_acf_changed":false,"inline_featured_image":false,"_monsterinsights_skip_tracking":false,"_monsterinsights_sitenote_active":false,"_monsterinsights_sitenote_note":"","_monsterinsights_sitenote_category":0,"cybocfi_hide_featured_image":"","footnotes":"","_links_to":"","_links_to_target":""},"class_list":["post-10224","page","type-page","status-publish","hentry"],"acf":[],"yoast_head":"<!-- This site is optimized with the Yoast SEO plugin v27.0 - https:\/\/yoast.com\/product\/yoast-seo-wordpress\/ -->\n<title>Otsime Tartu lipkonda Ilves hundujuhti ja abijuhti - Skaut<\/title>\n<meta name=\"robots\" content=\"index, follow, max-snippet:-1, max-image-preview:large, max-video-preview:-1\" \/>\n<link rel=\"canonical\" href=\"https:\/\/skaut.ee\/en\/kontakt-2\/skaudiuksused\/otsime-tartu-lipkonda-ilves-hundujuhti-ja-abijuhti\/\" \/>\n<meta property=\"og:locale\" content=\"en_US\" \/>\n<meta property=\"og:type\" content=\"article\" \/>\n<meta property=\"og:title\" content=\"Otsime Tartu lipkonda Ilves hundujuhti ja abijuhti - Skaut\" \/>\n<meta property=\"og:url\" content=\"https:\/\/skaut.ee\/en\/kontakt-2\/skaudiuksused\/otsime-tartu-lipkonda-ilves-hundujuhti-ja-abijuhti\/\" \/>\n<meta property=\"og:site_name\" content=\"Skaut\" \/>\n<meta property=\"og:image\" content=\"https:\/\/skaut.ee\/wp-content\/uploads\/2020\/02\/Ilves-Talvi-koondus.jpg\" \/>\n<meta name=\"twitter:card\" content=\"summary_large_image\" \/>\n<script type=\"application\/ld+json\" class=\"yoast-schema-graph\">{\"@context\":\"https:\/\/schema.org\",\"@graph\":[{\"@type\":\"WebPage\",\"@id\":\"https:\/\/skaut.ee\/en\/kontakt-2\/skaudiuksused\/otsime-tartu-lipkonda-ilves-hundujuhti-ja-abijuhti\/\",\"url\":\"https:\/\/skaut.ee\/en\/kontakt-2\/skaudiuksused\/otsime-tartu-lipkonda-ilves-hundujuhti-ja-abijuhti\/\",\"name\":\"Otsime Tartu lipkonda Ilves hundujuhti ja abijuhti - Skaut\",\"isPartOf\":{\"@id\":\"https:\/\/skaut.ee\/#website\"},\"primaryImageOfPage\":{\"@id\":\"https:\/\/skaut.ee\/en\/kontakt-2\/skaudiuksused\/otsime-tartu-lipkonda-ilves-hundujuhti-ja-abijuhti\/#primaryimage\"},\"image\":{\"@id\":\"https:\/\/skaut.ee\/en\/kontakt-2\/skaudiuksused\/otsime-tartu-lipkonda-ilves-hundujuhti-ja-abijuhti\/#primaryimage\"},\"thumbnailUrl\":\"https:\/\/skaut.ee\/wp-content\/uploads\/2020\/02\/Ilves-Talvi-koondus.jpg\",\"datePublished\":\"2020-02-28T12:26:58+00:00\",\"breadcrumb\":{\"@id\":\"https:\/\/skaut.ee\/en\/kontakt-2\/skaudiuksused\/otsime-tartu-lipkonda-ilves-hundujuhti-ja-abijuhti\/#breadcrumb\"},\"inLanguage\":\"en-US\",\"potentialAction\":[{\"@type\":\"ReadAction\",\"target\":[\"https:\/\/skaut.ee\/en\/kontakt-2\/skaudiuksused\/otsime-tartu-lipkonda-ilves-hundujuhti-ja-abijuhti\/\"]}]},{\"@type\":\"ImageObject\",\"inLanguage\":\"en-US\",\"@id\":\"https:\/\/skaut.ee\/en\/kontakt-2\/skaudiuksused\/otsime-tartu-lipkonda-ilves-hundujuhti-ja-abijuhti\/#primaryimage\",\"url\":\"https:\/\/skaut.ee\/wp-content\/uploads\/2020\/02\/Ilves-Talvi-koondus.jpg\",\"contentUrl\":\"https:\/\/skaut.ee\/wp-content\/uploads\/2020\/02\/Ilves-Talvi-koondus.jpg\"},{\"@type\":\"BreadcrumbList\",\"@id\":\"https:\/\/skaut.ee\/en\/kontakt-2\/skaudiuksused\/otsime-tartu-lipkonda-ilves-hundujuhti-ja-abijuhti\/#breadcrumb\",\"itemListElement\":[{\"@type\":\"ListItem\",\"position\":1,\"name\":\"Home\",\"item\":\"https:\/\/skaut.ee\/en\/\"},{\"@type\":\"ListItem\",\"position\":2,\"name\":\"CONTACT\",\"item\":\"https:\/\/skaut.ee\/en\/kontakt-2\/\"},{\"@type\":\"ListItem\",\"position\":3,\"name\":\"Units\",\"item\":\"https:\/\/skaut.ee\/en\/kontakt-2\/skaudiuksused\/\"},{\"@type\":\"ListItem\",\"position\":4,\"name\":\"Otsime Tartu lipkonda Ilves hundujuhti ja abijuhti\"}]},{\"@type\":\"WebSite\",\"@id\":\"https:\/\/skaut.ee\/#website\",\"url\":\"https:\/\/skaut.ee\/\",\"name\":\"Skaut\",\"description\":\"Eesti Skautide \u00dchingu koduleht\",\"potentialAction\":[{\"@type\":\"SearchAction\",\"target\":{\"@type\":\"EntryPoint\",\"urlTemplate\":\"https:\/\/skaut.ee\/?s={search_term_string}\"},\"query-input\":{\"@type\":\"PropertyValueSpecification\",\"valueRequired\":true,\"valueName\":\"search_term_string\"}}],\"inLanguage\":\"en-US\"}]}<\/script>\n<!-- \/ Yoast SEO plugin. -->","yoast_head_json":{"title":"Otsime Tartu lipkonda Ilves hundujuhti ja abijuhti - Skaut","robots":{"index":"index","follow":"follow","max-snippet":"max-snippet:-1","max-image-preview":"max-image-preview:large","max-video-preview":"max-video-preview:-1"},"canonical":"https:\/\/skaut.ee\/en\/kontakt-2\/skaudiuksused\/otsime-tartu-lipkonda-ilves-hundujuhti-ja-abijuhti\/","og_locale":"en_US","og_type":"article","og_title":"Otsime Tartu lipkonda Ilves hundujuhti ja abijuhti - Skaut","og_url":"https:\/\/skaut.ee\/en\/kontakt-2\/skaudiuksused\/otsime-tartu-lipkonda-ilves-hundujuhti-ja-abijuhti\/","og_site_name":"Skaut","og_image":[{"url":"https:\/\/skaut.ee\/wp-content\/uploads\/2020\/02\/Ilves-Talvi-koondus.jpg","type":"","width":"","height":""}],"twitter_card":"summary_large_image","schema":{"@context":"https:\/\/schema.org","@graph":[{"@type":"WebPage","@id":"https:\/\/skaut.ee\/en\/kontakt-2\/skaudiuksused\/otsime-tartu-lipkonda-ilves-hundujuhti-ja-abijuhti\/","url":"https:\/\/skaut.ee\/en\/kontakt-2\/skaudiuksused\/otsime-tartu-lipkonda-ilves-hundujuhti-ja-abijuhti\/","name":"Otsime Tartu lipkonda Ilves hundujuhti ja abijuhti - Skaut","isPartOf":{"@id":"https:\/\/skaut.ee\/#website"},"primaryImageOfPage":{"@id":"https:\/\/skaut.ee\/en\/kontakt-2\/skaudiuksused\/otsime-tartu-lipkonda-ilves-hundujuhti-ja-abijuhti\/#primaryimage"},"image":{"@id":"https:\/\/skaut.ee\/en\/kontakt-2\/skaudiuksused\/otsime-tartu-lipkonda-ilves-hundujuhti-ja-abijuhti\/#primaryimage"},"thumbnailUrl":"https:\/\/skaut.ee\/wp-content\/uploads\/2020\/02\/Ilves-Talvi-koondus.jpg","datePublished":"2020-02-28T12:26:58+00:00","breadcrumb":{"@id":"https:\/\/skaut.ee\/en\/kontakt-2\/skaudiuksused\/otsime-tartu-lipkonda-ilves-hundujuhti-ja-abijuhti\/#breadcrumb"},"inLanguage":"en-US","potentialAction":[{"@type":"ReadAction","target":["https:\/\/skaut.ee\/en\/kontakt-2\/skaudiuksused\/otsime-tartu-lipkonda-ilves-hundujuhti-ja-abijuhti\/"]}]},{"@type":"ImageObject","inLanguage":"en-US","@id":"https:\/\/skaut.ee\/en\/kontakt-2\/skaudiuksused\/otsime-tartu-lipkonda-ilves-hundujuhti-ja-abijuhti\/#primaryimage","url":"https:\/\/skaut.ee\/wp-content\/uploads\/2020\/02\/Ilves-Talvi-koondus.jpg","contentUrl":"https:\/\/skaut.ee\/wp-content\/uploads\/2020\/02\/Ilves-Talvi-koondus.jpg"},{"@type":"BreadcrumbList","@id":"https:\/\/skaut.ee\/en\/kontakt-2\/skaudiuksused\/otsime-tartu-lipkonda-ilves-hundujuhti-ja-abijuhti\/#breadcrumb","itemListElement":[{"@type":"ListItem","position":1,"name":"Home","item":"https:\/\/skaut.ee\/en\/"},{"@type":"ListItem","position":2,"name":"CONTACT","item":"https:\/\/skaut.ee\/en\/kontakt-2\/"},{"@type":"ListItem","position":3,"name":"Units","item":"https:\/\/skaut.ee\/en\/kontakt-2\/skaudiuksused\/"},{"@type":"ListItem","position":4,"name":"Otsime Tartu lipkonda Ilves hundujuhti ja abijuhti"}]},{"@type":"WebSite","@id":"https:\/\/skaut.ee\/#website","url":"https:\/\/skaut.ee\/","name":"Skaut","description":"Eesti Skautide \u00dchingu koduleht","potentialAction":[{"@type":"SearchAction","target":{"@type":"EntryPoint","urlTemplate":"https:\/\/skaut.ee\/?s={search_term_string}"},"query-input":{"@type":"PropertyValueSpecification","valueRequired":true,"valueName":"search_term_string"}}],"inLanguage":"en-US"}]}},"_links":{"self":[{"href":"https:\/\/skaut.ee\/en\/wp-json\/wp\/v2\/pages\/10224","targetHints":{"allow":["GET"]}}],"collection":[{"href":"https:\/\/skaut.ee\/en\/wp-json\/wp\/v2\/pages"}],"about":[{"href":"https:\/\/skaut.ee\/en\/wp-json\/wp\/v2\/types\/page"}],"author":[{"embeddable":true,"href":"https:\/\/skaut.ee\/en\/wp-json\/wp\/v2\/users\/6"}],"replies":[{"embeddable":true,"href":"https:\/\/skaut.ee\/en\/wp-json\/wp\/v2\/comments?post=10224"}],"version-history":[{"count":0,"href":"https:\/\/skaut.ee\/en\/wp-json\/wp\/v2\/pages\/10224\/revisions"}],"up":[{"embeddable":true,"href":"https:\/\/skaut.ee\/en\/wp-json\/wp\/v2\/pages\/10220"}],"wp:attachment":[{"href":"https:\/\/skaut.ee\/en\/wp-json\/wp\/v2\/media?parent=10224"}],"curies":[{"name":"wp","href":"https:\/\/api.w.org\/{rel}","templated":true}]}}