{"id":10223,"date":"2020-02-28T13:29:29","date_gmt":"2020-02-28T11:29:29","guid":{"rendered":"https:\/\/skaut.ee\/kontakt-2\/skaudiuksused\/lipkonda-okaskannel-hundujuhti-ja-abijuhti\/"},"modified":"2020-02-28T13:29:29","modified_gmt":"2020-02-28T11:29:29","slug":"lipkonda-okaskannel-hundujuhti-ja-abijuhti","status":"publish","type":"page","link":"https:\/\/skaut.ee\/en\/kontakt-2\/skaudiuksused\/lipkonda-okaskannel-hundujuhti-ja-abijuhti\/","title":{"rendered":"Otsime lipkonda Okaskannel juhti ning abijuhti"},"content":{"rendered":"\n<p class=\"has-text-align-center\"> Eesti Skautide \u00dchingu Harku vallas tegutsev skaudilipkond otsib Tabasallu skautide (11-14a.) salgale juhti ning abijuhti, kes aitaks igan\u00e4dalastel kokkusaamistel tegevuste l\u00e4biviimisel ja lastega tegelemisel. <\/p>\n\n\n\n<p class=\"has-text-align-center\"><\/p>\n\n\n\n<p><\/p>\n\n\n\n<p><\/p>\n\n\n\n<p class=\"has-text-align-center\"><strong>Sulle meeldib<\/strong> lastega koos tegutseda.<\/p>\n\n\n\n<p class=\"has-text-align-center\"><strong>Sulle soovid panustada<\/strong> vabatahtlikult Eesti <strong>noorte arengusse<\/strong> 1-1,5h n\u00e4dalas.<\/p>\n\n\n\n<p class=\"has-text-align-center\"><strong>Sulle meeldib matkata<\/strong> ja laagrites k\u00e4ia.<br><\/p>\n\n\n\n<p><\/p>\n\n\n\n<p class=\"has-text-align-center\"><br><\/p>\n\n\n\n<p class=\"has-text-align-center\"><strong>Ootame sind liituma!<\/strong><br><\/p>\n\n\n\n<p class=\"has-text-align-center\"><br><\/p>\n\n\n\n<p class=\"has-text-align-center\"><strong>Skautlus on<\/strong> enesearengu v\u00f5imalus. <\/p>\n\n\n\n<p class=\"has-text-align-center\"> <strong>Skautlus on<\/strong>  s\u00f5pruskond.<\/p>\n\n\n\n<p class=\"has-text-align-center\"> <strong>Skautlus on<\/strong>  oskused kogu eluks.<br><\/p>\n\n\n\n<p><\/p>\n\n\n\n<p class=\"has-text-align-center\">Kui tunned, et soovid sellest osa saada, siis v\u00f5ta \u00fchendust &#8211; monika@skaut.ee, tel +372 5559 3155.<br><\/p>\n\n\n\n<figure class=\"wp-block-image size-large\"><img decoding=\"async\" src=\"https:\/\/skaut.ee\/wp-content\/uploads\/2020\/02\/Okaskannel-koondus-1-1024x393.jpg\" alt=\"\" class=\"wp-image-2778\"\/><\/figure>\n\n\n\n<h2 class=\"has-text-align-center wp-block-heading\">Otsime lipkonda Okaskannel juhatuse liikmeid<\/h2>\n\n\n\n<p class=\"has-text-align-center\">Lisaks juhtidele ootame t\u00e4iskasvanuid lipkonna juhatusse, et lipkonnasisesed \u00fcritused toimuksid regulaarselt, infovahetus oleks selge ja koduleht oleks ajakohane.<\/p>\n\n\n\n<p><\/p>\n\n\n\n<p><\/p>\n\n\n\n<p class=\"has-text-align-center\"><strong>Sulle meeldib arvutis<\/strong> tabeleid teha, kirju kirjutada, plakateid joonistada?<\/p>\n\n\n\n<p class=\"has-text-align-center\">v\u00f5i<\/p>\n\n\n\n<p class=\"has-text-align-center\"><strong>Sulle meeldib korraldada<\/strong> v\u00e4ikeseid, kuni 40 osalejaga, <strong>\u00fcritusi<\/strong>?<\/p>\n\n\n\n<p class=\"has-text-align-center\">v\u00f5i<\/p>\n\n\n\n<p class=\"has-text-align-center\"><strong>Sulle meeldib WordPress<\/strong> ja sellega kodulehti hallata?<\/p>\n\n\n\n<p><\/p>\n\n\n\n<p><\/p>\n\n\n\n<p class=\"has-text-align-center\">Kui vastasid m\u00f5nele k\u00fcsimusele JAH, siis oled v\u00e4ga oodatud meie suurde s\u00f5pruskonda &#8211; lipkonda Okaskannel! Kirjuta v\u00f5i helista &#8211; monika@skaut.ee, tel +372 5559 3155.<\/p>\n\n\n\n<figure class=\"wp-block-image size-large\"><img decoding=\"async\" src=\"https:\/\/skaut.ee\/wp-content\/uploads\/2020\/02\/Okaskannel-juhid-2019-1024x399.jpg\" alt=\"\" class=\"wp-image-2780\"\/><\/figure>\n","protected":false},"excerpt":{"rendered":"<p>Otsime lipkonda Okaskannel juhatuse liikmeid Lisaks juhtidele ootame t\u00e4iskasvanuid lipkonna juhatusse, et lipkonnasisesed \u00fcritused toimuksid regulaarselt, infovahetus oleks selge ja&#8230;<\/p>\n","protected":false},"author":6,"featured_media":0,"parent":10220,"menu_order":3,"comment_status":"closed","ping_status":"closed","template":"","meta":{"_acf_changed":false,"inline_featured_image":false,"_monsterinsights_skip_tracking":false,"_monsterinsights_sitenote_active":false,"_monsterinsights_sitenote_note":"","_monsterinsights_sitenote_category":0,"cybocfi_hide_featured_image":"","footnotes":"","_links_to":"","_links_to_target":""},"class_list":["post-10223","page","type-page","status-publish","hentry"],"acf":[],"yoast_head":"<!-- This site is optimized with the Yoast SEO plugin v27.0 - https:\/\/yoast.com\/product\/yoast-seo-wordpress\/ -->\n<title>Otsime lipkonda Okaskannel juhti ning abijuhti - Skaut<\/title>\n<meta name=\"robots\" content=\"index, follow, max-snippet:-1, max-image-preview:large, max-video-preview:-1\" \/>\n<link rel=\"canonical\" href=\"https:\/\/skaut.ee\/en\/kontakt-2\/skaudiuksused\/lipkonda-okaskannel-hundujuhti-ja-abijuhti\/\" \/>\n<meta property=\"og:locale\" content=\"en_US\" \/>\n<meta property=\"og:type\" content=\"article\" \/>\n<meta property=\"og:title\" content=\"Otsime lipkonda Okaskannel juhti ning abijuhti - Skaut\" \/>\n<meta property=\"og:description\" content=\"Otsime lipkonda Okaskannel juhatuse liikmeid Lisaks juhtidele ootame t\u00e4iskasvanuid lipkonna juhatusse, et lipkonnasisesed \u00fcritused toimuksid regulaarselt, infovahetus oleks selge ja...\" \/>\n<meta property=\"og:url\" content=\"https:\/\/skaut.ee\/en\/kontakt-2\/skaudiuksused\/lipkonda-okaskannel-hundujuhti-ja-abijuhti\/\" \/>\n<meta property=\"og:site_name\" content=\"Skaut\" \/>\n<meta property=\"og:image\" content=\"https:\/\/skaut.ee\/wp-content\/uploads\/2020\/02\/Okaskannel-koondus-1-1024x393.jpg\" \/>\n<meta name=\"twitter:card\" content=\"summary_large_image\" \/>\n<script type=\"application\/ld+json\" class=\"yoast-schema-graph\">{\"@context\":\"https:\/\/schema.org\",\"@graph\":[{\"@type\":\"WebPage\",\"@id\":\"https:\/\/skaut.ee\/en\/kontakt-2\/skaudiuksused\/lipkonda-okaskannel-hundujuhti-ja-abijuhti\/\",\"url\":\"https:\/\/skaut.ee\/en\/kontakt-2\/skaudiuksused\/lipkonda-okaskannel-hundujuhti-ja-abijuhti\/\",\"name\":\"Otsime lipkonda Okaskannel juhti ning abijuhti - Skaut\",\"isPartOf\":{\"@id\":\"https:\/\/skaut.ee\/#website\"},\"primaryImageOfPage\":{\"@id\":\"https:\/\/skaut.ee\/en\/kontakt-2\/skaudiuksused\/lipkonda-okaskannel-hundujuhti-ja-abijuhti\/#primaryimage\"},\"image\":{\"@id\":\"https:\/\/skaut.ee\/en\/kontakt-2\/skaudiuksused\/lipkonda-okaskannel-hundujuhti-ja-abijuhti\/#primaryimage\"},\"thumbnailUrl\":\"https:\/\/skaut.ee\/wp-content\/uploads\/2020\/02\/Okaskannel-koondus-1-1024x393.jpg\",\"datePublished\":\"2020-02-28T11:29:29+00:00\",\"breadcrumb\":{\"@id\":\"https:\/\/skaut.ee\/en\/kontakt-2\/skaudiuksused\/lipkonda-okaskannel-hundujuhti-ja-abijuhti\/#breadcrumb\"},\"inLanguage\":\"en-US\",\"potentialAction\":[{\"@type\":\"ReadAction\",\"target\":[\"https:\/\/skaut.ee\/en\/kontakt-2\/skaudiuksused\/lipkonda-okaskannel-hundujuhti-ja-abijuhti\/\"]}]},{\"@type\":\"ImageObject\",\"inLanguage\":\"en-US\",\"@id\":\"https:\/\/skaut.ee\/en\/kontakt-2\/skaudiuksused\/lipkonda-okaskannel-hundujuhti-ja-abijuhti\/#primaryimage\",\"url\":\"https:\/\/skaut.ee\/wp-content\/uploads\/2020\/02\/Okaskannel-koondus-1-1024x393.jpg\",\"contentUrl\":\"https:\/\/skaut.ee\/wp-content\/uploads\/2020\/02\/Okaskannel-koondus-1-1024x393.jpg\"},{\"@type\":\"BreadcrumbList\",\"@id\":\"https:\/\/skaut.ee\/en\/kontakt-2\/skaudiuksused\/lipkonda-okaskannel-hundujuhti-ja-abijuhti\/#breadcrumb\",\"itemListElement\":[{\"@type\":\"ListItem\",\"position\":1,\"name\":\"Home\",\"item\":\"https:\/\/skaut.ee\/en\/\"},{\"@type\":\"ListItem\",\"position\":2,\"name\":\"CONTACT\",\"item\":\"https:\/\/skaut.ee\/en\/kontakt-2\/\"},{\"@type\":\"ListItem\",\"position\":3,\"name\":\"Units\",\"item\":\"https:\/\/skaut.ee\/en\/kontakt-2\/skaudiuksused\/\"},{\"@type\":\"ListItem\",\"position\":4,\"name\":\"Otsime lipkonda Okaskannel juhti ning abijuhti\"}]},{\"@type\":\"WebSite\",\"@id\":\"https:\/\/skaut.ee\/#website\",\"url\":\"https:\/\/skaut.ee\/\",\"name\":\"Skaut\",\"description\":\"Eesti Skautide \u00dchingu koduleht\",\"potentialAction\":[{\"@type\":\"SearchAction\",\"target\":{\"@type\":\"EntryPoint\",\"urlTemplate\":\"https:\/\/skaut.ee\/?s={search_term_string}\"},\"query-input\":{\"@type\":\"PropertyValueSpecification\",\"valueRequired\":true,\"valueName\":\"search_term_string\"}}],\"inLanguage\":\"en-US\"}]}<\/script>\n<!-- \/ Yoast SEO plugin. -->","yoast_head_json":{"title":"Otsime lipkonda Okaskannel juhti ning abijuhti - Skaut","robots":{"index":"index","follow":"follow","max-snippet":"max-snippet:-1","max-image-preview":"max-image-preview:large","max-video-preview":"max-video-preview:-1"},"canonical":"https:\/\/skaut.ee\/en\/kontakt-2\/skaudiuksused\/lipkonda-okaskannel-hundujuhti-ja-abijuhti\/","og_locale":"en_US","og_type":"article","og_title":"Otsime lipkonda Okaskannel juhti ning abijuhti - Skaut","og_description":"Otsime lipkonda Okaskannel juhatuse liikmeid Lisaks juhtidele ootame t\u00e4iskasvanuid lipkonna juhatusse, et lipkonnasisesed \u00fcritused toimuksid regulaarselt, infovahetus oleks selge ja...","og_url":"https:\/\/skaut.ee\/en\/kontakt-2\/skaudiuksused\/lipkonda-okaskannel-hundujuhti-ja-abijuhti\/","og_site_name":"Skaut","og_image":[{"url":"https:\/\/skaut.ee\/wp-content\/uploads\/2020\/02\/Okaskannel-koondus-1-1024x393.jpg","type":"","width":"","height":""}],"twitter_card":"summary_large_image","schema":{"@context":"https:\/\/schema.org","@graph":[{"@type":"WebPage","@id":"https:\/\/skaut.ee\/en\/kontakt-2\/skaudiuksused\/lipkonda-okaskannel-hundujuhti-ja-abijuhti\/","url":"https:\/\/skaut.ee\/en\/kontakt-2\/skaudiuksused\/lipkonda-okaskannel-hundujuhti-ja-abijuhti\/","name":"Otsime lipkonda Okaskannel juhti ning abijuhti - Skaut","isPartOf":{"@id":"https:\/\/skaut.ee\/#website"},"primaryImageOfPage":{"@id":"https:\/\/skaut.ee\/en\/kontakt-2\/skaudiuksused\/lipkonda-okaskannel-hundujuhti-ja-abijuhti\/#primaryimage"},"image":{"@id":"https:\/\/skaut.ee\/en\/kontakt-2\/skaudiuksused\/lipkonda-okaskannel-hundujuhti-ja-abijuhti\/#primaryimage"},"thumbnailUrl":"https:\/\/skaut.ee\/wp-content\/uploads\/2020\/02\/Okaskannel-koondus-1-1024x393.jpg","datePublished":"2020-02-28T11:29:29+00:00","breadcrumb":{"@id":"https:\/\/skaut.ee\/en\/kontakt-2\/skaudiuksused\/lipkonda-okaskannel-hundujuhti-ja-abijuhti\/#breadcrumb"},"inLanguage":"en-US","potentialAction":[{"@type":"ReadAction","target":["https:\/\/skaut.ee\/en\/kontakt-2\/skaudiuksused\/lipkonda-okaskannel-hundujuhti-ja-abijuhti\/"]}]},{"@type":"ImageObject","inLanguage":"en-US","@id":"https:\/\/skaut.ee\/en\/kontakt-2\/skaudiuksused\/lipkonda-okaskannel-hundujuhti-ja-abijuhti\/#primaryimage","url":"https:\/\/skaut.ee\/wp-content\/uploads\/2020\/02\/Okaskannel-koondus-1-1024x393.jpg","contentUrl":"https:\/\/skaut.ee\/wp-content\/uploads\/2020\/02\/Okaskannel-koondus-1-1024x393.jpg"},{"@type":"BreadcrumbList","@id":"https:\/\/skaut.ee\/en\/kontakt-2\/skaudiuksused\/lipkonda-okaskannel-hundujuhti-ja-abijuhti\/#breadcrumb","itemListElement":[{"@type":"ListItem","position":1,"name":"Home","item":"https:\/\/skaut.ee\/en\/"},{"@type":"ListItem","position":2,"name":"CONTACT","item":"https:\/\/skaut.ee\/en\/kontakt-2\/"},{"@type":"ListItem","position":3,"name":"Units","item":"https:\/\/skaut.ee\/en\/kontakt-2\/skaudiuksused\/"},{"@type":"ListItem","position":4,"name":"Otsime lipkonda Okaskannel juhti ning abijuhti"}]},{"@type":"WebSite","@id":"https:\/\/skaut.ee\/#website","url":"https:\/\/skaut.ee\/","name":"Skaut","description":"Eesti Skautide \u00dchingu koduleht","potentialAction":[{"@type":"SearchAction","target":{"@type":"EntryPoint","urlTemplate":"https:\/\/skaut.ee\/?s={search_term_string}"},"query-input":{"@type":"PropertyValueSpecification","valueRequired":true,"valueName":"search_term_string"}}],"inLanguage":"en-US"}]}},"_links":{"self":[{"href":"https:\/\/skaut.ee\/en\/wp-json\/wp\/v2\/pages\/10223","targetHints":{"allow":["GET"]}}],"collection":[{"href":"https:\/\/skaut.ee\/en\/wp-json\/wp\/v2\/pages"}],"about":[{"href":"https:\/\/skaut.ee\/en\/wp-json\/wp\/v2\/types\/page"}],"author":[{"embeddable":true,"href":"https:\/\/skaut.ee\/en\/wp-json\/wp\/v2\/users\/6"}],"replies":[{"embeddable":true,"href":"https:\/\/skaut.ee\/en\/wp-json\/wp\/v2\/comments?post=10223"}],"version-history":[{"count":0,"href":"https:\/\/skaut.ee\/en\/wp-json\/wp\/v2\/pages\/10223\/revisions"}],"up":[{"embeddable":true,"href":"https:\/\/skaut.ee\/en\/wp-json\/wp\/v2\/pages\/10220"}],"wp:attachment":[{"href":"https:\/\/skaut.ee\/en\/wp-json\/wp\/v2\/media?parent=10223"}],"curies":[{"name":"wp","href":"https:\/\/api.w.org\/{rel}","templated":true}]}}