{"id":10207,"date":"2019-12-08T17:51:12","date_gmt":"2019-12-08T15:51:12","guid":{"rendered":"https:\/\/skaut.ee\/liitu\/liikmemaks\/"},"modified":"2026-01-22T14:47:09","modified_gmt":"2026-01-22T12:47:09","slug":"liikmemaks","status":"publish","type":"page","link":"https:\/\/skaut.ee\/en\/liitu\/liikmemaks\/","title":{"rendered":"Membership fee"},"content":{"rendered":"\n<p><strong><strong>Our membership fee in 2026 is 30 euros.<\/strong><\/strong><\/p>\n\n\n\n<p><strong>Family discounts <\/strong>apply for multiple members from the same family:<\/p>\n\n\n\n<ul class=\"wp-block-list\">\n<li>1st member of the family \u2013<strong> 30 euros<\/strong>,<\/li>\n\n\n\n<li>2nd member of the family \u2013 <strong>24 euros<\/strong>,<\/li>\n\n\n\n<li>3th member of the family \u2013<strong> 6 euros<\/strong>.<\/li>\n<\/ul>\n\n\n\n<p>If you have three or more members in your family, you can pay <strong>family member fee 60 euros per the whole family<\/strong>. In this case please just write all the members names to the description line in bank transfer or by paying through our webshop to the information box there. <\/p>\n\n\n\n<p><strong>New members<\/strong> who join the Estonian Scouts Association <strong>after the 1st of October 2026<\/strong> are eligible for a membership fee discount for October-December 2026 &#8211;<strong> 15 euros<\/strong>.<\/p>\n\n\n\n<p>The membership fee is non-refundable.<\/p>\n\n\n\n<hr class=\"wp-block-separator has-css-opacity\"\/>\n\n\n\n<h3 class=\"wp-block-heading\">Supportter membership fee<\/h3>\n\n\n\n<p>If you want to support the activities of the Estonian Scouts Association, you can pay a <strong>supporter membership fee<\/strong>, which <strong>starts from 31 euros.<\/strong> Please indicate &#8220;<strong>supporter membership fee<\/strong>&#8221; in the payment details. <strong>To receive a tax deduction for the supported amount, please also include your personal identification code in the payment details.<\/strong><\/p>\n\n\n\n<p>P.S. If you do not want your name to be published in the list of supporters of the Estonian Scouts Association, please also indicate this in the payment details (for example, &#8220;anonymous donation&#8221;).<\/p>\n\n\n\n<p>It is also possible to designate the income received from the tax return as a donation directly to the ES\u00dc account when filling out the tax return.<\/p>\n\n\n\n<hr class=\"wp-block-separator has-css-opacity\"\/>\n\n\n\n<h3 class=\"wp-block-heading\">Payment<\/h3>\n\n\n\n<p>The Estonian Scouts Association collects membership fees separately for each member. There are two ways to pay membership fees:<\/p>\n\n\n\n<p>1. Make a transfer to LHV bank: account number&nbsp;<strong>EE687700771000674448<\/strong>, reciever Eesti Skautide \u00dching and add description \u201e<strong>MEMBERSHIP FEE\/ NAME OF THE UNIT \/ Name Lastname 15EUR, Name Lastname 12EUR<\/strong>\u201c. If you are paying for a group of people you can add the description &#8220;<strong>MEMBERSHIP FEE \/ NAME OF THE UNIT \/ 21\u00d715EUR, 5\u00d712EUR, 2\u00d79EUR<\/strong>\u201c + send an email to our members coordinator at&nbsp;<a href=\"mailto:aneth.kond@skaut.ee\">aneth.kond@skaut.ee<\/a>, to the email you should add the names and amounts for whom did you pay for.<\/p>\n\n\n\n<p>2. Visit our Scout Shop and choose &#8220;<a href=\"https:\/\/skaut.ee\/toode\/esu-liikmemaks-2023\/\">ES\u00dc liikmemaks 2026<\/a>&#8220;. Choose the appropriate membership fee amount and complete the purchase. If paying for multiple members, <span style=\"text-decoration: underline;\">add the names of all members in the notes field<\/span>.<\/p>\n\n\n\n<hr class=\"wp-block-separator has-alpha-channel-opacity\"\/>\n\n\n\n<h3 class=\"wp-block-heading\">Membership fee exemption<\/h3>\n\n\n\n<p>If there are members in your unit who cannot pay the annual membership fee, <strong>you can ask for the membership fee exemption.<\/strong> For that you should write an email to <a href=\"mailto:finants@skaut.ee\">finants@skaut.ee<\/a>.<\/p>\n\n\n\n<p>You can use the example:<\/p>\n\n\n\n<p><em>Please exempt<\/em> <em>the following members from Estonian Scouts Association&#8217;s annual membership fee for the year 202<\/em>3: <em>John Miller, Jane Miller.<\/em><\/p>\n\n\n\n<p><em>Anne Adams<\/em><br><em>M\u00e4nnimetsa unit leader <\/em><\/p>\n\n\n\n<p>The board of Estonian Scouts Association will look into the application and confirm the request. You do not need to write a new application for a new year. It is enough to send an email to finants@skaut.ee saying <em>&#8220;John and Jane are also active member this year and will continue to use the exemption of the membership fee.&#8221;<\/em>.<\/p>\n\n\n\n<p><\/p>\n\n\n\n<p>It is also possible to apply for a membership fee exemption for adult members (including yourself). However, adult members must submit a new application each year.<\/p>\n\n\n\n<hr class=\"wp-block-separator has-css-opacity\"\/>\n\n\n\n<p><br><\/p>\n\n\n<p><!--EndFragment--><\/p>","protected":false},"excerpt":{"rendered":"<p>Our membership fee in 2026 is 30 euros. Family discounts apply for multiple members from the same family: If you&#8230;<\/p>\n","protected":false},"author":1,"featured_media":0,"parent":10205,"menu_order":2,"comment_status":"closed","ping_status":"closed","template":"page-templates\/tpl-no-sidebar.php","meta":{"_acf_changed":false,"inline_featured_image":false,"_monsterinsights_skip_tracking":false,"_monsterinsights_sitenote_active":false,"_monsterinsights_sitenote_note":"","_monsterinsights_sitenote_category":0,"cybocfi_hide_featured_image":"","footnotes":"","_links_to":"","_links_to_target":""},"class_list":["post-10207","page","type-page","status-publish","hentry"],"acf":[],"yoast_head":"<!-- This site is optimized with the Yoast SEO plugin v27.0 - https:\/\/yoast.com\/product\/yoast-seo-wordpress\/ -->\n<title>Membership fee - Skaut<\/title>\n<meta name=\"robots\" content=\"index, follow, max-snippet:-1, max-image-preview:large, max-video-preview:-1\" \/>\n<link rel=\"canonical\" href=\"https:\/\/skaut.ee\/en\/liitu\/liikmemaks\/\" \/>\n<meta property=\"og:locale\" content=\"en_US\" \/>\n<meta property=\"og:type\" content=\"article\" \/>\n<meta property=\"og:title\" content=\"Membership fee - Skaut\" \/>\n<meta property=\"og:description\" content=\"Our membership fee in 2026 is 30 euros. Family discounts apply for multiple members from the same family: If you...\" \/>\n<meta property=\"og:url\" content=\"https:\/\/skaut.ee\/en\/liitu\/liikmemaks\/\" \/>\n<meta property=\"og:site_name\" content=\"Skaut\" \/>\n<meta property=\"article:modified_time\" content=\"2026-01-22T12:47:09+00:00\" \/>\n<meta name=\"twitter:card\" content=\"summary_large_image\" \/>\n<meta name=\"twitter:label1\" content=\"Est. reading time\" \/>\n\t<meta name=\"twitter:data1\" content=\"3 minutes\" \/>\n<script type=\"application\/ld+json\" class=\"yoast-schema-graph\">{\"@context\":\"https:\/\/schema.org\",\"@graph\":[{\"@type\":\"WebPage\",\"@id\":\"https:\/\/skaut.ee\/en\/liitu\/liikmemaks\/\",\"url\":\"https:\/\/skaut.ee\/en\/liitu\/liikmemaks\/\",\"name\":\"Membership fee - Skaut\",\"isPartOf\":{\"@id\":\"https:\/\/skaut.ee\/#website\"},\"datePublished\":\"2019-12-08T15:51:12+00:00\",\"dateModified\":\"2026-01-22T12:47:09+00:00\",\"breadcrumb\":{\"@id\":\"https:\/\/skaut.ee\/en\/liitu\/liikmemaks\/#breadcrumb\"},\"inLanguage\":\"en-US\",\"potentialAction\":[{\"@type\":\"ReadAction\",\"target\":[\"https:\/\/skaut.ee\/en\/liitu\/liikmemaks\/\"]}]},{\"@type\":\"BreadcrumbList\",\"@id\":\"https:\/\/skaut.ee\/en\/liitu\/liikmemaks\/#breadcrumb\",\"itemListElement\":[{\"@type\":\"ListItem\",\"position\":1,\"name\":\"Home\",\"item\":\"https:\/\/skaut.ee\/en\/\"},{\"@type\":\"ListItem\",\"position\":2,\"name\":\"JOIN US\",\"item\":\"https:\/\/skaut.ee\/en\/liitu\/\"},{\"@type\":\"ListItem\",\"position\":3,\"name\":\"Membership fee\"}]},{\"@type\":\"WebSite\",\"@id\":\"https:\/\/skaut.ee\/#website\",\"url\":\"https:\/\/skaut.ee\/\",\"name\":\"Skaut\",\"description\":\"Eesti Skautide \u00dchingu koduleht\",\"potentialAction\":[{\"@type\":\"SearchAction\",\"target\":{\"@type\":\"EntryPoint\",\"urlTemplate\":\"https:\/\/skaut.ee\/?s={search_term_string}\"},\"query-input\":{\"@type\":\"PropertyValueSpecification\",\"valueRequired\":true,\"valueName\":\"search_term_string\"}}],\"inLanguage\":\"en-US\"}]}<\/script>\n<!-- \/ Yoast SEO plugin. -->","yoast_head_json":{"title":"Membership fee - Skaut","robots":{"index":"index","follow":"follow","max-snippet":"max-snippet:-1","max-image-preview":"max-image-preview:large","max-video-preview":"max-video-preview:-1"},"canonical":"https:\/\/skaut.ee\/en\/liitu\/liikmemaks\/","og_locale":"en_US","og_type":"article","og_title":"Membership fee - Skaut","og_description":"Our membership fee in 2026 is 30 euros. Family discounts apply for multiple members from the same family: If you...","og_url":"https:\/\/skaut.ee\/en\/liitu\/liikmemaks\/","og_site_name":"Skaut","article_modified_time":"2026-01-22T12:47:09+00:00","twitter_card":"summary_large_image","twitter_misc":{"Est. reading time":"3 minutes"},"schema":{"@context":"https:\/\/schema.org","@graph":[{"@type":"WebPage","@id":"https:\/\/skaut.ee\/en\/liitu\/liikmemaks\/","url":"https:\/\/skaut.ee\/en\/liitu\/liikmemaks\/","name":"Membership fee - Skaut","isPartOf":{"@id":"https:\/\/skaut.ee\/#website"},"datePublished":"2019-12-08T15:51:12+00:00","dateModified":"2026-01-22T12:47:09+00:00","breadcrumb":{"@id":"https:\/\/skaut.ee\/en\/liitu\/liikmemaks\/#breadcrumb"},"inLanguage":"en-US","potentialAction":[{"@type":"ReadAction","target":["https:\/\/skaut.ee\/en\/liitu\/liikmemaks\/"]}]},{"@type":"BreadcrumbList","@id":"https:\/\/skaut.ee\/en\/liitu\/liikmemaks\/#breadcrumb","itemListElement":[{"@type":"ListItem","position":1,"name":"Home","item":"https:\/\/skaut.ee\/en\/"},{"@type":"ListItem","position":2,"name":"JOIN US","item":"https:\/\/skaut.ee\/en\/liitu\/"},{"@type":"ListItem","position":3,"name":"Membership fee"}]},{"@type":"WebSite","@id":"https:\/\/skaut.ee\/#website","url":"https:\/\/skaut.ee\/","name":"Skaut","description":"Eesti Skautide \u00dchingu koduleht","potentialAction":[{"@type":"SearchAction","target":{"@type":"EntryPoint","urlTemplate":"https:\/\/skaut.ee\/?s={search_term_string}"},"query-input":{"@type":"PropertyValueSpecification","valueRequired":true,"valueName":"search_term_string"}}],"inLanguage":"en-US"}]}},"_links":{"self":[{"href":"https:\/\/skaut.ee\/en\/wp-json\/wp\/v2\/pages\/10207","targetHints":{"allow":["GET"]}}],"collection":[{"href":"https:\/\/skaut.ee\/en\/wp-json\/wp\/v2\/pages"}],"about":[{"href":"https:\/\/skaut.ee\/en\/wp-json\/wp\/v2\/types\/page"}],"author":[{"embeddable":true,"href":"https:\/\/skaut.ee\/en\/wp-json\/wp\/v2\/users\/1"}],"replies":[{"embeddable":true,"href":"https:\/\/skaut.ee\/en\/wp-json\/wp\/v2\/comments?post=10207"}],"version-history":[{"count":2,"href":"https:\/\/skaut.ee\/en\/wp-json\/wp\/v2\/pages\/10207\/revisions"}],"predecessor-version":[{"id":15206,"href":"https:\/\/skaut.ee\/en\/wp-json\/wp\/v2\/pages\/10207\/revisions\/15206"}],"up":[{"embeddable":true,"href":"https:\/\/skaut.ee\/en\/wp-json\/wp\/v2\/pages\/10205"}],"wp:attachment":[{"href":"https:\/\/skaut.ee\/en\/wp-json\/wp\/v2\/media?parent=10207"}],"curies":[{"name":"wp","href":"https:\/\/api.w.org\/{rel}","templated":true}]}}