{"id":10201,"date":"2019-09-10T12:56:58","date_gmt":"2019-09-10T09:56:58","guid":{"rendered":"https:\/\/skaut.ee\/liikmele\/edutused-ja-teenetemargid\/"},"modified":"2019-09-10T12:56:58","modified_gmt":"2019-09-10T09:56:58","slug":"edutused-ja-teenetemargid","status":"publish","type":"page","link":"https:\/\/skaut.ee\/en\/liikmele\/edutused-ja-teenetemargid\/","title":{"rendered":"Edutused ja teenetem\u00e4rgid"},"content":{"rendered":"\n<p>ES\u00dcs on v\u00f5imalik tublisid ja eeskujulikke skaute edutada. Kuni 18-aastaste ES\u00dc liikmete edutusi antakse \u00fcldjuhul \u00fcle J\u00fcrip\u00e4eval ning t\u00e4iskasvanute\/juhtide edutusi ja tunnustusi T\u00e4nu\u00f5htul.<\/p>\n\n\n\n<p>Edutus- ja teenetem\u00e4rgi esildiste t\u00e4itmiseks edastab ES\u00dc juhatus iga-aastaselt juhtidele info koos esildise esitamise&nbsp;t\u00e4htajaga. Edutusesildise t\u00e4idab reeglina skaudijuht, samas v\u00f5ib ka ES\u00dc juhatus teha omapoolseid ettepanekuid t\u00e4iskasvanutele\/juhtidele edutuse v\u00f5i teenetem\u00e4rgi andmiseks.&nbsp;K\u00f5ik edutus- ja teenetem\u00e4rkide esildised vaatab l\u00e4bi ja teeb otsuse ES\u00dc juhatus.&nbsp;Peale juhatuse otsust on edutuse esitajal kohustus tasuda esitatud edutus- ja &nbsp;teenetem\u00e4rkide eest. Makseinfo saadab ES\u00dc kontor eraldi e-mailile.<\/p>\n\n\n\n<p>Edutusm\u00e4rki kantakse vormipluusi parema rinnatasku liistu keskel ja tunnustusm\u00e4rki tasku kohal. Kantakse ainult k\u00f5rgeimat m\u00e4rki. K\u00f5ikidele edutuste v\u00f5i teenetem\u00e4rkide saajatele antakse ka vastav tunnistus.<\/p>\n\n\n\n<p><strong>Noore edutusesildise saad esitada <a href=\"https:\/\/skaut.ee\/en\/edutusesildis-noor\/\" target=\"_blank\" rel=\"noreferrer noopener\">SIIN<\/a><\/strong><\/p>\n\n\n\n<p><strong>T\u00e4iskasvanu edutusesildise saad esitada&nbsp;&nbsp;<a href=\"https:\/\/skaut.ee\/liikmele\/edutused-ja-teenetemargid\/edutusesildis\/\" target=\"_blank\" rel=\"noreferrer noopener\">SIIN<\/a><\/strong><\/p>\n\n\n\n<p><strong>Aasta skaudijuhi saad esitada <a href=\"https:\/\/skaut.ee\/en\/aasta-skaudijuht\/\" target=\"_blank\" rel=\"noreferrer noopener\">SIIN<\/a><\/strong><\/p>\n\n\n\n<p><strong>Aasta s\u00e4rasilma ja Aasta vabatahtliku saad esitada <a href=\"https:\/\/skaut.ee\/en\/aasta-vabatahtlik-aasta-sarasilm\/\" target=\"_blank\" rel=\"noreferrer noopener\">SIIN<\/a><\/strong><\/p>\n\n\n\n<hr class=\"wp-block-separator has-css-opacity\"\/>\n\n\n\n<h3 class=\"wp-block-heading\">HUNDUDE EDUTUSED<\/h3>\n\n\n\n<h4 class=\"wp-block-heading\">Hoolas hundu<\/h4>\n\n\n\n<p>Hoolsa hundu nimetuse koos vastava m\u00e4rgi kandmise \u00f5igusega v\u00f5ib anda hundule, kes on v\u00e4hemalt kahek\u00f5rva hundu, on tubli ning j\u00e4rgib hundu seadusi ja lubadust.<\/p>\n\n\n\n<p>Hoolsa hundu nimetus antakse vastava \u00fcksuse juhatuse ettepanekul, ES\u00dc juhatuse otsusega.<\/p>\n\n\n\n<figure class=\"wp-block-image is-resized\"><img loading=\"lazy\" decoding=\"async\" src=\"https:\/\/skaut.ee\/images\/hoolas_hundu.jpg\" alt=\"\" width=\"360\" height=\"270\"\/><\/figure>\n\n\n\n<h4 class=\"wp-block-heading\">Eeskujulik hundu<\/h4>\n\n\n\n<p>Eeskujuliku hundu nimetuse koos vastava m\u00e4rgi kandmise \u00f5igusega v\u00f5ib anda hundule, kes on v\u00e4hemalt laanek\u00e4pa hundu, on v\u00e4hemalt 1,5 aastat olnud hoolas hundu, v\u00f5tab aktiivselt osa pesa ja karja tegevusest, j\u00e4rgib laitmatult hundu seadusi ja lubadust.<\/p>\n\n\n\n<p>Eeskujuliku hundu nimetus antakse vastava piirkondliku \u00fcksuse juhatuse ettepanekul, ES\u00dc juhatuse otsusega.<\/p>\n\n\n\n<figure class=\"wp-block-image is-resized\"><img loading=\"lazy\" decoding=\"async\" src=\"https:\/\/skaut.ee\/images\/eeskujulik_hundu.jpg\" alt=\"\" width=\"360\" height=\"270\"\/><\/figure>\n\n\n\n<hr class=\"wp-block-separator has-css-opacity\"\/>\n\n\n\n<h3 class=\"wp-block-heading\">SKAUTIDE EDUTUSED<\/h3>\n\n\n\n<h4 class=\"wp-block-heading\">Hoolas skaut<\/h4>\n\n\n\n<p>Hoolsa skaudi nimetuse koos vastava m\u00e4rgi kandmise \u00f5igusega v\u00f5ib anda skaudile, kes omab skaudina v\u00e4hemalt kase v\u00f5i vanemskaudina majaka II korruse tasemej\u00e4rku, on aktiivselt osalenud salga ja r\u00fchma tegevuses, j\u00e4rgib skaudi seadusi ja t\u00f5otust.<\/p>\n\n\n\n<p>Hoolsa skaudi nimetus antakse vastava \u00fcksuse juhatuse ettepanekul, ES\u00dc juhatuse otsusega.<\/p>\n\n\n\n<figure class=\"wp-block-image is-resized\"><img loading=\"lazy\" decoding=\"async\" src=\"https:\/\/skaut.ee\/images\/hoolas_skaut.jpg\" alt=\"\" width=\"360\" height=\"270\"\/><\/figure>\n\n\n\n<h4 class=\"wp-block-heading\">Eeskujulik skaut<\/h4>\n\n\n\n<p>Eeskujuliku skaudi nimetuse koos vastava m\u00e4rgi kandmise \u00f5igusega v\u00f5ib anda skaudile, kes omab skaudina v\u00e4hemalt kuuse, vanemskaudina majaka I korruse tasemej\u00e4rku v\u00f5i r\u00e4ndurina I j\u00e4rku, on v\u00e4hemalt 1,5 aastat olnud hoolas skaut, on v\u00e4hemalt \u00fche aasta tegutsenud \u00fcksuse juhina v\u00f5i abijuhina, v\u00f5tab aktiivselt osa \u00fcksuse tegevusest, on aktiivne ja teeninud edutuse \u00e4ra oma arengu ja k\u00e4itumisega, j\u00e4rgib laitmatult skaudi seadusi ja t\u00f5otust.<\/p>\n\n\n\n<p>Eeskujuliku skaudi nimetus antakse vastava piirkondliku \u00fcksuse juhatuse v\u00f5i ES\u00dc juhatuse ettepanekul, juhatuse otsusel.<\/p>\n\n\n\n<p>Erandkorras v\u00f5ib skaudijuhile, kes liitub skautlusega t\u00e4iskasvanu eas, anda esimese edutusena eeskujuliku skaudi nimetuse. <\/p>\n\n\n\n<figure class=\"wp-block-image is-resized\"><img loading=\"lazy\" decoding=\"async\" src=\"https:\/\/skaut.ee\/images\/eeskujulik_skaut.jpg\" alt=\"\" width=\"360\" height=\"270\"\/><\/figure>\n\n\n\n<hr class=\"wp-block-separator has-css-opacity\"\/>\n\n\n\n<h3 class=\"wp-block-heading\">SKAUDIJUHILE ANTAVAD EDUTUSED<\/h3>\n\n\n\n<h4 class=\"wp-block-heading\">Nooremskautmaster<\/h4>\n\n\n\n<p>Nooremskautmasteri nimetuse koos vastava m\u00e4rgi kandmise \u00f5igusega v\u00f5ib anda skaudijuhile, kes on v\u00e4hemalt 21-aastane, on kuulunud ES\u00dc-sse v\u00e4hemalt kolm aastat, on olnud eeskujulik skaut v\u00e4hemalt kaks aastat, on  soovituslikult l\u00f5petanud Metsam\u00e4rgi kursuse ja olnud v\u00e4hemalt kolm aastat j\u00e4rjest r\u00fchmajuht v\u00f5i k\u00f5rgema \u00fcksuse staabi liige, tunneb skautlikku kasvatuss\u00fcsteemi ja sihte ning on neid oskuslikult rakendanud oma tegevuses juhina, on eeskujuliku k\u00e4itumisega ja juhile sobiva iseloomuga.<\/p>\n\n\n\n<p>Nooremskautmasteri nimetus antakse vastava piirkondliku \u00fcksuse juhatuse, ES\u00dc juhatuse v\u00f5i Skautmasterite Kogu juhatuse ettepanekul, ES\u00dc juhatuse otsusega Skautmasterite Kogu juhatuse n\u00f5usolekul.<\/p>\n\n\n\n<figure class=\"wp-block-image is-resized\"><img loading=\"lazy\" decoding=\"async\" src=\"https:\/\/skaut.ee\/images\/nooremskautmaster.jpg\" alt=\"\" width=\"360\" height=\"270\"\/><\/figure>\n\n\n\n<h4 class=\"wp-block-heading\">Skautmasteri v\u00e4itekirja kaitsmise \u00f5igus<\/h4>\n\n\n\n<p>Juhatuse ja Skautmasterite Kogu juhatuse n\u00f5usolekul antakse skautmasteri kandidaadile \u00f5igus kaitsta skautmasteri v\u00e4itekiri. V\u00e4itekirja teema valib skautmasteri kandidaat, mille kinnitab Skautmasterite Kogu juhatus.<\/p>\n\n\n\n<p>Skautmasterite Kogu juhatus m\u00e4\u00e4rab v\u00e4itekirja kaitsjale v\u00e4hemalt kaks oponenti ning korraldab k\u00f5igile ES\u00dc liikmetele avatud v\u00e4itekirja kaitsmise istungi, teatades sellest kirjalikult k\u00f5igile Skautmasterite Kogu liikmetele ning piirkondlikele \u00fcksustele. Skautmasterite Kogu juhatus, oponendid ning Skautmasterite Kogusse kuuluvad juhatuse liikmed teevad otsuse, kas v\u00e4itekirja kaitsja on skautmasteri nimetuse v\u00e4\u00e4riline.<\/p>\n\n\n\n<p>Skautmasteri v\u00e4itekirja edukal kaitsmisel antakse juhatuse otsusega nooremskautmasterile skautmasteri nimetus.<\/p>\n\n\n\n<p>Juhul, kui nooremskautmaster, kellele on antud \u00f5igus kaitsta skautmasteri v\u00e4itekiri, ei koosta v\u00e4itekirja viie aasta jooksul, siis kaotab ta \u00f5iguse kaitsta v\u00e4itekirja. V\u00e4itekirja kaitsmise \u00f5igust v\u00f5ib anda \u00fchele nooremskautmasterile korduvalt.<\/p>\n\n\n\n<h4 class=\"wp-block-heading\">Skautmaster<\/h4>\n\n\n\n<p>Skautmasteri nimetuse koos vastava m\u00e4rgi kandmise \u00f5igusega v\u00f5ib anda skaudijuhile, kes on olnud nooremskautmaster v\u00e4hemalt kolm aastat, omab silmapaistvaid teeneid skautluse ees ja on aidanud kaasa skautluse arengule.<\/p>\n\n\n\n<p>Skautmasteri nimetus antakse juhatuse, Skautmasterite Kogu juhatuse v\u00f5i v\u00e4hemalt kolme skautmasteri ettepanekul, juhatuse otsusega.<\/p>\n\n\n\n<p>Erandkorras, eriti suurte teenete eest, v\u00f5ib nooremskautmasteri edutada skautmasteriks ilma vastava v\u00e4itekirja kaitsmiseta, juhatuse otsusega Skautmasterite Kogu juhatuse n\u00f5usolekul.<\/p>\n\n\n\n<figure class=\"wp-block-image is-resized\"><img loading=\"lazy\" decoding=\"async\" src=\"https:\/\/skaut.ee\/images\/skautmaster.jpg\" alt=\"\" width=\"360\" height=\"270\"\/><\/figure>\n\n\n\n<hr class=\"wp-block-separator has-css-opacity\"\/>\n\n\n\n<h3 class=\"wp-block-heading\">TEENETEM\u00c4RGID T\u00c4ISKASVANUTELE\/JUHTIDELE<\/h3>\n\n\n\n<div class=\"wp-block-columns is-layout-flex wp-container-core-columns-is-layout-9d6595d7 wp-block-columns-is-layout-flex\">\n<div class=\"wp-block-column is-layout-flow wp-block-column-is-layout-flow\">\n<p> <strong><a rel=\"noreferrer noopener\" href=\"https:\/\/skaut.ee\/images\/Dokumendid\/erijuhendid\/Rajataht.pdf\" target=\"_blank\">Teenetem\u00e4rk Rajat\u00e4ht<\/a><\/strong>&nbsp;(III, II ja I j\u00e4rk) <\/p>\n\n\n\n<figure class=\"wp-block-image size-large is-resized\"><img loading=\"lazy\" decoding=\"async\" src=\"https:\/\/skaut.ee\/wp-content\/uploads\/2019\/12\/rajataht.jpg\" alt=\"\" class=\"wp-image-2121\" width=\"357\" height=\"268\" srcset=\"https:\/\/skaut.ee\/wp-content\/uploads\/2019\/12\/rajataht.jpg 720w, https:\/\/skaut.ee\/wp-content\/uploads\/2019\/12\/rajataht-181x136.jpg 181w, https:\/\/skaut.ee\/wp-content\/uploads\/2019\/12\/rajataht-260x195.jpg 260w, https:\/\/skaut.ee\/wp-content\/uploads\/2019\/12\/rajataht-112x84.jpg 112w, https:\/\/skaut.ee\/wp-content\/uploads\/2019\/12\/rajataht-80x60.jpg 80w, https:\/\/skaut.ee\/wp-content\/uploads\/2019\/12\/rajataht-100x75.jpg 100w, https:\/\/skaut.ee\/wp-content\/uploads\/2019\/12\/rajataht-30x23.jpg 30w\" sizes=\"auto, (max-width: 357px) 100vw, 357px\" \/><\/figure>\n<\/div>\n\n\n\n<div class=\"wp-block-column is-layout-flow wp-block-column-is-layout-flow\">\n<p> <a rel=\"noreferrer noopener\" href=\"https:\/\/skaut.ee\/images\/Dokumendid\/erijuhendid\/Pohjataht.pdf\" target=\"_blank\"><strong>Teenetem\u00e4rk P\u00f5hjat\u00e4ht<\/strong><\/a>&nbsp;(III, II ja I j\u00e4rk) <\/p>\n\n\n\n<figure class=\"wp-block-image size-large is-resized\"><img loading=\"lazy\" decoding=\"async\" src=\"https:\/\/skaut.ee\/wp-content\/uploads\/2019\/12\/pohjataht.jpg\" alt=\"\" class=\"wp-image-2123\" width=\"357\" height=\"269\" srcset=\"https:\/\/skaut.ee\/wp-content\/uploads\/2019\/12\/pohjataht.jpg 720w, https:\/\/skaut.ee\/wp-content\/uploads\/2019\/12\/pohjataht-181x136.jpg 181w, https:\/\/skaut.ee\/wp-content\/uploads\/2019\/12\/pohjataht-260x195.jpg 260w, https:\/\/skaut.ee\/wp-content\/uploads\/2019\/12\/pohjataht-112x84.jpg 112w, https:\/\/skaut.ee\/wp-content\/uploads\/2019\/12\/pohjataht-80x60.jpg 80w, https:\/\/skaut.ee\/wp-content\/uploads\/2019\/12\/pohjataht-100x75.jpg 100w, https:\/\/skaut.ee\/wp-content\/uploads\/2019\/12\/pohjataht-30x23.jpg 30w\" sizes=\"auto, (max-width: 357px) 100vw, 357px\" \/><\/figure>\n<\/div>\n<\/div>\n\n\n\n<div class=\"wp-block-columns is-layout-flex wp-container-core-columns-is-layout-9d6595d7 wp-block-columns-is-layout-flex\">\n<div class=\"wp-block-column is-layout-flow wp-block-column-is-layout-flow\">\n<p><a rel=\"noreferrer noopener\" href=\"https:\/\/skaut.ee\/images\/Dokumendid\/erijuhendid\/Tammetaht.pdf\" target=\"_blank\"><strong>Teenetem\u00e4rk Tammet\u00e4ht<\/strong><\/a>&nbsp;(II ja I j\u00e4rk)&nbsp;<\/p>\n\n\n\n<figure class=\"wp-block-image size-large is-resized\"><img loading=\"lazy\" decoding=\"async\" src=\"https:\/\/skaut.ee\/wp-content\/uploads\/2019\/12\/Tammet\u00e4ht.jpg\" alt=\"\" class=\"wp-image-2118\" width=\"360\" height=\"260\" srcset=\"https:\/\/skaut.ee\/wp-content\/uploads\/2019\/12\/Tammet\u00e4ht.jpg 428w, https:\/\/skaut.ee\/wp-content\/uploads\/2019\/12\/Tammet\u00e4ht-188x136.jpg 188w, https:\/\/skaut.ee\/wp-content\/uploads\/2019\/12\/Tammet\u00e4ht-260x188.jpg 260w, https:\/\/skaut.ee\/wp-content\/uploads\/2019\/12\/Tammet\u00e4ht-116x84.jpg 116w, https:\/\/skaut.ee\/wp-content\/uploads\/2019\/12\/Tammet\u00e4ht-83x60.jpg 83w, https:\/\/skaut.ee\/wp-content\/uploads\/2019\/12\/Tammet\u00e4ht-100x72.jpg 100w, https:\/\/skaut.ee\/wp-content\/uploads\/2019\/12\/Tammet\u00e4ht-30x22.jpg 30w\" sizes=\"auto, (max-width: 360px) 100vw, 360px\" \/><\/figure>\n<\/div>\n\n\n\n<div class=\"wp-block-column is-layout-flow wp-block-column-is-layout-flow\">\n<p><strong><a rel=\"noreferrer noopener\" href=\"https:\/\/skaut.ee\/images\/Dokumendid\/erijuhendid\/Skaudisober.pdf\" target=\"_blank\">Teenetem\u00e4rk Skaudis\u00f5ber<\/a><\/strong> <\/p>\n\n\n\n<figure class=\"wp-block-image size-large is-resized\"><img loading=\"lazy\" decoding=\"async\" src=\"https:\/\/skaut.ee\/wp-content\/uploads\/2019\/12\/skaudisober.jpg\" alt=\"\" class=\"wp-image-2127\" width=\"352\" height=\"264\" srcset=\"https:\/\/skaut.ee\/wp-content\/uploads\/2019\/12\/skaudisober.jpg 720w, https:\/\/skaut.ee\/wp-content\/uploads\/2019\/12\/skaudisober-181x136.jpg 181w, https:\/\/skaut.ee\/wp-content\/uploads\/2019\/12\/skaudisober-260x195.jpg 260w, https:\/\/skaut.ee\/wp-content\/uploads\/2019\/12\/skaudisober-112x84.jpg 112w, https:\/\/skaut.ee\/wp-content\/uploads\/2019\/12\/skaudisober-80x60.jpg 80w, https:\/\/skaut.ee\/wp-content\/uploads\/2019\/12\/skaudisober-100x75.jpg 100w, https:\/\/skaut.ee\/wp-content\/uploads\/2019\/12\/skaudisober-30x23.jpg 30w\" sizes=\"auto, (max-width: 352px) 100vw, 352px\" \/><\/figure>\n<\/div>\n<\/div>\n\n\n\n<hr class=\"wp-block-separator has-css-opacity\"\/>\n\n\n\n<h4 class=\"wp-block-heading\">Auliige<\/h4>\n\n\n\n<p>ES\u00dc auliikmeks saab valida isikuid, kes on kauaaegselt kaasa aidanud skautluse arengule ning omavad erilisi teeneid skautluse ees. ES\u00dc auliikme nimetus antakse ES\u00dc juhatuse, Skautmasterite Kogu juhatuse, piirkondliku \u00fcksuse juhatuse v\u00f5i v\u00e4hemalt viie skaudijuhi ettepanekul, ES\u00dc juhatuse otsusega.&nbsp;<\/p>\n\n\n\n<p><a href=\"https:\/\/skaut.ee\/liikmele\/edutused-ja-teenetemargid\/esu-auliikmed\/\">ES\u00dc auliikmed l\u00e4bi aegade<\/a><\/p>\n\n\n\n<hr class=\"wp-block-separator has-css-opacity\"\/>\n\n\n\n<h4 class=\"wp-block-heading\">Aasta Skaudijuht<\/h4>\n\n\n\n<p>Aasta Skaudijuhi kandidaadiks saab esitada inimest, kes:<\/p>\n\n\n\n<ul class=\"wp-block-list\"><li>on v\u00e4hemalt 18-aastane ES\u00dc liige;<\/li><li>tegeleb reaalselt m\u00f5ne skaudi\u00fcksuse (v\u00e4hemalt kari v\u00f5i r\u00fchm) juhtimisega;<\/li><li>tal on (peale esitaja) veel kolm v\u00e4hemalt 16-aastast toetajat.<\/li><\/ul>\n\n\n\n<p>Stipendiumi saaja otsustab viieliikmeline komisjon, kuhu kuuluvad kaks juhatuse liiget, \u00fcks aukohtu liige ja kaks varasemalt Aasta Skaudijuhi tiitli p\u00e4lvinud skaudijuhti.<\/p>\n\n\n\n<p><a href=\"https:\/\/skaut.ee\/en\/aasta-skaudijuhid-labi-aegade\/\">Aasta Skaudijuhid l\u00e4bi aegade<\/a><\/p>\n\n\n\n<hr class=\"wp-block-separator has-css-opacity\"\/>\n","protected":false},"excerpt":{"rendered":"<p>ES\u00dcs on v\u00f5imalik tublisid ja eeskujulikke skaute edutada. Kuni 18-aastaste ES\u00dc liikmete edutusi antakse \u00fcldjuhul \u00fcle J\u00fcrip\u00e4eval ning t\u00e4iskasvanute\/juhtide edutusi&#8230;<\/p>\n","protected":false},"author":1,"featured_media":0,"parent":10195,"menu_order":7,"comment_status":"closed","ping_status":"closed","template":"page-templates\/tpl-no-sidebar.php","meta":{"_acf_changed":false,"inline_featured_image":false,"_monsterinsights_skip_tracking":false,"_monsterinsights_sitenote_active":false,"_monsterinsights_sitenote_note":"","_monsterinsights_sitenote_category":0,"cybocfi_hide_featured_image":"","footnotes":"","_links_to":"","_links_to_target":""},"class_list":["post-10201","page","type-page","status-publish","hentry"],"acf":[],"yoast_head":"<!-- This site is optimized with the Yoast SEO plugin v27.0 - https:\/\/yoast.com\/product\/yoast-seo-wordpress\/ -->\n<title>Edutused ja teenetem\u00e4rgid - Skaut<\/title>\n<meta name=\"robots\" content=\"index, follow, max-snippet:-1, max-image-preview:large, max-video-preview:-1\" \/>\n<link rel=\"canonical\" href=\"https:\/\/skaut.ee\/en\/liikmele\/edutused-ja-teenetemargid\/\" \/>\n<meta property=\"og:locale\" content=\"en_US\" \/>\n<meta property=\"og:type\" content=\"article\" \/>\n<meta property=\"og:title\" content=\"Edutused ja teenetem\u00e4rgid - Skaut\" \/>\n<meta property=\"og:description\" content=\"ES\u00dcs on v\u00f5imalik tublisid ja eeskujulikke skaute edutada. Kuni 18-aastaste ES\u00dc liikmete edutusi antakse \u00fcldjuhul \u00fcle J\u00fcrip\u00e4eval ning t\u00e4iskasvanute\/juhtide edutusi...\" \/>\n<meta property=\"og:url\" content=\"https:\/\/skaut.ee\/en\/liikmele\/edutused-ja-teenetemargid\/\" \/>\n<meta property=\"og:site_name\" content=\"Skaut\" \/>\n<meta property=\"og:image\" content=\"https:\/\/skaut.ee\/images\/hoolas_hundu.jpg\" \/>\n<meta name=\"twitter:card\" content=\"summary_large_image\" \/>\n<meta name=\"twitter:label1\" content=\"Est. reading time\" \/>\n\t<meta name=\"twitter:data1\" content=\"4 minutes\" \/>\n<script type=\"application\/ld+json\" class=\"yoast-schema-graph\">{\"@context\":\"https:\/\/schema.org\",\"@graph\":[{\"@type\":\"WebPage\",\"@id\":\"https:\/\/skaut.ee\/en\/liikmele\/edutused-ja-teenetemargid\/\",\"url\":\"https:\/\/skaut.ee\/en\/liikmele\/edutused-ja-teenetemargid\/\",\"name\":\"Edutused ja teenetem\u00e4rgid - Skaut\",\"isPartOf\":{\"@id\":\"https:\/\/skaut.ee\/#website\"},\"primaryImageOfPage\":{\"@id\":\"https:\/\/skaut.ee\/en\/liikmele\/edutused-ja-teenetemargid\/#primaryimage\"},\"image\":{\"@id\":\"https:\/\/skaut.ee\/en\/liikmele\/edutused-ja-teenetemargid\/#primaryimage\"},\"thumbnailUrl\":\"https:\/\/skaut.ee\/images\/hoolas_hundu.jpg\",\"datePublished\":\"2019-09-10T09:56:58+00:00\",\"breadcrumb\":{\"@id\":\"https:\/\/skaut.ee\/en\/liikmele\/edutused-ja-teenetemargid\/#breadcrumb\"},\"inLanguage\":\"en-US\",\"potentialAction\":[{\"@type\":\"ReadAction\",\"target\":[\"https:\/\/skaut.ee\/en\/liikmele\/edutused-ja-teenetemargid\/\"]}]},{\"@type\":\"ImageObject\",\"inLanguage\":\"en-US\",\"@id\":\"https:\/\/skaut.ee\/en\/liikmele\/edutused-ja-teenetemargid\/#primaryimage\",\"url\":\"https:\/\/skaut.ee\/images\/hoolas_hundu.jpg\",\"contentUrl\":\"https:\/\/skaut.ee\/images\/hoolas_hundu.jpg\"},{\"@type\":\"BreadcrumbList\",\"@id\":\"https:\/\/skaut.ee\/en\/liikmele\/edutused-ja-teenetemargid\/#breadcrumb\",\"itemListElement\":[{\"@type\":\"ListItem\",\"position\":1,\"name\":\"Home\",\"item\":\"https:\/\/skaut.ee\/en\/\"},{\"@type\":\"ListItem\",\"position\":2,\"name\":\"FOR MEMBERS\",\"item\":\"https:\/\/skaut.ee\/en\/liikmele\/\"},{\"@type\":\"ListItem\",\"position\":3,\"name\":\"Edutused ja teenetem\u00e4rgid\"}]},{\"@type\":\"WebSite\",\"@id\":\"https:\/\/skaut.ee\/#website\",\"url\":\"https:\/\/skaut.ee\/\",\"name\":\"Skaut\",\"description\":\"Eesti Skautide \u00dchingu koduleht\",\"potentialAction\":[{\"@type\":\"SearchAction\",\"target\":{\"@type\":\"EntryPoint\",\"urlTemplate\":\"https:\/\/skaut.ee\/?s={search_term_string}\"},\"query-input\":{\"@type\":\"PropertyValueSpecification\",\"valueRequired\":true,\"valueName\":\"search_term_string\"}}],\"inLanguage\":\"en-US\"}]}<\/script>\n<!-- \/ Yoast SEO plugin. -->","yoast_head_json":{"title":"Edutused ja teenetem\u00e4rgid - Skaut","robots":{"index":"index","follow":"follow","max-snippet":"max-snippet:-1","max-image-preview":"max-image-preview:large","max-video-preview":"max-video-preview:-1"},"canonical":"https:\/\/skaut.ee\/en\/liikmele\/edutused-ja-teenetemargid\/","og_locale":"en_US","og_type":"article","og_title":"Edutused ja teenetem\u00e4rgid - Skaut","og_description":"ES\u00dcs on v\u00f5imalik tublisid ja eeskujulikke skaute edutada. Kuni 18-aastaste ES\u00dc liikmete edutusi antakse \u00fcldjuhul \u00fcle J\u00fcrip\u00e4eval ning t\u00e4iskasvanute\/juhtide edutusi...","og_url":"https:\/\/skaut.ee\/en\/liikmele\/edutused-ja-teenetemargid\/","og_site_name":"Skaut","og_image":[{"url":"https:\/\/skaut.ee\/images\/hoolas_hundu.jpg","type":"","width":"","height":""}],"twitter_card":"summary_large_image","twitter_misc":{"Est. reading time":"4 minutes"},"schema":{"@context":"https:\/\/schema.org","@graph":[{"@type":"WebPage","@id":"https:\/\/skaut.ee\/en\/liikmele\/edutused-ja-teenetemargid\/","url":"https:\/\/skaut.ee\/en\/liikmele\/edutused-ja-teenetemargid\/","name":"Edutused ja teenetem\u00e4rgid - Skaut","isPartOf":{"@id":"https:\/\/skaut.ee\/#website"},"primaryImageOfPage":{"@id":"https:\/\/skaut.ee\/en\/liikmele\/edutused-ja-teenetemargid\/#primaryimage"},"image":{"@id":"https:\/\/skaut.ee\/en\/liikmele\/edutused-ja-teenetemargid\/#primaryimage"},"thumbnailUrl":"https:\/\/skaut.ee\/images\/hoolas_hundu.jpg","datePublished":"2019-09-10T09:56:58+00:00","breadcrumb":{"@id":"https:\/\/skaut.ee\/en\/liikmele\/edutused-ja-teenetemargid\/#breadcrumb"},"inLanguage":"en-US","potentialAction":[{"@type":"ReadAction","target":["https:\/\/skaut.ee\/en\/liikmele\/edutused-ja-teenetemargid\/"]}]},{"@type":"ImageObject","inLanguage":"en-US","@id":"https:\/\/skaut.ee\/en\/liikmele\/edutused-ja-teenetemargid\/#primaryimage","url":"https:\/\/skaut.ee\/images\/hoolas_hundu.jpg","contentUrl":"https:\/\/skaut.ee\/images\/hoolas_hundu.jpg"},{"@type":"BreadcrumbList","@id":"https:\/\/skaut.ee\/en\/liikmele\/edutused-ja-teenetemargid\/#breadcrumb","itemListElement":[{"@type":"ListItem","position":1,"name":"Home","item":"https:\/\/skaut.ee\/en\/"},{"@type":"ListItem","position":2,"name":"FOR MEMBERS","item":"https:\/\/skaut.ee\/en\/liikmele\/"},{"@type":"ListItem","position":3,"name":"Edutused ja teenetem\u00e4rgid"}]},{"@type":"WebSite","@id":"https:\/\/skaut.ee\/#website","url":"https:\/\/skaut.ee\/","name":"Skaut","description":"Eesti Skautide \u00dchingu koduleht","potentialAction":[{"@type":"SearchAction","target":{"@type":"EntryPoint","urlTemplate":"https:\/\/skaut.ee\/?s={search_term_string}"},"query-input":{"@type":"PropertyValueSpecification","valueRequired":true,"valueName":"search_term_string"}}],"inLanguage":"en-US"}]}},"_links":{"self":[{"href":"https:\/\/skaut.ee\/en\/wp-json\/wp\/v2\/pages\/10201","targetHints":{"allow":["GET"]}}],"collection":[{"href":"https:\/\/skaut.ee\/en\/wp-json\/wp\/v2\/pages"}],"about":[{"href":"https:\/\/skaut.ee\/en\/wp-json\/wp\/v2\/types\/page"}],"author":[{"embeddable":true,"href":"https:\/\/skaut.ee\/en\/wp-json\/wp\/v2\/users\/1"}],"replies":[{"embeddable":true,"href":"https:\/\/skaut.ee\/en\/wp-json\/wp\/v2\/comments?post=10201"}],"version-history":[{"count":0,"href":"https:\/\/skaut.ee\/en\/wp-json\/wp\/v2\/pages\/10201\/revisions"}],"up":[{"embeddable":true,"href":"https:\/\/skaut.ee\/en\/wp-json\/wp\/v2\/pages\/10195"}],"wp:attachment":[{"href":"https:\/\/skaut.ee\/en\/wp-json\/wp\/v2\/media?parent=10201"}],"curies":[{"name":"wp","href":"https:\/\/api.w.org\/{rel}","templated":true}]}}