{"id":10198,"date":"2019-10-22T13:01:13","date_gmt":"2019-10-22T10:01:13","guid":{"rendered":"https:\/\/skaut.ee\/liikmele\/skaudijuhi-kasiraamat\/"},"modified":"2024-09-16T11:09:40","modified_gmt":"2024-09-16T08:09:40","slug":"skaudijuhi-kasiraamat","status":"publish","type":"page","link":"https:\/\/skaut.ee\/en\/liikmele\/skaudijuhi-kasiraamat\/","title":{"rendered":"Skaudijuhi k\u00e4siraamat"},"content":{"rendered":"\n<p>Skaudijuhi K\u00e4siraamat ilmus 2021 aasta l\u00f5pus. K\u00e4siraamatu digitaliseeris Tartu \u00dclikooli raamatukogu.<\/p>\n\n\n\n<p>Sisukorras otse \u00f5igesse peat\u00fcki saad liikuda vasakul asuvast men\u00fc\u00fcst. <span class=\"has-inline-color has-white-color\">_____________<\/span> <a href=\"https:\/\/skaut.ee\/wp-content\/uploads\/2024\/09\/skaudijuhi_kasiraamat_web_2024.pdf\" target=\"_blank\" rel=\"noreferrer noopener\">SKAUDIJUHI K\u00c4SIRAAMAT<\/a><\/p>\n\n\n\n<div class=\"wp-block-columns is-layout-flex wp-container-core-columns-is-layout-9d6595d7 wp-block-columns-is-layout-flex\">\n<div class=\"wp-block-column is-layout-flow wp-block-column-is-layout-flow\">\n<figure class=\"wp-block-image size-full is-resized\"><a href=\"https:\/\/dspace.ut.ee\/bitstream\/handle\/10062\/75691\/skaudijuht.pdf?sequence=1&amp;isAllowed=y\"><img loading=\"lazy\" decoding=\"async\" width=\"465\" height=\"247\" src=\"https:\/\/skaut.ee\/wp-content\/uploads\/2021\/11\/Kasiraamatu-sisukord.png\" alt=\"\" class=\"wp-image-6056\" style=\"width:325px;height:173px\" srcset=\"https:\/\/skaut.ee\/wp-content\/uploads\/2021\/11\/Kasiraamatu-sisukord.png 465w, https:\/\/skaut.ee\/wp-content\/uploads\/2021\/11\/Kasiraamatu-sisukord-256x136.png 256w, https:\/\/skaut.ee\/wp-content\/uploads\/2021\/11\/Kasiraamatu-sisukord-260x138.png 260w, https:\/\/skaut.ee\/wp-content\/uploads\/2021\/11\/Kasiraamatu-sisukord-158x84.png 158w, https:\/\/skaut.ee\/wp-content\/uploads\/2021\/11\/Kasiraamatu-sisukord-113x60.png 113w, https:\/\/skaut.ee\/wp-content\/uploads\/2021\/11\/Kasiraamatu-sisukord-100x53.png 100w, https:\/\/skaut.ee\/wp-content\/uploads\/2021\/11\/Kasiraamatu-sisukord-30x16.png 30w\" sizes=\"auto, (max-width: 465px) 100vw, 465px\" \/><\/a><\/figure>\n\n\n\n<p>\u0420\u0443\u0441\u0441\u043a\u043e\u044f\u0437\u044b\u0447\u043d\u044b\u0439 \u0441\u043f\u0440\u0430\u0432\u043e\u0447\u043d\u0438\u043a \u0421\u043a\u0430\u0443\u0442\u0441\u043a\u043e\u0433\u043e \u043b\u0438\u0434\u0435\u0440\u0430 \u0432 \u0434\u0430\u043d\u043d\u044b\u0439 \u043c\u043e\u043c\u0435\u043d\u0442 \u043e\u0444\u043e\u0440\u043c\u043b\u044f\u0435\u0442\u0441\u044f \u0438 \u0431\u0443\u0434\u0435\u0442 \u0441\u0434\u0430\u043d \u0432 \u043f\u0435\u0447\u0430\u0442\u044c \u0432 2022 \u0433\u043e\u0434\u0430.<\/p>\n\n\n\n<p><a href=\"https:\/\/skaut.ee\/wp-content\/uploads\/2021\/12\/Venekeelse-kasiraamatu-sisukord-kodulehele.pdf\" target=\"_blank\" rel=\"noreferrer noopener\">\u0420\u0423\u041a\u041e\u0412\u041e\u0414\u0421\u0422\u0412\u041e \u0414\u041b\u042f \u0421\u041a\u0410\u0423\u0422-\u041b\u0418\u0414\u0415\u0420\u0410<\/a><\/p>\n\n\n\n<figure class=\"wp-block-image size-large is-resized\"><img decoding=\"async\" src=\"https:\/\/skaut.ee\/wp-content\/uploads\/2021\/12\/Kaanepilt.png\" alt=\"\" style=\"width:232px;height:323px\"\/><\/figure>\n<\/div>\n\n\n\n<div class=\"wp-block-column is-layout-flow wp-block-column-is-layout-flow\">\n<figure class=\"wp-block-image size-full is-resized\"><a href=\"https:\/\/dspace.ut.ee\/bitstream\/handle\/10062\/75691\/skaudijuht_A5.pdf?sequence=6&amp;isAllowed=y\"><img loading=\"lazy\" decoding=\"async\" width=\"550\" height=\"652\" src=\"https:\/\/skaut.ee\/wp-content\/uploads\/2021\/11\/Kasiraamat.png\" alt=\"\" class=\"wp-image-6054\" style=\"width:249px;height:295px\" srcset=\"https:\/\/skaut.ee\/wp-content\/uploads\/2021\/11\/Kasiraamat.png 550w, https:\/\/skaut.ee\/wp-content\/uploads\/2021\/11\/Kasiraamat-115x136.png 115w, https:\/\/skaut.ee\/wp-content\/uploads\/2021\/11\/Kasiraamat-219x260.png 219w, https:\/\/skaut.ee\/wp-content\/uploads\/2021\/11\/Kasiraamat-71x84.png 71w, https:\/\/skaut.ee\/wp-content\/uploads\/2021\/11\/Kasiraamat-51x60.png 51w, https:\/\/skaut.ee\/wp-content\/uploads\/2021\/11\/Kasiraamat-84x100.png 84w, https:\/\/skaut.ee\/wp-content\/uploads\/2021\/11\/Kasiraamat-25x30.png 25w\" sizes=\"auto, (max-width: 550px) 100vw, 550px\" \/><\/a><\/figure>\n\n\n\n<p><\/p>\n\n\n\n<p><\/p>\n\n\n\n<p><strong><mark style=\"background-color:#fcb900\" class=\"has-inline-color has-black-color\">PRAKTILISED \u00d5PPEMATERJALID<\/mark><\/strong><\/p>\n\n\n\n<p>Pidevas t\u00e4iendamises <a href=\"https:\/\/skautee-my.sharepoint.com\/:f:\/g\/personal\/info_skaut_ee\/Ev0hE_sjKVNCvK7aJ9AcFTgBdYiwBWo48XFYMcDpoPn3fw?e=mbxFa3\" target=\"_blank\" rel=\"noreferrer noopener\">SIIN<\/a><\/p>\n\n\n\n<figure class=\"wp-block-image size-full is-resized\"><img loading=\"lazy\" decoding=\"async\" width=\"500\" height=\"450\" src=\"https:\/\/skaut.ee\/wp-content\/uploads\/2022\/04\/image-1.png\" alt=\"\" class=\"wp-image-6591\" style=\"width:375px;height:338px\" srcset=\"https:\/\/skaut.ee\/wp-content\/uploads\/2022\/04\/image-1.png 500w, https:\/\/skaut.ee\/wp-content\/uploads\/2022\/04\/image-1-151x136.png 151w, https:\/\/skaut.ee\/wp-content\/uploads\/2022\/04\/image-1-260x234.png 260w, https:\/\/skaut.ee\/wp-content\/uploads\/2022\/04\/image-1-93x84.png 93w, https:\/\/skaut.ee\/wp-content\/uploads\/2022\/04\/image-1-67x60.png 67w, https:\/\/skaut.ee\/wp-content\/uploads\/2022\/04\/image-1-100x90.png 100w, https:\/\/skaut.ee\/wp-content\/uploads\/2022\/04\/image-1-30x27.png 30w\" sizes=\"auto, (max-width: 500px) 100vw, 500px\" \/><\/figure>\n<\/div>\n<\/div>\n","protected":false},"excerpt":{"rendered":"<p>Skaudijuhi K\u00e4siraamat ilmus 2021 aasta l\u00f5pus. K\u00e4siraamatu digitaliseeris Tartu \u00dclikooli raamatukogu. Sisukorras otse \u00f5igesse peat\u00fcki saad liikuda vasakul asuvast men\u00fc\u00fcst&#8230;.<\/p>\n","protected":false},"author":1,"featured_media":0,"parent":10195,"menu_order":3,"comment_status":"closed","ping_status":"closed","template":"page-templates\/tpl-no-sidebar.php","meta":{"_acf_changed":false,"inline_featured_image":false,"_monsterinsights_skip_tracking":false,"_monsterinsights_sitenote_active":false,"_monsterinsights_sitenote_note":"","_monsterinsights_sitenote_category":0,"cybocfi_hide_featured_image":"","footnotes":"","_links_to":"","_links_to_target":""},"class_list":["post-10198","page","type-page","status-publish","hentry"],"acf":[],"yoast_head":"<!-- This site is optimized with the Yoast SEO plugin v27.0 - https:\/\/yoast.com\/product\/yoast-seo-wordpress\/ -->\n<title>Skaudijuhi k\u00e4siraamat - Skaut<\/title>\n<meta name=\"robots\" content=\"index, follow, max-snippet:-1, max-image-preview:large, max-video-preview:-1\" \/>\n<link rel=\"canonical\" href=\"https:\/\/skaut.ee\/en\/liikmele\/skaudijuhi-kasiraamat\/\" \/>\n<meta property=\"og:locale\" content=\"en_US\" \/>\n<meta property=\"og:type\" content=\"article\" \/>\n<meta property=\"og:title\" content=\"Skaudijuhi k\u00e4siraamat - Skaut\" \/>\n<meta property=\"og:description\" content=\"Skaudijuhi K\u00e4siraamat ilmus 2021 aasta l\u00f5pus. K\u00e4siraamatu digitaliseeris Tartu \u00dclikooli raamatukogu. Sisukorras otse \u00f5igesse peat\u00fcki saad liikuda vasakul asuvast men\u00fc\u00fcst....\" \/>\n<meta property=\"og:url\" content=\"https:\/\/skaut.ee\/en\/liikmele\/skaudijuhi-kasiraamat\/\" \/>\n<meta property=\"og:site_name\" content=\"Skaut\" \/>\n<meta property=\"article:modified_time\" content=\"2024-09-16T08:09:40+00:00\" \/>\n<meta property=\"og:image\" content=\"https:\/\/skaut.ee\/wp-content\/uploads\/2021\/11\/Kasiraamatu-sisukord.png\" \/>\n<meta name=\"twitter:card\" content=\"summary_large_image\" \/>\n<meta name=\"twitter:label1\" content=\"Est. reading time\" \/>\n\t<meta name=\"twitter:data1\" content=\"2 minutes\" \/>\n<script type=\"application\/ld+json\" class=\"yoast-schema-graph\">{\"@context\":\"https:\/\/schema.org\",\"@graph\":[{\"@type\":\"WebPage\",\"@id\":\"https:\/\/skaut.ee\/en\/liikmele\/skaudijuhi-kasiraamat\/\",\"url\":\"https:\/\/skaut.ee\/en\/liikmele\/skaudijuhi-kasiraamat\/\",\"name\":\"Skaudijuhi k\u00e4siraamat - Skaut\",\"isPartOf\":{\"@id\":\"https:\/\/skaut.ee\/#website\"},\"primaryImageOfPage\":{\"@id\":\"https:\/\/skaut.ee\/en\/liikmele\/skaudijuhi-kasiraamat\/#primaryimage\"},\"image\":{\"@id\":\"https:\/\/skaut.ee\/en\/liikmele\/skaudijuhi-kasiraamat\/#primaryimage\"},\"thumbnailUrl\":\"https:\/\/skaut.ee\/wp-content\/uploads\/2021\/11\/Kasiraamatu-sisukord.png\",\"datePublished\":\"2019-10-22T10:01:13+00:00\",\"dateModified\":\"2024-09-16T08:09:40+00:00\",\"breadcrumb\":{\"@id\":\"https:\/\/skaut.ee\/en\/liikmele\/skaudijuhi-kasiraamat\/#breadcrumb\"},\"inLanguage\":\"en-US\",\"potentialAction\":[{\"@type\":\"ReadAction\",\"target\":[\"https:\/\/skaut.ee\/en\/liikmele\/skaudijuhi-kasiraamat\/\"]}]},{\"@type\":\"ImageObject\",\"inLanguage\":\"en-US\",\"@id\":\"https:\/\/skaut.ee\/en\/liikmele\/skaudijuhi-kasiraamat\/#primaryimage\",\"url\":\"https:\/\/skaut.ee\/wp-content\/uploads\/2021\/11\/Kasiraamatu-sisukord.png\",\"contentUrl\":\"https:\/\/skaut.ee\/wp-content\/uploads\/2021\/11\/Kasiraamatu-sisukord.png\"},{\"@type\":\"BreadcrumbList\",\"@id\":\"https:\/\/skaut.ee\/en\/liikmele\/skaudijuhi-kasiraamat\/#breadcrumb\",\"itemListElement\":[{\"@type\":\"ListItem\",\"position\":1,\"name\":\"Home\",\"item\":\"https:\/\/skaut.ee\/en\/\"},{\"@type\":\"ListItem\",\"position\":2,\"name\":\"FOR MEMBERS\",\"item\":\"https:\/\/skaut.ee\/en\/liikmele\/\"},{\"@type\":\"ListItem\",\"position\":3,\"name\":\"Skaudijuhi k\u00e4siraamat\"}]},{\"@type\":\"WebSite\",\"@id\":\"https:\/\/skaut.ee\/#website\",\"url\":\"https:\/\/skaut.ee\/\",\"name\":\"Skaut\",\"description\":\"Eesti Skautide \u00dchingu koduleht\",\"potentialAction\":[{\"@type\":\"SearchAction\",\"target\":{\"@type\":\"EntryPoint\",\"urlTemplate\":\"https:\/\/skaut.ee\/?s={search_term_string}\"},\"query-input\":{\"@type\":\"PropertyValueSpecification\",\"valueRequired\":true,\"valueName\":\"search_term_string\"}}],\"inLanguage\":\"en-US\"}]}<\/script>\n<!-- \/ Yoast SEO plugin. -->","yoast_head_json":{"title":"Skaudijuhi k\u00e4siraamat - Skaut","robots":{"index":"index","follow":"follow","max-snippet":"max-snippet:-1","max-image-preview":"max-image-preview:large","max-video-preview":"max-video-preview:-1"},"canonical":"https:\/\/skaut.ee\/en\/liikmele\/skaudijuhi-kasiraamat\/","og_locale":"en_US","og_type":"article","og_title":"Skaudijuhi k\u00e4siraamat - Skaut","og_description":"Skaudijuhi K\u00e4siraamat ilmus 2021 aasta l\u00f5pus. K\u00e4siraamatu digitaliseeris Tartu \u00dclikooli raamatukogu. Sisukorras otse \u00f5igesse peat\u00fcki saad liikuda vasakul asuvast men\u00fc\u00fcst....","og_url":"https:\/\/skaut.ee\/en\/liikmele\/skaudijuhi-kasiraamat\/","og_site_name":"Skaut","article_modified_time":"2024-09-16T08:09:40+00:00","og_image":[{"url":"https:\/\/skaut.ee\/wp-content\/uploads\/2021\/11\/Kasiraamatu-sisukord.png","type":"","width":"","height":""}],"twitter_card":"summary_large_image","twitter_misc":{"Est. reading time":"2 minutes"},"schema":{"@context":"https:\/\/schema.org","@graph":[{"@type":"WebPage","@id":"https:\/\/skaut.ee\/en\/liikmele\/skaudijuhi-kasiraamat\/","url":"https:\/\/skaut.ee\/en\/liikmele\/skaudijuhi-kasiraamat\/","name":"Skaudijuhi k\u00e4siraamat - Skaut","isPartOf":{"@id":"https:\/\/skaut.ee\/#website"},"primaryImageOfPage":{"@id":"https:\/\/skaut.ee\/en\/liikmele\/skaudijuhi-kasiraamat\/#primaryimage"},"image":{"@id":"https:\/\/skaut.ee\/en\/liikmele\/skaudijuhi-kasiraamat\/#primaryimage"},"thumbnailUrl":"https:\/\/skaut.ee\/wp-content\/uploads\/2021\/11\/Kasiraamatu-sisukord.png","datePublished":"2019-10-22T10:01:13+00:00","dateModified":"2024-09-16T08:09:40+00:00","breadcrumb":{"@id":"https:\/\/skaut.ee\/en\/liikmele\/skaudijuhi-kasiraamat\/#breadcrumb"},"inLanguage":"en-US","potentialAction":[{"@type":"ReadAction","target":["https:\/\/skaut.ee\/en\/liikmele\/skaudijuhi-kasiraamat\/"]}]},{"@type":"ImageObject","inLanguage":"en-US","@id":"https:\/\/skaut.ee\/en\/liikmele\/skaudijuhi-kasiraamat\/#primaryimage","url":"https:\/\/skaut.ee\/wp-content\/uploads\/2021\/11\/Kasiraamatu-sisukord.png","contentUrl":"https:\/\/skaut.ee\/wp-content\/uploads\/2021\/11\/Kasiraamatu-sisukord.png"},{"@type":"BreadcrumbList","@id":"https:\/\/skaut.ee\/en\/liikmele\/skaudijuhi-kasiraamat\/#breadcrumb","itemListElement":[{"@type":"ListItem","position":1,"name":"Home","item":"https:\/\/skaut.ee\/en\/"},{"@type":"ListItem","position":2,"name":"FOR MEMBERS","item":"https:\/\/skaut.ee\/en\/liikmele\/"},{"@type":"ListItem","position":3,"name":"Skaudijuhi k\u00e4siraamat"}]},{"@type":"WebSite","@id":"https:\/\/skaut.ee\/#website","url":"https:\/\/skaut.ee\/","name":"Skaut","description":"Eesti Skautide \u00dchingu koduleht","potentialAction":[{"@type":"SearchAction","target":{"@type":"EntryPoint","urlTemplate":"https:\/\/skaut.ee\/?s={search_term_string}"},"query-input":{"@type":"PropertyValueSpecification","valueRequired":true,"valueName":"search_term_string"}}],"inLanguage":"en-US"}]}},"_links":{"self":[{"href":"https:\/\/skaut.ee\/en\/wp-json\/wp\/v2\/pages\/10198","targetHints":{"allow":["GET"]}}],"collection":[{"href":"https:\/\/skaut.ee\/en\/wp-json\/wp\/v2\/pages"}],"about":[{"href":"https:\/\/skaut.ee\/en\/wp-json\/wp\/v2\/types\/page"}],"author":[{"embeddable":true,"href":"https:\/\/skaut.ee\/en\/wp-json\/wp\/v2\/users\/1"}],"replies":[{"embeddable":true,"href":"https:\/\/skaut.ee\/en\/wp-json\/wp\/v2\/comments?post=10198"}],"version-history":[{"count":1,"href":"https:\/\/skaut.ee\/en\/wp-json\/wp\/v2\/pages\/10198\/revisions"}],"predecessor-version":[{"id":12175,"href":"https:\/\/skaut.ee\/en\/wp-json\/wp\/v2\/pages\/10198\/revisions\/12175"}],"up":[{"embeddable":true,"href":"https:\/\/skaut.ee\/en\/wp-json\/wp\/v2\/pages\/10195"}],"wp:attachment":[{"href":"https:\/\/skaut.ee\/en\/wp-json\/wp\/v2\/media?parent=10198"}],"curies":[{"name":"wp","href":"https:\/\/api.w.org\/{rel}","templated":true}]}}