{"id":10197,"date":"2019-12-20T14:17:31","date_gmt":"2019-12-20T12:17:31","guid":{"rendered":"https:\/\/skaut.ee\/liikmele\/failipank\/kuludokumendid-ja-nende-huvitamise-kord\/"},"modified":"2026-01-06T02:05:33","modified_gmt":"2026-01-06T00:05:33","slug":"kuludokumendid-ja-nende-huvitamise-kord","status":"publish","type":"page","link":"https:\/\/skaut.ee\/en\/liikmele\/failipank\/kuludokumendid-ja-nende-huvitamise-kord\/","title":{"rendered":"Kuludokumendid ja nende h\u00fcvitamise kord"},"content":{"rendered":"\n<p>ES\u00dc raames tehtavad kulutused peavad olema koosk\u00f5lastatud ES\u00dc finantsjuhiga. <br>\u00dcritusega seotud kuluaruanded tuleb edastada&nbsp;<strong>\u00fcrituse korraldaja<\/strong>&nbsp;v\u00f5i suurema laagri puhul&nbsp;<strong>finantside eest vastutava isiku<\/strong>&nbsp;kaudu.&nbsp;Vastutav isik peab olema kas&nbsp;<strong>otseseks saatjaks v\u00f5i v\u00e4hemalt CC real<\/strong>, et tagada aruande korrektsus ja l\u00e4bipaistvus.&nbsp;<br>Kassat\u0161ekk v\u00f5i arve tuleb ES\u00dcle esitada skaneerituna (PDF fail) v\u00f5i selgelt loetava pildina (JPG fail) lisatuna kuluaruande digiallkirjastamise kausta ja saates selle e-posti teel aadressile finants@skaut.ee.<\/p>\n\n\n\n<p><strong>Lae alla:<\/strong>&nbsp;<a rel=\"noreferrer noopener\" aria-label=\"Majanduskulude aruande blank (PDF) (avatakse uues sakis)\" href=\"https:\/\/skaut.ee\/wp-content\/uploads\/2019\/12\/ES%C3%9C-Kuluaruanne.pdf\" target=\"_blank\">Majanduskulude aruande blank (PDF)<\/a>&nbsp;v\u00f5i&nbsp;<a rel=\"noreferrer noopener\" aria-label=\"Majanduskulude aruannne blank (Excel) (avatakse uues sakis)\" href=\"https:\/\/skaut.ee\/wp-content\/uploads\/2019\/12\/ES%C3%9C-Kuluaruanne.xlsx\" target=\"_blank\">Majanduskulude aruannne blank (Excel)<\/a><\/p>\n\n\n\n<p><a href=\"https:\/\/skaut.ee\/wp-content\/uploads\/2020\/01\/Kuluaruande-n\u00e4idis.pdf\" target=\"_blank\" rel=\"noreferrer noopener\" aria-label=\" (avatakse uues sakis)\">N\u00e4idis<\/a><\/p>\n\n\n\n<p>Kui oled kulutused teinud, siis t\u00e4ida ja saada majanduskulude aruanne koos t\u0161ekkidega&nbsp;<strong>hiljemalt 30 p\u00e4eva jooksul<\/strong>&nbsp;ES\u00dc finantsjuhile &#8211; finants@skaut.ee. Kui oled ostnud mingi kauba arvega, siis peab olema arve tehtud Eesti Skautide \u00dchingu nimele koos aadressiga Juurdveo 22A-2, Tallinn 11313 ja saada see kindlasti ES\u00dcle&nbsp;<strong>enne makset\u00e4htaja saabumist<\/strong>&nbsp;(v\u00e4hemalt 3 p\u00e4eva enne, et ES\u00dc j\u00f5uaks \u00fclekande \u00f5igeks ajaks \u00e4ra teha).<\/p>\n\n\n\n<p>\u00c4ra kindlasti osta asju nii, et \u00fchele t\u0161ekile tulevad Sinu ja ES\u00dc tarbeks asjad l\u00e4bisegi. Kaubat\u0161ekki ei ole v\u00f5imalik \u201epoolitada\u201c, et mingi osa maksab ES\u00dc ja \u00fclej\u00e4\u00e4nud tasud ise.<\/p>\n\n\n\n<hr class=\"wp-block-separator has-alpha-channel-opacity\"\/>\n\n\n\n<p><br><strong>Majanduskulude aruanne<\/strong><\/p>\n\n\n\n<p>Kuluaruande palume t\u00e4ita elektroonselt ja edastada e-maili teel. <\/p>\n\n\n\n<ol class=\"wp-block-list\">\n<li>\u00dcles &#8211; blanketi pealkirja taha &#8211; tuleb panna aruande esitamise kuup\u00e4ev.<\/li>\n\n\n\n<li>Nimi &#8211; aruande ja kuludokumentide esitaja nimi. Alaealise puhul esitab aruande tema seaduslik esindaja.<\/li>\n\n\n\n<li>Tabel:<br>* Kuup\u00e4ev &#8211; arve\/t\u0161eki v\u00e4ljastamise kuup\u00e4ev. Selle leiab arve\/t\u0161eki pealt.<br>* Dokumendi v\u00e4ljastaja andmed &#8211; arve\/t\u0161eki nr, arve\/t\u0161eki v\u00e4ljastanud firma v\u00f5i asutuse ametlik nimetus + arve nr. Leiad arvelt\/tsekilt.<br>* Selgitus &#8211; \u00fcrituse\/projekti nimetus + kulu eesm\u00e4rk. Kui antud kulu sai tehtud n\u00e4iteks ERNA Matka raames, siis on \u00fcrituse\/projekti nimeks \u201cERNA Matk\u201d.<br>&nbsp; &nbsp; &#8211;&nbsp;Kui kuluartikliks oli k\u00fctus, siis tuleb kulu sisu lahtrisse lisaks m\u00e4rks\u00f5nale &#8220;k\u00fctus&#8221; m\u00e4rkida ka marsruut ja kilomeetrites l\u00e4bitud vahemaa. N\u00e4iteks \u201cTallinn-Tartu, 180 km\u201d (vt <a aria-label=\" (avatakse uues sakis)\" href=\"https:\/\/skaut.ee\/wp-content\/uploads\/2020\/01\/Kuluaruande-n\u00e4idis.pdf\" target=\"_blank\" rel=\"noreferrer noopener\">n\u00e4idis<\/a>t).<br>&nbsp; &nbsp; &#8211;&nbsp;Kui oli tegemist bussipiletiga, siis tuleb kirjutada &#8220;transport&#8221; (vt <a aria-label=\" (avatakse uues sakis)\" href=\"https:\/\/skaut.ee\/wp-content\/uploads\/2020\/01\/Kuluaruande-n\u00e4idis.pdf\" target=\"_blank\" rel=\"noreferrer noopener\">n\u00e4idis<\/a>t).<br>&nbsp; &nbsp; &#8211;&nbsp;Teiste kuluartiklite puhul tuleb samuti kirjutada kulu p\u00f5hjus (vt <a aria-label=\" (avatakse uues sakis)\" href=\"https:\/\/skaut.ee\/wp-content\/uploads\/2020\/01\/Kuluaruande-n\u00e4idis.pdf\" target=\"_blank\" rel=\"noreferrer noopener\">n\u00e4idis<\/a>t).<br>&nbsp; &nbsp; &#8211;&nbsp;Kui on tegemist \u00fcldkuluga (ei ole tegemist kindla \u00fcritusega), siis tuleb m\u00e4rkida lihtsalt kulu eesm\u00e4rk ilma projekti nimeta, nt &#8220;kontor\/majandamiskulu&#8221; vms. Summa &#8211; iga konkreetse t\u0161eki\/arve\/muu dokumendi summa, mida k\u00fcsitakse ES\u00dclt kompenseerimiseks (ei pruugi olla 100% dokumendi summat, kuid ei tohi dokumendi summat \u00fcletada).<br>* Summa &#8211; iga konkreetse t\u0161eki\/arve\/muu dokumendi summa, mida k\u00fcsitakse ES\u00dclt kompenseerimiseks (ei pruugi olla 100% dokumendi summat, kuid ei tohi dokumendi summat \u00fcletada).<br>* Kulu objekt &#8211; j\u00e4\u00e4b t\u00fchjaks. Selle t\u00e4idab hiljem ES\u00dc finantsjuht.<\/li>\n\n\n\n<li>Allpool tabelit t\u00e4idab aruande esitaja nn kompensatsiooni avalduse, kus n\u00e4itab millist summat ta soovib saada ning mis kontole (kui konto omanik on teine isik, siis tuleb panna ka selle isiku nimi).<\/li>\n\n\n\n<li>Aruande esitaja allkirjastab aruande digitaalselt.<\/li>\n\n\n\n<li>Aruandega tuleb kaasa panna ka k\u00f5ik aruandes deklareeritud t\u0161ekid.<\/li>\n\n\n\n<li>Enne aruande esitamist\/\u00e4rasaatmist kontrolli kindlasti \u00fcle, et esitatud info oleks \u00f5ige. Valesti esitatud aruande p\u00f5hjal ei ole v\u00f5imalik kulusid kompenseerida.<\/li>\n<\/ol>\n\n\n\n<hr class=\"wp-block-separator has-alpha-channel-opacity\"\/>\n\n\n\n<p><strong>KKK:<\/strong><\/p>\n\n\n\n<p><strong>Kui kiiresti mulle \u00fclekanne tehakse?<\/strong><br>ES\u00dc teeb \u00fclekande kohe esimesel v\u00f5imalusel, kuid mitte hiljem kui kuu aja jooksul alates kuludokumentide ES\u00dcle esitamist. Kui soovid, et teeksime \u00fclekande sulle varem, anna sellest palun teada&nbsp;<a href=\"mailto:finants@skaut.ee\">finants@skaut.ee<\/a>.<\/p>\n\n\n\n<p><strong>Unustasin ES\u00dcle tuua kuludokumendi 30 p\u00e4eva jooksul, kas n\u00fc\u00fcd saan ikka raha tagasi?<\/strong><br>Kirjuta oma murest ES\u00dc finantsjuhile finants@skaut.ee, kuid ole ka valmis ka selleks, et ES\u00dc kuludokumenti ei h\u00fcvita. <\/p>\n\n\n\n<p><\/p>\n","protected":false},"excerpt":{"rendered":"<p>ES\u00dc raames tehtavad kulutused peavad olema koosk\u00f5lastatud ES\u00dc finantsjuhiga. \u00dcritusega seotud kuluaruanded tuleb edastada&nbsp;\u00fcrituse korraldaja&nbsp;v\u00f5i suurema laagri puhul&nbsp;finantside eest vastutava&#8230;<\/p>\n","protected":false},"author":6,"featured_media":0,"parent":10196,"menu_order":3,"comment_status":"closed","ping_status":"closed","template":"","meta":{"_acf_changed":false,"inline_featured_image":false,"_monsterinsights_skip_tracking":false,"_monsterinsights_sitenote_active":false,"_monsterinsights_sitenote_note":"","_monsterinsights_sitenote_category":0,"cybocfi_hide_featured_image":"","footnotes":"","_links_to":"","_links_to_target":""},"class_list":["post-10197","page","type-page","status-publish","hentry"],"acf":[],"yoast_head":"<!-- This site is optimized with the Yoast SEO plugin v27.0 - https:\/\/yoast.com\/product\/yoast-seo-wordpress\/ -->\n<title>Kuludokumendid ja nende h\u00fcvitamise kord - Skaut<\/title>\n<meta name=\"robots\" content=\"index, follow, max-snippet:-1, max-image-preview:large, max-video-preview:-1\" \/>\n<link rel=\"canonical\" href=\"https:\/\/skaut.ee\/en\/liikmele\/failipank\/kuludokumendid-ja-nende-huvitamise-kord\/\" \/>\n<meta property=\"og:locale\" content=\"en_US\" \/>\n<meta property=\"og:type\" content=\"article\" \/>\n<meta property=\"og:title\" content=\"Kuludokumendid ja nende h\u00fcvitamise kord - Skaut\" \/>\n<meta property=\"og:description\" content=\"ES\u00dc raames tehtavad kulutused peavad olema koosk\u00f5lastatud ES\u00dc finantsjuhiga. \u00dcritusega seotud kuluaruanded tuleb edastada&nbsp;\u00fcrituse korraldaja&nbsp;v\u00f5i suurema laagri puhul&nbsp;finantside eest vastutava...\" \/>\n<meta property=\"og:url\" content=\"https:\/\/skaut.ee\/en\/liikmele\/failipank\/kuludokumendid-ja-nende-huvitamise-kord\/\" \/>\n<meta property=\"og:site_name\" content=\"Skaut\" \/>\n<meta property=\"article:modified_time\" content=\"2026-01-06T00:05:33+00:00\" \/>\n<meta name=\"twitter:card\" content=\"summary_large_image\" \/>\n<meta name=\"twitter:label1\" content=\"Est. reading time\" \/>\n\t<meta name=\"twitter:data1\" content=\"3 minutes\" \/>\n<script type=\"application\/ld+json\" class=\"yoast-schema-graph\">{\"@context\":\"https:\/\/schema.org\",\"@graph\":[{\"@type\":\"WebPage\",\"@id\":\"https:\/\/skaut.ee\/en\/liikmele\/failipank\/kuludokumendid-ja-nende-huvitamise-kord\/\",\"url\":\"https:\/\/skaut.ee\/en\/liikmele\/failipank\/kuludokumendid-ja-nende-huvitamise-kord\/\",\"name\":\"Kuludokumendid ja nende h\u00fcvitamise kord - Skaut\",\"isPartOf\":{\"@id\":\"https:\/\/skaut.ee\/#website\"},\"datePublished\":\"2019-12-20T12:17:31+00:00\",\"dateModified\":\"2026-01-06T00:05:33+00:00\",\"breadcrumb\":{\"@id\":\"https:\/\/skaut.ee\/en\/liikmele\/failipank\/kuludokumendid-ja-nende-huvitamise-kord\/#breadcrumb\"},\"inLanguage\":\"en-US\",\"potentialAction\":[{\"@type\":\"ReadAction\",\"target\":[\"https:\/\/skaut.ee\/en\/liikmele\/failipank\/kuludokumendid-ja-nende-huvitamise-kord\/\"]}]},{\"@type\":\"BreadcrumbList\",\"@id\":\"https:\/\/skaut.ee\/en\/liikmele\/failipank\/kuludokumendid-ja-nende-huvitamise-kord\/#breadcrumb\",\"itemListElement\":[{\"@type\":\"ListItem\",\"position\":1,\"name\":\"Home\",\"item\":\"https:\/\/skaut.ee\/en\/\"},{\"@type\":\"ListItem\",\"position\":2,\"name\":\"FOR MEMBERS\",\"item\":\"https:\/\/skaut.ee\/en\/liikmele\/\"},{\"@type\":\"ListItem\",\"position\":3,\"name\":\"Dokumendid\",\"item\":\"https:\/\/skaut.ee\/en\/liikmele\/failipank\/\"},{\"@type\":\"ListItem\",\"position\":4,\"name\":\"Kuludokumendid ja nende h\u00fcvitamise kord\"}]},{\"@type\":\"WebSite\",\"@id\":\"https:\/\/skaut.ee\/#website\",\"url\":\"https:\/\/skaut.ee\/\",\"name\":\"Skaut\",\"description\":\"Eesti Skautide \u00dchingu koduleht\",\"potentialAction\":[{\"@type\":\"SearchAction\",\"target\":{\"@type\":\"EntryPoint\",\"urlTemplate\":\"https:\/\/skaut.ee\/?s={search_term_string}\"},\"query-input\":{\"@type\":\"PropertyValueSpecification\",\"valueRequired\":true,\"valueName\":\"search_term_string\"}}],\"inLanguage\":\"en-US\"}]}<\/script>\n<!-- \/ Yoast SEO plugin. -->","yoast_head_json":{"title":"Kuludokumendid ja nende h\u00fcvitamise kord - Skaut","robots":{"index":"index","follow":"follow","max-snippet":"max-snippet:-1","max-image-preview":"max-image-preview:large","max-video-preview":"max-video-preview:-1"},"canonical":"https:\/\/skaut.ee\/en\/liikmele\/failipank\/kuludokumendid-ja-nende-huvitamise-kord\/","og_locale":"en_US","og_type":"article","og_title":"Kuludokumendid ja nende h\u00fcvitamise kord - Skaut","og_description":"ES\u00dc raames tehtavad kulutused peavad olema koosk\u00f5lastatud ES\u00dc finantsjuhiga. \u00dcritusega seotud kuluaruanded tuleb edastada&nbsp;\u00fcrituse korraldaja&nbsp;v\u00f5i suurema laagri puhul&nbsp;finantside eest vastutava...","og_url":"https:\/\/skaut.ee\/en\/liikmele\/failipank\/kuludokumendid-ja-nende-huvitamise-kord\/","og_site_name":"Skaut","article_modified_time":"2026-01-06T00:05:33+00:00","twitter_card":"summary_large_image","twitter_misc":{"Est. reading time":"3 minutes"},"schema":{"@context":"https:\/\/schema.org","@graph":[{"@type":"WebPage","@id":"https:\/\/skaut.ee\/en\/liikmele\/failipank\/kuludokumendid-ja-nende-huvitamise-kord\/","url":"https:\/\/skaut.ee\/en\/liikmele\/failipank\/kuludokumendid-ja-nende-huvitamise-kord\/","name":"Kuludokumendid ja nende h\u00fcvitamise kord - Skaut","isPartOf":{"@id":"https:\/\/skaut.ee\/#website"},"datePublished":"2019-12-20T12:17:31+00:00","dateModified":"2026-01-06T00:05:33+00:00","breadcrumb":{"@id":"https:\/\/skaut.ee\/en\/liikmele\/failipank\/kuludokumendid-ja-nende-huvitamise-kord\/#breadcrumb"},"inLanguage":"en-US","potentialAction":[{"@type":"ReadAction","target":["https:\/\/skaut.ee\/en\/liikmele\/failipank\/kuludokumendid-ja-nende-huvitamise-kord\/"]}]},{"@type":"BreadcrumbList","@id":"https:\/\/skaut.ee\/en\/liikmele\/failipank\/kuludokumendid-ja-nende-huvitamise-kord\/#breadcrumb","itemListElement":[{"@type":"ListItem","position":1,"name":"Home","item":"https:\/\/skaut.ee\/en\/"},{"@type":"ListItem","position":2,"name":"FOR MEMBERS","item":"https:\/\/skaut.ee\/en\/liikmele\/"},{"@type":"ListItem","position":3,"name":"Dokumendid","item":"https:\/\/skaut.ee\/en\/liikmele\/failipank\/"},{"@type":"ListItem","position":4,"name":"Kuludokumendid ja nende h\u00fcvitamise kord"}]},{"@type":"WebSite","@id":"https:\/\/skaut.ee\/#website","url":"https:\/\/skaut.ee\/","name":"Skaut","description":"Eesti Skautide \u00dchingu koduleht","potentialAction":[{"@type":"SearchAction","target":{"@type":"EntryPoint","urlTemplate":"https:\/\/skaut.ee\/?s={search_term_string}"},"query-input":{"@type":"PropertyValueSpecification","valueRequired":true,"valueName":"search_term_string"}}],"inLanguage":"en-US"}]}},"_links":{"self":[{"href":"https:\/\/skaut.ee\/en\/wp-json\/wp\/v2\/pages\/10197","targetHints":{"allow":["GET"]}}],"collection":[{"href":"https:\/\/skaut.ee\/en\/wp-json\/wp\/v2\/pages"}],"about":[{"href":"https:\/\/skaut.ee\/en\/wp-json\/wp\/v2\/types\/page"}],"author":[{"embeddable":true,"href":"https:\/\/skaut.ee\/en\/wp-json\/wp\/v2\/users\/6"}],"replies":[{"embeddable":true,"href":"https:\/\/skaut.ee\/en\/wp-json\/wp\/v2\/comments?post=10197"}],"version-history":[{"count":3,"href":"https:\/\/skaut.ee\/en\/wp-json\/wp\/v2\/pages\/10197\/revisions"}],"predecessor-version":[{"id":15110,"href":"https:\/\/skaut.ee\/en\/wp-json\/wp\/v2\/pages\/10197\/revisions\/15110"}],"up":[{"embeddable":true,"href":"https:\/\/skaut.ee\/en\/wp-json\/wp\/v2\/pages\/10196"}],"wp:attachment":[{"href":"https:\/\/skaut.ee\/en\/wp-json\/wp\/v2\/media?parent=10197"}],"curies":[{"name":"wp","href":"https:\/\/api.w.org\/{rel}","templated":true}]}}