{"id":10196,"date":"2019-09-10T12:35:16","date_gmt":"2019-09-10T09:35:16","guid":{"rendered":"https:\/\/skaut.ee\/liikmele\/failipank\/"},"modified":"2026-03-21T14:15:21","modified_gmt":"2026-03-21T12:15:21","slug":"failipank","status":"publish","type":"page","link":"https:\/\/skaut.ee\/en\/liikmele\/failipank\/","title":{"rendered":"Dokumendid"},"content":{"rendered":"\n<figure class=\"wp-block-table is-style-stripes\"><table class=\"has-background has-fixed-layout\" style=\"background-color:#e9fbe5\"><tbody><tr><td><a href=\"https:\/\/skaut.ee\/wp-content\/uploads\/2025\/05\/31-250315-08-ESU-pohikiri-kehtiv-alates-15.03.2025.pdf\" target=\"_blank\" rel=\"noreferrer noopener\">ES\u00dc p\u00f5hikiri<\/a>&nbsp;<\/td><td><a href=\"https:\/\/skaut.ee\/wp-content\/uploads\/2021\/04\/210320-ESU-arengukava-2021-2028.pdf\" target=\"_blank\" rel=\"noreferrer noopener\">ES\u00dc arengukava 2021-2028<\/a> <\/td><\/tr><tr><td><a href=\"https:\/\/skaut.ee\/wp-content\/uploads\/2020\/10\/Skaudid_21.09.pdf\">ES\u00dc uuringu raport<\/a><\/td><td><\/td><\/tr><\/tbody><\/table><\/figure>\n\n\n\n<p><strong>TUTVUSTUSMATERJAL<\/strong><\/p>\n\n\n\n<figure class=\"wp-block-table is-style-stripes\"><table class=\"has-background has-fixed-layout\" style=\"background-color:#e9fbe5\"><tbody><tr><td><a rel=\"noreferrer noopener\" href=\"https:\/\/skaut.ee\/images\/Dokumendid\/SKAUT_infovoldik.pdf\" target=\"_blank\">SKAUT infovoldik<\/a> <\/td><td><\/td><\/tr><\/tbody><\/table><\/figure>\n\n\n\n<p><strong>LIIKMEANKEET<\/strong><\/p>\n\n\n\n<p>Liikmeankeeti on v\u00f5imalik t\u00e4ita digitaalselt <a href=\"https:\/\/skaut.ee\/liikmeankeet\/\" target=\"_blank\" rel=\"noreferrer noopener\">SIIN<\/a>. T\u00e4idetud ankeet edastatakse soovitud e-maili aadressile allkirjastamiseks. Allkirjastatud ankeet on vaja edastada kontorisse (<a href=\"mailto:aneth.kond@skaut.ee\">annika.kullamae@skaut.ee<\/a> v\u00f5i Juurdeveo 22a-2, Tallinn, 11313).<\/p>\n\n\n\n<p>Kui soovid t\u00e4ita ankeeti paberil, lae alla endale vastav versioon ning edasta t\u00e4idetud ja allkirjastatud ankeet aadressile Juurdeveo 22A-2, Tallinn 11313.&nbsp;Info liikmemaksu ja soodustuste kohta leiad <a href=\"https:\/\/skaut.ee\/liitu\/liikmemaks\/\">SIIT<\/a>.<\/p>\n\n\n\n<div class=\"wp-block-file\"><a id=\"wp-block-file--media-2fbbf160-7210-4c91-a099-0bea3a82c5c3\" href=\"https:\/\/skaut.ee\/wp-content\/uploads\/2024\/10\/Liikmeankeet_noorele.docx\">Liikmeankeet noorele<\/a><a href=\"https:\/\/skaut.ee\/wp-content\/uploads\/2024\/10\/Liikmeankeet_noorele.docx\" class=\"wp-block-file__button wp-element-button\" download aria-describedby=\"wp-block-file--media-2fbbf160-7210-4c91-a099-0bea3a82c5c3\">Laadi alla<\/a><\/div>\n\n\n\n<div class=\"wp-block-file\"><a id=\"wp-block-file--media-0f19622a-a68e-498a-a275-ea49c5c895f7\" href=\"https:\/\/skaut.ee\/wp-content\/uploads\/2024\/10\/Liikmeankeet_taiskasvanule_2020.docx\">Liikmeankeet t\u00e4iskasvanule<\/a><a href=\"https:\/\/skaut.ee\/wp-content\/uploads\/2024\/10\/Liikmeankeet_taiskasvanule_2020.docx\" class=\"wp-block-file__button wp-element-button\" download aria-describedby=\"wp-block-file--media-0f19622a-a68e-498a-a275-ea49c5c895f7\">Laadi alla<\/a><\/div>\n\n\n\n<p><strong>KULUARUANDED<\/strong><\/p>\n\n\n\n<p>Vaata kuluaruande t\u00e4itmise juhiseid&nbsp;<a href=\"https:\/\/skaut.ee\/liikmele\/failipank\/kuludokumendid-ja-nende-huvitamise-kord\/\">siit<\/a>.&nbsp;&nbsp;<\/p>\n\n\n\n<figure class=\"wp-block-table is-style-stripes\"><table class=\"has-background has-fixed-layout\" style=\"background-color:#e9fbe5\"><tbody><tr><td><a href=\"https:\/\/skaut.ee\/wp-content\/uploads\/2019\/12\/ES\u00dc-Kuluaruanne.xlsx\">ES\u00dc kuluaruande blankett XLS<\/a><\/td><td><a href=\"https:\/\/skaut.ee\/wp-content\/uploads\/2019\/12\/ES\u00dc-Kuluaruanne.pdf\" target=\"_blank\" rel=\"noreferrer noopener\" aria-label=\"ES\u00dc kuluaruande blankett PDF (avatakse uues sakis)\">ES\u00dc kuluaruande blankett PDF<\/a><\/td><\/tr><\/tbody><\/table><\/figure>\n\n\n\n<p><strong>ES\u00dc TEGEVUSKAVA<\/strong><\/p>\n\n\n\n<p>Siit saad endale alla laadida ES\u00dc \u00fcritustekava faili Exceli formaadis. Tegevuskavas v\u00f5ib ette tulla muudatusi. Jooksvat \u00fcrituste seisu saab k\u00f5ige paremini j\u00e4lgida  ES\u00dc kodulehel <a href=\"https:\/\/skaut.ee\/uritused\/\">https:\/\/skaut.ee\/uritused\/<\/a>. <\/p>\n\n\n\n<figure class=\"wp-block-table is-style-stripes\"><table class=\"has-background has-fixed-layout\" style=\"background-color:#e9fbe5\"><tbody><tr><td><a href=\"https:\/\/skautee-my.sharepoint.com\/:x:\/g\/personal\/info_skaut_ee\/EZsCtI9QcV9AtZc6AcVR9U8BWruFLsTPYMlD1sWf5Ju22Q?e=TCO1fR\">ES\u00dc \u00dcrituste kava 2026<\/a><\/td><td><\/td><\/tr><\/tbody><\/table><\/figure>\n\n\n\n<p><strong>PROGRAMMIMATERJALID<\/strong><\/p>\n\n\n\n<figure class=\"wp-block-table is-style-stripes\"><table class=\"has-background has-fixed-layout\" style=\"background-color:#e9fbe5\"><tbody><tr><td><a href=\"https:\/\/skaut.ee\/wp-content\/uploads\/2020\/10\/Hundu_vihik_2020_A5_kodulehele.pdf\" target=\"_blank\" rel=\"noreferrer noopener\">Hundu uus vihik-raamat<\/a> \/ <a href=\"https:\/\/skaut.ee\/wp-content\/uploads\/2022\/06\/hundu_A5_bleed3mm_rus_TRUKIVALMIS.pdf\" target=\"_blank\" rel=\"noreferrer noopener\">venekeelne<\/a><\/td><td>Juhend ES\u00dc koolituss\u00fcsteem (uuendamisel) <\/td><\/tr><tr><td><a href=\"https:\/\/skaut.ee\/wp-content\/uploads\/2020\/09\/LOPLIK_hundujuhi_raamat_2020_Web.pdf\" target=\"_blank\" rel=\"noreferrer noopener\">Hundujuhi uus raamat<\/a> \/ <a href=\"https:\/\/skaut.ee\/wp-content\/uploads\/2022\/06\/hundujuht_A5_bleed3mm_rus_TRUKIVALMIS.pdf\" target=\"_blank\" rel=\"noreferrer noopener\">venekeelne<\/a><\/td><td><a rel=\"noreferrer noopener\" href=\"https:\/\/skaut.ee\/images\/Dokumendid\/Sonastik.pdf\" target=\"_blank\">Skautlikud oskuss\u00f5nad eesti ja inglise keeles<\/a><\/td><\/tr><tr><td><a href=\"https:\/\/skaut.ee\/wp-content\/uploads\/2021\/01\/Hunduringi-blankett-2021-1.pdf\" target=\"_blank\" rel=\"noreferrer noopener\">Hunduringi blankett<\/a><\/td><td><a href=\"https:\/\/skaut.ee\/wp-content\/uploads\/2021\/10\/Skaudioskused-2021-valjavote-Kasiraamatust.pdf\" target=\"_blank\" rel=\"noreferrer noopener\">Hundu- ja skaudioskused PDF<\/a><\/td><\/tr><tr><td><a rel=\"noreferrer noopener\" href=\"https:\/\/skaut.ee\/images\/Dokumendid\/Noorteprogrammi-voldik.pdf\" target=\"_blank\">Skautide programmi voldik<\/a> <\/td><td><a href=\"https:\/\/skaut.ee\/ideed\/\" target=\"_blank\" rel=\"noreferrer noopener\">Skauditarkused ja tegevusideed<\/a> \/ <a href=\"https:\/\/skautee-my.sharepoint.com\/:f:\/g\/personal\/info_skaut_ee\/Ev0hE_sjKVNCvK7aJ9AcFTgBdYiwBWo48XFYMcDpoPn3fw?e=mbxFa3\" target=\"_blank\" rel=\"noreferrer noopener\">Praktilised \u00f5ppematerjalid<\/a><\/td><\/tr><tr><td><a rel=\"noreferrer noopener\" href=\"https:\/\/skaut.ee\/images\/Dokumendid\/Vsk-taskuraamat.pdf\" target=\"_blank\">Vanemskautide taskuraamat<\/a> <\/td><td><a href=\"https:\/\/skaut.ee\/wp-content\/uploads\/2021\/01\/Skaudiringi-blankett-2021-1.pdf\" target=\"_blank\" rel=\"noreferrer noopener\">Skaudiringi blankett<\/a><\/td><\/tr><tr><td><a rel=\"noreferrer noopener\" href=\"https:\/\/skaut.ee\/images\/Dokumendid\/RANDURID-taskuraamat.pdf\" target=\"_blank\">R\u00e4ndurite taskuraamat<\/a>  <\/td><td><a href=\"https:\/\/dspace.ut.ee\/bitstream\/handle\/10062\/75691\/skaudijuht_A5.pdf?sequence=6&amp;isAllowed=y\" target=\"_blank\" rel=\"noreferrer noopener\">Skaudijuhi k\u00e4siraamat<\/a><\/td><\/tr><\/tbody><\/table><\/figure>\n\n\n\n<p><strong>\u00dcRITUSE KORRALDAMINE<\/strong>&nbsp;<\/p>\n\n\n\n<figure class=\"wp-block-table is-style-stripes\"><table class=\"has-background has-fixed-layout\" style=\"background-color:#e9fbe5\"><tbody><tr><td><a href=\"https:\/\/skaut.ee\/wp-content\/uploads\/2022\/01\/220122-Urituste-korraldamise-juhend.pdf\" target=\"_blank\" rel=\"noreferrer noopener\">ES\u00dc \u00fcrituste korraldamise juhend<\/a><\/td><td><a href=\"https:\/\/skaut.ee\/wp-content\/uploads\/2023\/06\/Lisa-6.-Urituse-aruande-pohi-2.docx\" target=\"_blank\" rel=\"noreferrer noopener\">Lisa 6. ES\u00dc \u00fcrituse aruande p\u00f5hi<\/a><\/td><\/tr><tr><td><a href=\"https:\/\/skaut.ee\/wp-content\/uploads\/2023\/06\/Lisa-1.-Urituse-aruande-koostamise-juhend.pdf\" target=\"_blank\" rel=\"noreferrer noopener\">Lisa 1. \u00dcrituse aruande koostamise juhend<\/a><\/td><td><a rel=\"noreferrer noopener\" href=\"https:\/\/skaut.ee\/images\/Dokumendid\/erijuhendid\/Lisa7_Yrituse_juhend.pdf\" target=\"_blank\">Lisa 7. Suurlaagri korraldamise t\u00e4iendavad reeglid<\/a><\/td><\/tr><tr><td><a rel=\"noreferrer noopener\" href=\"https:\/\/skaut.ee\/images\/Dokumendid\/erijuhendid\/Lisa2_Yrituse_juhend.pdf\" target=\"_blank\">Lisa 2. Majanduskulude aruande blankett<\/a><\/td><td><a href=\"https:\/\/skaut.ee\/wp-content\/uploads\/2023\/06\/Lisa-8.-Vabatahtliku-registreerimise-leht.pdf\" target=\"_blank\" rel=\"noreferrer noopener\">Lisa 8. Vabatahtliku registreerimise leht<\/a><\/td><\/tr><tr><td><a rel=\"noreferrer noopener\" href=\"https:\/\/skaut.ee\/images\/Dokumendid\/erijuhendid\/Lisa3_Yrituse_juhend.pdf\" target=\"_blank\">Lisa 3. P\u00e4evanormid<\/a><\/td><td><a href=\"https:\/\/skaut.ee\/wp-content\/uploads\/2023\/06\/Lisa-9.-Urituse-kommunikatsioon.pdf\" target=\"_blank\" rel=\"noreferrer noopener\">Lisa 9. \u00dcrituse kommunikatsioon<\/a><\/td><\/tr><tr><td><a href=\"https:\/\/skaut.ee\/wp-content\/uploads\/2022\/01\/Lisa-4.-Urituse-info-blankett.pdf\" target=\"_blank\" rel=\"noreferrer noopener\">Lisa 4. \u00dcrituse info blankett<\/a><\/td><td><a href=\"https:\/\/skaut.ee\/wp-content\/uploads\/2021\/12\/Lisa-10-Keskkonnasobraliku-urituse-korraldamine.pdf\" target=\"_blank\" rel=\"noreferrer noopener\">Lisa 10. Keskkonnas\u00f5bralik \u00fcrituse korraldamine<\/a><\/td><\/tr><tr><td><a rel=\"noreferrer noopener\" href=\"https:\/\/skaut.ee\/images\/Dokumendid\/erijuhendid\/Lisa5_Yrituse_juhend.pdf\" target=\"_blank\">Lisa 5. \u00dcrituse reeglid<\/a><\/td><td><a href=\"https:\/\/skaut.ee\/wp-content\/uploads\/2022\/01\/Lisa-11.-Eelarve-kuluaruande-pohi.xlsx\" target=\"_blank\" rel=\"noreferrer noopener\">Lisa 11. Eelarve-kuluaruande p\u00f5hi<\/a><\/td><\/tr><\/tbody><\/table><\/figure>\n\n\n\n<p><strong>(ERI)JUHENDID<\/strong>&nbsp;<\/p>\n\n\n\n<figure class=\"wp-block-table is-style-stripes\"><table class=\"has-background has-fixed-layout\" style=\"background-color:#e9fbe5\"><tbody><tr><td><a href=\"https:\/\/skautee-my.sharepoint.com\/:w:\/g\/personal\/info_skaut_ee\/ETfZbwZr2DFMhAeVod5dD9gBFwwCoLscNcdo52urppkmDA?e=VInWFX\" target=\"_blank\" rel=\"noreferrer noopener\">Erijuhend Vorm ja s\u00fcmboolika<\/a><\/td><td>Juhend ES\u00dc&nbsp;t\u00f6\u00f6korraldus<\/td><\/tr><tr><td><a href=\"https:\/\/skaut.ee\/wp-content\/uploads\/2022\/03\/220319-Erijuhend-EDUTUSED-JA-AUNIMETUSED.pdf\" target=\"_blank\" rel=\"noreferrer noopener\">Erijuhend Edutused ja aunimetused<\/a><\/td><td><a rel=\"noreferrer noopener\" href=\"https:\/\/skaut.ee\/images\/Dokumendid\/erijuhendid\/121124-Erijuhend-SKAUDIJUHI-EETILINE-KITUMINE.pdf\" target=\"_blank\">Juhend Skaudijuhi eetiline k\u00e4itumine<\/a><\/td><\/tr><tr><td><a rel=\"noreferrer noopener\" href=\"https:\/\/skaut.ee\/images\/Dokumendid\/erijuhendid\/Rajataht.pdf\" target=\"_blank\">Erijuhend Rajat\u00e4ht<\/a><\/td><td><a href=\"https:\/\/skaut.ee\/wp-content\/uploads\/2020\/03\/190221-Juhend-EESTI-SKAUTIDE-\u00dcHINGU-LASTEKAITSE-JUHEND.pdf\" target=\"_blank\" rel=\"noreferrer noopener\" aria-label=\"Juhend Lastekaitse (avatakse uues sakis)\">Juhend Lastekaitse<\/a><\/td><\/tr><tr><td><a rel=\"noreferrer noopener\" href=\"https:\/\/skaut.ee\/images\/Dokumendid\/erijuhendid\/Pohjataht.pdf\" target=\"_blank\">Erijuhend P\u00f5hjat\u00e4ht<\/a><\/td><td>Juhend Skautmasterite Kogu kodukord<\/td><\/tr><tr><td><a rel=\"noreferrer noopener\" href=\"https:\/\/skaut.ee\/images\/Dokumendid\/erijuhendid\/Tammetaht.pdf\" target=\"_blank\">Erijuhend Tammet\u00e4ht<\/a><\/td><td>Erijuhend \u00dcldkogu kodukord<\/td><\/tr><tr><td><a rel=\"noreferrer noopener\" href=\"https:\/\/skaut.ee\/images\/Dokumendid\/erijuhendid\/Skaudisober.pdf\" target=\"_blank\">Erijuhend Skaudis\u00f5ber<\/a><\/td><td>Erijuhend Aukohtu kodukord<\/td><\/tr><tr><td><a href=\"https:\/\/skaut.ee\/images\/Dokumendid\/erijuhendid\/Erijuhend-HBEHUNT.pdf\" target=\"_blank\" rel=\"noreferrer noopener\">Erijuhend H\u00f5behunt<\/a><\/td><td>Juhend Skaudikeskused<\/td><\/tr><tr><td><a rel=\"noreferrer noopener\" href=\"https:\/\/skaut.ee\/images\/Dokumendid\/erijuhendid\/Juhend-RIVI-JA-LIPUD.pdf\" target=\"_blank\">Juhend Rivi ja lipud<\/a><\/td><td><a href=\"https:\/\/skaut.ee\/wp-content\/uploads\/2019\/11\/ESU_tunnusgraafika_juhend.pdf\" target=\"_blank\" rel=\"noreferrer noopener\">Juhend ES\u00dc tunnusgraafika<\/a> ja <a href=\"https:\/\/skautee-my.sharepoint.com\/:f:\/g\/personal\/info_skaut_ee\/EvHOLThREdxKiV2fEu5iXyYB28ULBAAkUAuy6WYW3L7xig?e=okOe1a\" target=\"_blank\" rel=\"noreferrer noopener\">logod<\/a><\/td><\/tr><\/tbody><\/table><\/figure>\n\n\n\n<p><strong>RAAMATUKOGU<\/strong><\/p>\n\n\n\n<figure class=\"wp-block-table is-style-stripes\"><table class=\"has-background has-fixed-layout\" style=\"background-color:#e9fbe5\"><tbody><tr><td> <a rel=\"noreferrer noopener\" href=\"https:\/\/docs.google.com\/spreadsheets\/d\/1Zu4YqgdnPCcmJUGsdDKW3nz7h0GyZL4Pw9savNgHYwc\/edit?usp=sharing\" target=\"_blank\">ES\u00dc raamatukogu nimekiri<\/a> <\/td><td> <a rel=\"noreferrer noopener\" href=\"https:\/\/skaut.ee\/images\/Dokumendid\/Jmesre-jljed.pdf\" target=\"_blank\">Raamat J\u00e4mes\u00e4\u00e4re j\u00e4ljed<\/a> <\/td><\/tr><\/tbody><\/table><\/figure>\n\n\n\n<p><strong>VARUSTUS\/SKAUDILADU<\/strong>&nbsp;&nbsp;<\/p>\n\n\n\n<figure class=\"wp-block-table is-style-stripes\"><table class=\"has-background has-fixed-layout\" style=\"background-color:#e9fbe5\"><tbody><tr><td> <a rel=\"noreferrer noopener\" href=\"https:\/\/docs.google.com\/spreadsheets\/d\/1-zYbInpLrMfRp5NDcfMb6jzZnVd5k_ojEYDhrSwgGDs\/edit?usp=sharing\" target=\"_blank\">ES\u00dc laenutatava varustuse nimekiri<\/a> <\/td><td><\/td><\/tr><\/tbody><\/table><\/figure>\n\n\n\n<p><strong>MAJANDUSAASTA ARUANDED<\/strong><\/p>\n\n\n\n<figure class=\"wp-block-table is-style-stripes\"><table class=\"has-background has-fixed-layout\" style=\"background-color:#e9fbe5\"><tbody><tr><td><a href=\"https:\/\/skaut.ee\/wp-content\/uploads\/2022\/06\/28-220319-03-ESU-majandusaasta-aruanne-2021.pdf\" target=\"_blank\" rel=\"noreferrer noopener\">ES\u00dc majandusaasta aruanne 2021<\/a><\/td><td><a href=\"https:\/\/skaut.ee\/wp-content\/uploads\/2023\/09\/29-230318-03-ESU-majandusaasta-aruanne-2022.pdf\" target=\"_blank\" rel=\"noreferrer noopener\">ES\u00dc majandusaasta aruanne 2022<\/a><\/td><\/tr><tr><td><a href=\"https:\/\/skaut.ee\/wp-content\/uploads\/2020\/09\/Aruanne_80048529_1597947674.pdf\" target=\"_blank\" rel=\"noreferrer noopener\">ES\u00dc majandusaasta aruanne 2019<\/a><\/td><td><a href=\"https:\/\/skaut.ee\/wp-content\/uploads\/2021\/11\/ESU-maj-aruanne-2020.pdf\" target=\"_blank\" rel=\"noreferrer noopener\">ES\u00dc majandusaasta aruanne 2020<\/a><\/td><\/tr><tr><td><a href=\"https:\/\/skaut.ee\/images\/Dokumendid\/Lisa-1---Majandusaasta-aruanne-2017.pdf\" target=\"_blank\" rel=\"noreferrer noopener\">ES\u00dc majandusaasta aruanne 2017<\/a><\/td><td><a href=\"https:\/\/skaut.ee\/images\/Dokumendid\/Lisa-2---Majandusaasta-aruanne-2018.pdf\" target=\"_blank\" rel=\"noreferrer noopener\">ES\u00dc majandusaasta aruanne 2018<\/a><\/td><\/tr><tr><td><a href=\"https:\/\/skaut.ee\/images\/Dokumendid\/ES-majandusaasta-aruanne-2014-2015.pdf\" target=\"_blank\" rel=\"noreferrer noopener\">ES\u00dc majandusaasta aruanne 2014-2015<\/a><\/td><td><a href=\"https:\/\/skaut.ee\/images\/Dokumendid\/ES-majandusaasta-aruanne-2016.pdf\" target=\"_blank\" rel=\"noreferrer noopener\">ES\u00dc majandusaasta aruanne 2016<\/a><\/td><\/tr><tr><td><a href=\"https:\/\/skaut.ee\/images\/Dokumendid\/aruanded\/majandusaruanne_2012-2013.pdf\" target=\"_blank\" rel=\"noreferrer noopener\">ES\u00dc majandusaasta aruanne 2012-2013<\/a><\/td><td><a href=\"https:\/\/skaut.ee\/images\/Dokumendid\/aruanded\/majandusaruanne_2013-2014.pdf\">ES\u00dc majandusaasta aruanne 2013-2014<\/a><\/td><\/tr><\/tbody><\/table><\/figure>\n\n\n\n<p><strong>ES\u00dc PRIVAATSUSTINGIMUSED<\/strong><\/p>\n\n\n\n<p><a href=\"https:\/\/skaut.ee\/wp-content\/uploads\/2020\/01\/Isikuandmete-t\u00f6\u00f6tlemise-p\u00f5him\u00f5tted-ES\u00dc.pdf\" target=\"_blank\" rel=\"noreferrer noopener\" aria-label=\"Isikuandmete t\u00f6\u00f6tlemise p\u00f5him\u00f5tted (avatakse uues sakis)\">Isikuandmete t\u00f6\u00f6tlemise p\u00f5him\u00f5tted<\/a><\/p>\n","protected":false},"excerpt":{"rendered":"<p>ES\u00dc p\u00f5hikiri&nbsp; ES\u00dc arengukava 2021-2028 ES\u00dc uuringu raport TUTVUSTUSMATERJAL SKAUT infovoldik LIIKMEANKEET Liikmeankeeti on v\u00f5imalik t\u00e4ita digitaalselt SIIN. T\u00e4idetud ankeet&#8230;<\/p>\n","protected":false},"author":1,"featured_media":0,"parent":10195,"menu_order":0,"comment_status":"closed","ping_status":"closed","template":"page-templates\/tpl-no-sidebar.php","meta":{"_acf_changed":false,"inline_featured_image":false,"_monsterinsights_skip_tracking":false,"_monsterinsights_sitenote_active":false,"_monsterinsights_sitenote_note":"","_monsterinsights_sitenote_category":0,"cybocfi_hide_featured_image":"","footnotes":"","_links_to":"","_links_to_target":""},"class_list":["post-10196","page","type-page","status-publish","hentry"],"acf":[],"yoast_head":"<!-- This site is optimized with the Yoast SEO plugin v27.0 - https:\/\/yoast.com\/product\/yoast-seo-wordpress\/ -->\n<title>Dokumendid - Skaut<\/title>\n<meta name=\"robots\" content=\"index, follow, max-snippet:-1, max-image-preview:large, max-video-preview:-1\" \/>\n<link rel=\"canonical\" href=\"https:\/\/skaut.ee\/en\/liikmele\/failipank\/\" \/>\n<meta property=\"og:locale\" content=\"en_US\" \/>\n<meta property=\"og:type\" content=\"article\" \/>\n<meta property=\"og:title\" content=\"Dokumendid - Skaut\" \/>\n<meta property=\"og:description\" content=\"ES\u00dc p\u00f5hikiri&nbsp; ES\u00dc arengukava 2021-2028 ES\u00dc uuringu raport TUTVUSTUSMATERJAL SKAUT infovoldik LIIKMEANKEET Liikmeankeeti on v\u00f5imalik t\u00e4ita digitaalselt SIIN. T\u00e4idetud ankeet...\" \/>\n<meta property=\"og:url\" content=\"https:\/\/skaut.ee\/en\/liikmele\/failipank\/\" \/>\n<meta property=\"og:site_name\" content=\"Skaut\" \/>\n<meta property=\"article:modified_time\" content=\"2026-03-21T12:15:21+00:00\" \/>\n<meta name=\"twitter:card\" content=\"summary_large_image\" \/>\n<meta name=\"twitter:label1\" content=\"Est. reading time\" \/>\n\t<meta name=\"twitter:data1\" content=\"2 minutes\" \/>\n<script type=\"application\/ld+json\" class=\"yoast-schema-graph\">{\"@context\":\"https:\/\/schema.org\",\"@graph\":[{\"@type\":\"WebPage\",\"@id\":\"https:\/\/skaut.ee\/en\/liikmele\/failipank\/\",\"url\":\"https:\/\/skaut.ee\/en\/liikmele\/failipank\/\",\"name\":\"Dokumendid - Skaut\",\"isPartOf\":{\"@id\":\"https:\/\/skaut.ee\/#website\"},\"datePublished\":\"2019-09-10T09:35:16+00:00\",\"dateModified\":\"2026-03-21T12:15:21+00:00\",\"breadcrumb\":{\"@id\":\"https:\/\/skaut.ee\/en\/liikmele\/failipank\/#breadcrumb\"},\"inLanguage\":\"en-US\",\"potentialAction\":[{\"@type\":\"ReadAction\",\"target\":[\"https:\/\/skaut.ee\/en\/liikmele\/failipank\/\"]}]},{\"@type\":\"BreadcrumbList\",\"@id\":\"https:\/\/skaut.ee\/en\/liikmele\/failipank\/#breadcrumb\",\"itemListElement\":[{\"@type\":\"ListItem\",\"position\":1,\"name\":\"Home\",\"item\":\"https:\/\/skaut.ee\/en\/\"},{\"@type\":\"ListItem\",\"position\":2,\"name\":\"FOR MEMBERS\",\"item\":\"https:\/\/skaut.ee\/en\/liikmele\/\"},{\"@type\":\"ListItem\",\"position\":3,\"name\":\"Dokumendid\"}]},{\"@type\":\"WebSite\",\"@id\":\"https:\/\/skaut.ee\/#website\",\"url\":\"https:\/\/skaut.ee\/\",\"name\":\"Skaut\",\"description\":\"Eesti Skautide \u00dchingu koduleht\",\"potentialAction\":[{\"@type\":\"SearchAction\",\"target\":{\"@type\":\"EntryPoint\",\"urlTemplate\":\"https:\/\/skaut.ee\/?s={search_term_string}\"},\"query-input\":{\"@type\":\"PropertyValueSpecification\",\"valueRequired\":true,\"valueName\":\"search_term_string\"}}],\"inLanguage\":\"en-US\"}]}<\/script>\n<!-- \/ Yoast SEO plugin. -->","yoast_head_json":{"title":"Dokumendid - Skaut","robots":{"index":"index","follow":"follow","max-snippet":"max-snippet:-1","max-image-preview":"max-image-preview:large","max-video-preview":"max-video-preview:-1"},"canonical":"https:\/\/skaut.ee\/en\/liikmele\/failipank\/","og_locale":"en_US","og_type":"article","og_title":"Dokumendid - Skaut","og_description":"ES\u00dc p\u00f5hikiri&nbsp; ES\u00dc arengukava 2021-2028 ES\u00dc uuringu raport TUTVUSTUSMATERJAL SKAUT infovoldik LIIKMEANKEET Liikmeankeeti on v\u00f5imalik t\u00e4ita digitaalselt SIIN. T\u00e4idetud ankeet...","og_url":"https:\/\/skaut.ee\/en\/liikmele\/failipank\/","og_site_name":"Skaut","article_modified_time":"2026-03-21T12:15:21+00:00","twitter_card":"summary_large_image","twitter_misc":{"Est. reading time":"2 minutes"},"schema":{"@context":"https:\/\/schema.org","@graph":[{"@type":"WebPage","@id":"https:\/\/skaut.ee\/en\/liikmele\/failipank\/","url":"https:\/\/skaut.ee\/en\/liikmele\/failipank\/","name":"Dokumendid - Skaut","isPartOf":{"@id":"https:\/\/skaut.ee\/#website"},"datePublished":"2019-09-10T09:35:16+00:00","dateModified":"2026-03-21T12:15:21+00:00","breadcrumb":{"@id":"https:\/\/skaut.ee\/en\/liikmele\/failipank\/#breadcrumb"},"inLanguage":"en-US","potentialAction":[{"@type":"ReadAction","target":["https:\/\/skaut.ee\/en\/liikmele\/failipank\/"]}]},{"@type":"BreadcrumbList","@id":"https:\/\/skaut.ee\/en\/liikmele\/failipank\/#breadcrumb","itemListElement":[{"@type":"ListItem","position":1,"name":"Home","item":"https:\/\/skaut.ee\/en\/"},{"@type":"ListItem","position":2,"name":"FOR MEMBERS","item":"https:\/\/skaut.ee\/en\/liikmele\/"},{"@type":"ListItem","position":3,"name":"Dokumendid"}]},{"@type":"WebSite","@id":"https:\/\/skaut.ee\/#website","url":"https:\/\/skaut.ee\/","name":"Skaut","description":"Eesti Skautide \u00dchingu koduleht","potentialAction":[{"@type":"SearchAction","target":{"@type":"EntryPoint","urlTemplate":"https:\/\/skaut.ee\/?s={search_term_string}"},"query-input":{"@type":"PropertyValueSpecification","valueRequired":true,"valueName":"search_term_string"}}],"inLanguage":"en-US"}]}},"_links":{"self":[{"href":"https:\/\/skaut.ee\/en\/wp-json\/wp\/v2\/pages\/10196","targetHints":{"allow":["GET"]}}],"collection":[{"href":"https:\/\/skaut.ee\/en\/wp-json\/wp\/v2\/pages"}],"about":[{"href":"https:\/\/skaut.ee\/en\/wp-json\/wp\/v2\/types\/page"}],"author":[{"embeddable":true,"href":"https:\/\/skaut.ee\/en\/wp-json\/wp\/v2\/users\/1"}],"replies":[{"embeddable":true,"href":"https:\/\/skaut.ee\/en\/wp-json\/wp\/v2\/comments?post=10196"}],"version-history":[{"count":3,"href":"https:\/\/skaut.ee\/en\/wp-json\/wp\/v2\/pages\/10196\/revisions"}],"predecessor-version":[{"id":15385,"href":"https:\/\/skaut.ee\/en\/wp-json\/wp\/v2\/pages\/10196\/revisions\/15385"}],"up":[{"embeddable":true,"href":"https:\/\/skaut.ee\/en\/wp-json\/wp\/v2\/pages\/10195"}],"wp:attachment":[{"href":"https:\/\/skaut.ee\/en\/wp-json\/wp\/v2\/media?parent=10196"}],"curies":[{"name":"wp","href":"https:\/\/api.w.org\/{rel}","templated":true}]}}