{"id":10193,"date":"2019-11-26T13:28:16","date_gmt":"2019-11-26T11:28:16","guid":{"rendered":"https:\/\/skaut.ee\/uudised\/eesti-skaut\/"},"modified":"2025-03-16T12:22:50","modified_gmt":"2025-03-16T10:22:50","slug":"eesti-skaut","status":"publish","type":"page","link":"https:\/\/skaut.ee\/en\/uudised\/eesti-skaut\/","title":{"rendered":"Ajakiri &#8220;Eesti Skaut&#8221;"},"content":{"rendered":"\n<p>Ajakiri &#8220;Eesti Skaut&#8221; ilmub <strong>kord aastas kevadel<\/strong>. Ootame igasse ajakirja numbrisse kaast\u00f6id nii noortelt kui juhtidelt kui ka v\u00e4ljastpoolt skautlust. Kajastame nii ES\u00dc, \u00fcksuste kui v\u00e4lis\u00fcritusi, programmi teemasid, hundu- ja skauditarkusi, infot skaudijuhtidele, nuputamis\u00fclesandeid, meisterdamist, retsepte jm. Samuti tutvustame nii ES\u00dc inimesi kui skaudis\u00f5pru l\u00e4bi persoonilugude ning ka uusi ES\u00dc \u00fcksuseid.<\/p>\n\n\n\n<p><strong>Kui &#8230;<\/strong><\/p>\n\n\n\n<ul class=\"wp-block-list\">\n<li>Sinu \u00fcksuses on toimunud m\u00f5ni vahva matk v\u00f5i laager;<\/li>\n\n\n\n<li>k\u00e4isid just m\u00f5nes v\u00e4lislaagris;&nbsp;<\/li>\n\n\n\n<li>Sul on m\u00f5ned toredad tarkuseterad looduse, matkamise, ilma vm kohta, mida v\u00f5iks ka teistega jagada;&nbsp;<\/li>\n\n\n\n<li>Sul on m\u00f5ni  retsept, mida oled ise katsetanud ja mis tuli maitsvalt v\u00e4lja;<\/li>\n\n\n\n<li>Sulle meeldib v\u00f5i soovid katsetada m\u00f5ne m\u00f5istatuse, rists\u00f5na vm nuputamis\u00fclesande koostamist;<\/li>\n\n\n\n<li>oled ise v\u00f5i oma \u00fcksuses hiljuti midagi p\u00f5nevat meisterdanud;<\/li>\n\n\n\n<li>Sul on ajaloohuvi ja sooviksid uurida ning kirja panna loo m\u00f5nest vanemast skautlikust s\u00fcndmusest v\u00f5i skautlusega seotud inimesest.<\/li>\n<\/ul>\n\n\n\n<p><strong>&#8230; siis saada selle kohta alustuseks v\u00e4ike m\u00e4rge\/m\u00f5te ajakirja peatoimetajale Liisa Kaaramale\u00a0<a href=\"mailto:ajakiri@skaut.ee\">ajakiri@skaut.ee<\/a>\u00a0ning saame siis juba otse t\u00e4psema sisu kokku leppida.\u00a0<\/strong><\/p>\n\n\n\n<p>Ajakirja jagame nii oma liikmetele\/\u00fcksustele kui ka raamatukogudele, koolidele jt. Samuti levitame ajakirja ES\u00dc tutvustus\u00fcritustel.&nbsp;<\/p>\n\n\n\n<hr class=\"wp-block-separator has-css-opacity\"\/>\n\n\n\n<p class=\"has-text-align-center\"><a aria-label=\"Ilmunud ajakirjad Eesti Skaut lugemiseks ISSUU keskkonnas (avatakse uues sakis)\" href=\"https:\/\/issuu.com\/skaut\" target=\"_blank\" rel=\"noreferrer noopener\"><strong>Ilmunud ajakirjad &#8220;Eesti Skaut&#8221; lugemiseks ISSUU keskkonnas<\/strong><\/a><\/p>\n\n\n\n<hr class=\"wp-block-separator has-css-opacity\"\/>\n","protected":false},"excerpt":{"rendered":"<p>Ajakiri &#8220;Eesti Skaut&#8221; ilmub kord aastas kevadel. Ootame igasse ajakirja numbrisse kaast\u00f6id nii noortelt kui juhtidelt kui ka v\u00e4ljastpoolt skautlust&#8230;.<\/p>\n","protected":false},"author":1,"featured_media":0,"parent":10191,"menu_order":4,"comment_status":"closed","ping_status":"closed","template":"","meta":{"_acf_changed":false,"inline_featured_image":false,"_monsterinsights_skip_tracking":false,"_monsterinsights_sitenote_active":false,"_monsterinsights_sitenote_note":"","_monsterinsights_sitenote_category":0,"cybocfi_hide_featured_image":"","footnotes":"","_links_to":"","_links_to_target":""},"class_list":["post-10193","page","type-page","status-publish","hentry"],"acf":[],"yoast_head":"<!-- This site is optimized with the Yoast SEO plugin v27.0 - https:\/\/yoast.com\/product\/yoast-seo-wordpress\/ -->\n<title>Ajakiri &quot;Eesti Skaut&quot; - Skaut<\/title>\n<meta name=\"robots\" content=\"index, follow, max-snippet:-1, max-image-preview:large, max-video-preview:-1\" \/>\n<link rel=\"canonical\" href=\"https:\/\/skaut.ee\/en\/uudised\/eesti-skaut\/\" \/>\n<meta property=\"og:locale\" content=\"en_US\" \/>\n<meta property=\"og:type\" content=\"article\" \/>\n<meta property=\"og:title\" content=\"Ajakiri &quot;Eesti Skaut&quot; - Skaut\" \/>\n<meta property=\"og:description\" content=\"Ajakiri &#8220;Eesti Skaut&#8221; ilmub kord aastas kevadel. Ootame igasse ajakirja numbrisse kaast\u00f6id nii noortelt kui juhtidelt kui ka v\u00e4ljastpoolt skautlust....\" \/>\n<meta property=\"og:url\" content=\"https:\/\/skaut.ee\/en\/uudised\/eesti-skaut\/\" \/>\n<meta property=\"og:site_name\" content=\"Skaut\" \/>\n<meta property=\"article:modified_time\" content=\"2025-03-16T10:22:50+00:00\" \/>\n<meta name=\"twitter:card\" content=\"summary_large_image\" \/>\n<meta name=\"twitter:label1\" content=\"Est. reading time\" \/>\n\t<meta name=\"twitter:data1\" content=\"1 minute\" \/>\n<script type=\"application\/ld+json\" class=\"yoast-schema-graph\">{\"@context\":\"https:\/\/schema.org\",\"@graph\":[{\"@type\":\"WebPage\",\"@id\":\"https:\/\/skaut.ee\/en\/uudised\/eesti-skaut\/\",\"url\":\"https:\/\/skaut.ee\/en\/uudised\/eesti-skaut\/\",\"name\":\"Ajakiri \\\"Eesti Skaut\\\" - Skaut\",\"isPartOf\":{\"@id\":\"https:\/\/skaut.ee\/#website\"},\"datePublished\":\"2019-11-26T11:28:16+00:00\",\"dateModified\":\"2025-03-16T10:22:50+00:00\",\"breadcrumb\":{\"@id\":\"https:\/\/skaut.ee\/en\/uudised\/eesti-skaut\/#breadcrumb\"},\"inLanguage\":\"en-US\",\"potentialAction\":[{\"@type\":\"ReadAction\",\"target\":[\"https:\/\/skaut.ee\/en\/uudised\/eesti-skaut\/\"]}]},{\"@type\":\"BreadcrumbList\",\"@id\":\"https:\/\/skaut.ee\/en\/uudised\/eesti-skaut\/#breadcrumb\",\"itemListElement\":[{\"@type\":\"ListItem\",\"position\":1,\"name\":\"Home\",\"item\":\"https:\/\/skaut.ee\/en\/\"},{\"@type\":\"ListItem\",\"position\":2,\"name\":\"NEWS\",\"item\":\"https:\/\/skaut.ee\/en\/uudised\/\"},{\"@type\":\"ListItem\",\"position\":3,\"name\":\"Ajakiri &#8220;Eesti Skaut&#8221;\"}]},{\"@type\":\"WebSite\",\"@id\":\"https:\/\/skaut.ee\/#website\",\"url\":\"https:\/\/skaut.ee\/\",\"name\":\"Skaut\",\"description\":\"Eesti Skautide \u00dchingu koduleht\",\"potentialAction\":[{\"@type\":\"SearchAction\",\"target\":{\"@type\":\"EntryPoint\",\"urlTemplate\":\"https:\/\/skaut.ee\/?s={search_term_string}\"},\"query-input\":{\"@type\":\"PropertyValueSpecification\",\"valueRequired\":true,\"valueName\":\"search_term_string\"}}],\"inLanguage\":\"en-US\"}]}<\/script>\n<!-- \/ Yoast SEO plugin. -->","yoast_head_json":{"title":"Ajakiri \"Eesti Skaut\" - Skaut","robots":{"index":"index","follow":"follow","max-snippet":"max-snippet:-1","max-image-preview":"max-image-preview:large","max-video-preview":"max-video-preview:-1"},"canonical":"https:\/\/skaut.ee\/en\/uudised\/eesti-skaut\/","og_locale":"en_US","og_type":"article","og_title":"Ajakiri \"Eesti Skaut\" - Skaut","og_description":"Ajakiri &#8220;Eesti Skaut&#8221; ilmub kord aastas kevadel. Ootame igasse ajakirja numbrisse kaast\u00f6id nii noortelt kui juhtidelt kui ka v\u00e4ljastpoolt skautlust....","og_url":"https:\/\/skaut.ee\/en\/uudised\/eesti-skaut\/","og_site_name":"Skaut","article_modified_time":"2025-03-16T10:22:50+00:00","twitter_card":"summary_large_image","twitter_misc":{"Est. reading time":"1 minute"},"schema":{"@context":"https:\/\/schema.org","@graph":[{"@type":"WebPage","@id":"https:\/\/skaut.ee\/en\/uudised\/eesti-skaut\/","url":"https:\/\/skaut.ee\/en\/uudised\/eesti-skaut\/","name":"Ajakiri \"Eesti Skaut\" - Skaut","isPartOf":{"@id":"https:\/\/skaut.ee\/#website"},"datePublished":"2019-11-26T11:28:16+00:00","dateModified":"2025-03-16T10:22:50+00:00","breadcrumb":{"@id":"https:\/\/skaut.ee\/en\/uudised\/eesti-skaut\/#breadcrumb"},"inLanguage":"en-US","potentialAction":[{"@type":"ReadAction","target":["https:\/\/skaut.ee\/en\/uudised\/eesti-skaut\/"]}]},{"@type":"BreadcrumbList","@id":"https:\/\/skaut.ee\/en\/uudised\/eesti-skaut\/#breadcrumb","itemListElement":[{"@type":"ListItem","position":1,"name":"Home","item":"https:\/\/skaut.ee\/en\/"},{"@type":"ListItem","position":2,"name":"NEWS","item":"https:\/\/skaut.ee\/en\/uudised\/"},{"@type":"ListItem","position":3,"name":"Ajakiri &#8220;Eesti Skaut&#8221;"}]},{"@type":"WebSite","@id":"https:\/\/skaut.ee\/#website","url":"https:\/\/skaut.ee\/","name":"Skaut","description":"Eesti Skautide \u00dchingu koduleht","potentialAction":[{"@type":"SearchAction","target":{"@type":"EntryPoint","urlTemplate":"https:\/\/skaut.ee\/?s={search_term_string}"},"query-input":{"@type":"PropertyValueSpecification","valueRequired":true,"valueName":"search_term_string"}}],"inLanguage":"en-US"}]}},"_links":{"self":[{"href":"https:\/\/skaut.ee\/en\/wp-json\/wp\/v2\/pages\/10193","targetHints":{"allow":["GET"]}}],"collection":[{"href":"https:\/\/skaut.ee\/en\/wp-json\/wp\/v2\/pages"}],"about":[{"href":"https:\/\/skaut.ee\/en\/wp-json\/wp\/v2\/types\/page"}],"author":[{"embeddable":true,"href":"https:\/\/skaut.ee\/en\/wp-json\/wp\/v2\/users\/1"}],"replies":[{"embeddable":true,"href":"https:\/\/skaut.ee\/en\/wp-json\/wp\/v2\/comments?post=10193"}],"version-history":[{"count":3,"href":"https:\/\/skaut.ee\/en\/wp-json\/wp\/v2\/pages\/10193\/revisions"}],"predecessor-version":[{"id":13347,"href":"https:\/\/skaut.ee\/en\/wp-json\/wp\/v2\/pages\/10193\/revisions\/13347"}],"up":[{"embeddable":true,"href":"https:\/\/skaut.ee\/en\/wp-json\/wp\/v2\/pages\/10191"}],"wp:attachment":[{"href":"https:\/\/skaut.ee\/en\/wp-json\/wp\/v2\/media?parent=10193"}],"curies":[{"name":"wp","href":"https:\/\/api.w.org\/{rel}","templated":true}]}}