{"id":10184,"date":"2019-11-26T14:28:30","date_gmt":"2019-11-26T12:28:30","guid":{"rendered":"https:\/\/skaut.ee\/toeta\/"},"modified":"2024-05-08T20:37:00","modified_gmt":"2024-05-08T17:37:00","slug":"toeta","status":"publish","type":"page","link":"https:\/\/skaut.ee\/en\/toeta\/","title":{"rendered":"Toeta!"},"content":{"rendered":"\n<h3 class=\"wp-block-heading\"><br><strong>Kuidas toetada skautlust, noori skaute v\u00f5i Eesti Skautide \u00dchingut?<\/strong><\/h3>\n\n\n\n<p><strong>Peamisteks toetusviisideks on:<\/strong><\/p>\n\n\n\n<ul class=\"wp-block-list\">\n<li>rahaline (sihtotstarbeline v\u00f5i mittesihtotstarbeline annetus);<\/li>\n\n\n\n<li>mitterahaline (toodete-teenuste pakkumine).<\/li>\n<\/ul>\n\n\n\n<hr class=\"wp-block-separator has-css-opacity\"\/>\n\n\n\n<h4 class=\"wp-block-heading\"><strong>Rahaline toetus<\/strong><\/h4>\n\n\n\n<p><strong>Saaja:&nbsp;<\/strong>MT\u00dc Eesti Skautide \u00dching<br><strong>Arveldusarve:<\/strong>&nbsp;EE687700771000674448<\/p>\n\n\n\n<p>Rahaliselt on v\u00f5imalik toetada l\u00e4bi sihtotstarbeliste v\u00f5i ka mittesihtotstarbeliste annetuste &#8211; see t\u00e4hendab, et kui soovid toetada lihtsalt Eesti Skautide \u00dchingut oma tegevustes, siis saad teha annetuse, lisades <strong>\u00fclekande selgituseks <\/strong>&#8220;annetus&#8221; v\u00f5i &#8220;toetus&#8221;. Kui soovid aga toetada m\u00f5nda kindlat projekti, \u00fcritust v\u00f5i ettev\u00f5tmist, siis peaks panga\u00fclekande selgitusse olema lisatud ka annetuse eesm\u00e4rk, n\u00e4iteks &#8220;Maailmajamboreest osav\u00f5tjate toetus&#8221;, &#8220;annetus ES\u00dc suurlaagri korralduse toetamiseks&#8221;, &#8220;toetus v\u00e4hekindlustatud noorte osalemiseks ES\u00dc \u00fcritustel&#8221; vms.<\/p>\n\n\n\n<p>Toetades Eesti Skautide \u00dchingut, saad (eraisikud) annetatud summadelt tuludeklaratsiooniga tagasi annetuselt tulumaksu. Selleks kontrolli \u00fcle, et \u00fclekande selgituses oleks kindlasti sees s\u00f5na<strong> &#8220;annetus&#8221; v\u00f5i &#8220;toetus&#8221; ja isikukood.<\/strong> P.S. Kui soovid, et Sinu nime ei avalikustataks ES\u00dc toetajate nimekirjas, pane palun selle kohta ka makse selgitusse m\u00e4rge (nt \u201canon\u00fc\u00fcmne annetus\u201d).<\/p>\n\n\n\n<hr class=\"wp-block-separator has-css-opacity\"\/>\n\n\n<p><a href=\"https:\/\/www.armastanaidata.ee\/annetan\/haridus\/eesti-skautide-uhing-toeta-noorte-initsiatiivi-ja-aita-kaasa-kogemuste-saamisele\"><img loading=\"lazy\" decoding=\"async\" class=\"alignright wp-image-5291\" src=\"https:\/\/skaut.ee\/wp-content\/uploads\/2021\/05\/armastanaidata-300x300.png\" alt=\"\" width=\"143\" height=\"143\" srcset=\"https:\/\/skaut.ee\/wp-content\/uploads\/2021\/05\/armastanaidata-300x300.png 300w, https:\/\/skaut.ee\/wp-content\/uploads\/2021\/05\/armastanaidata-50x50.png 50w, https:\/\/skaut.ee\/wp-content\/uploads\/2021\/05\/armastanaidata-100x100.png 100w, https:\/\/skaut.ee\/wp-content\/uploads\/2021\/05\/armastanaidata-136x136.png 136w, https:\/\/skaut.ee\/wp-content\/uploads\/2021\/05\/armastanaidata-260x260.png 260w, https:\/\/skaut.ee\/wp-content\/uploads\/2021\/05\/armastanaidata-84x84.png 84w, https:\/\/skaut.ee\/wp-content\/uploads\/2021\/05\/armastanaidata-60x60.png 60w, https:\/\/skaut.ee\/wp-content\/uploads\/2021\/05\/armastanaidata-30x30.png 30w, https:\/\/skaut.ee\/wp-content\/uploads\/2021\/05\/armastanaidata.png 408w\" sizes=\"auto, (max-width: 143px) 100vw, 143px\" \/><\/a><strong>Rahalise annetuse tegemiseks<\/strong> on n\u00fc\u00fcdsest v\u00f5imalik kasutada ka &#8220;Ma armastan aidata&#8221; keskkonda. Keskkonna kaudu toetad noorte algatuste elluviimist. Ma armastan aidata keskkonna kaudu annetuse tegemiseks vajuta <a href=\"https:\/\/www.armastanaidata.ee\/annetan\/haridus\/eesti-skautide-uhing-toeta-noorte-initsiatiivi-ja-aita-kaasa-kogemuste-saamisele\">SIIA<\/a>!<\/p>\n<p>Ait\u00e4h k\u00f5igile annetajatele!<\/p>\n\n\n<hr class=\"wp-block-separator has-css-opacity\"\/>\n\n\n\n<p><strong>Tuludeklaratsiooni t\u00e4ites <\/strong>on v\u00f5imalik m\u00e4\u00e4rata tuludeklaratsioonist saadava tulu kandumine annetusena otse ES\u00dc kontole. Oleme v\u00e4ga t\u00e4nulikud, kui kasutad seda v\u00f5imalust ja toetad nii skautlust!<\/p>\n\n\n\n<hr class=\"wp-block-separator has-css-opacity\"\/>\n\n\n\n<h4 class=\"wp-block-heading\">Mitterahaline toetus<\/h4>\n\n\n\n<p>Mitterahaline toetus v\u00f5ib olla nii toodete kui ka teenuste pakkumine kas \u00fchekordselt m\u00f5ne kindla \u00fcrituse raames v\u00f5i pikaajaline koost\u00f6\u00f6 laiemalt organisatsioonis. Mitterahalise koost\u00f6\u00f6 pakkumiseks kirjuta&nbsp;<a href=\"mailto:info@skaut.ee\">info@skaut.ee<\/a>&nbsp;oma m\u00f5tted ja selle baasilt saame juba edasi r\u00e4\u00e4kida, kuidas, millal ja millisel viisil v\u00f5iks see <strong>m\u00f5lemale osapoolele<\/strong> olla v\u00f5imalikult efektiivne.<\/p>\n\n\n\n<hr class=\"wp-block-separator has-css-opacity\"\/>\n\n\n<div class=\"wp-block-image\">\n<figure class=\"aligncenter size-large\"><img decoding=\"async\" src=\"https:\/\/skaut.ee\/wp-content\/uploads\/2019\/11\/PA048573-1024x768.jpg\" alt=\"\" class=\"wp-image-1465\"\/><\/figure>\n<\/div>\n\n\n<p class=\"has-text-align-center\"> Ajuragistamine ja ehituskunst hundude koondusel.<br>Vahvate ideede elluviimiseks on vahel vaja vahendeid.<br>AIT\u00c4H, ET AITAD MEIL SKAUTLUST ELLU VIIA! <br> IGA annetus on oluline, sest ka v\u00e4ikestest veepiiskadest moodustub l\u00f5puks lomp! <\/p>\n\n\n\n<hr class=\"wp-block-separator has-css-opacity\"\/>\n\n\n\n<p><\/p>\n","protected":false},"excerpt":{"rendered":"<p>Kuidas toetada skautlust, noori skaute v\u00f5i Eesti Skautide \u00dchingut? Peamisteks toetusviisideks on: Rahaline toetus Saaja:&nbsp;MT\u00dc Eesti Skautide \u00dchingArveldusarve:&nbsp;EE687700771000674448 Rahaliselt on&#8230;<\/p>\n","protected":false},"author":1,"featured_media":0,"parent":0,"menu_order":0,"comment_status":"closed","ping_status":"closed","template":"page-templates\/tpl-no-sidebar.php","meta":{"_acf_changed":false,"inline_featured_image":false,"_monsterinsights_skip_tracking":false,"_monsterinsights_sitenote_active":false,"_monsterinsights_sitenote_note":"","_monsterinsights_sitenote_category":0,"cybocfi_hide_featured_image":"","footnotes":"","_links_to":"","_links_to_target":""},"class_list":["post-10184","page","type-page","status-publish","hentry"],"acf":[],"yoast_head":"<!-- This site is optimized with the Yoast SEO plugin v27.0 - https:\/\/yoast.com\/product\/yoast-seo-wordpress\/ -->\n<title>Toeta! - Skaut<\/title>\n<meta name=\"robots\" content=\"index, follow, max-snippet:-1, max-image-preview:large, max-video-preview:-1\" \/>\n<link rel=\"canonical\" href=\"https:\/\/skaut.ee\/toode\/loos\/\" \/>\n<meta property=\"og:locale\" content=\"en_US\" \/>\n<meta property=\"og:type\" content=\"article\" \/>\n<meta property=\"og:title\" content=\"Toeta! - Skaut\" \/>\n<meta property=\"og:description\" content=\"Kuidas toetada skautlust, noori skaute v\u00f5i Eesti Skautide \u00dchingut? Peamisteks toetusviisideks on: Rahaline toetus Saaja:&nbsp;MT\u00dc Eesti Skautide \u00dchingArveldusarve:&nbsp;EE687700771000674448 Rahaliselt on...\" \/>\n<meta property=\"og:url\" content=\"https:\/\/skaut.ee\/toode\/loos\/\" \/>\n<meta property=\"og:site_name\" content=\"Skaut\" \/>\n<meta property=\"article:modified_time\" content=\"2024-05-08T17:37:00+00:00\" \/>\n<meta property=\"og:image\" content=\"https:\/\/skaut.ee\/wp-content\/uploads\/2021\/05\/armastanaidata-300x300.png\" \/>\n<meta name=\"twitter:card\" content=\"summary_large_image\" \/>\n<meta name=\"twitter:label1\" content=\"Est. reading time\" \/>\n\t<meta name=\"twitter:data1\" content=\"2 minutes\" \/>\n<script type=\"application\/ld+json\" class=\"yoast-schema-graph\">{\"@context\":\"https:\/\/schema.org\",\"@graph\":[{\"@type\":\"WebPage\",\"@id\":\"https:\/\/skaut.ee\/toode\/loos\/\",\"url\":\"https:\/\/skaut.ee\/toode\/loos\/\",\"name\":\"Toeta! - Skaut\",\"isPartOf\":{\"@id\":\"https:\/\/skaut.ee\/#website\"},\"primaryImageOfPage\":{\"@id\":\"https:\/\/skaut.ee\/toode\/loos\/#primaryimage\"},\"image\":{\"@id\":\"https:\/\/skaut.ee\/toode\/loos\/#primaryimage\"},\"thumbnailUrl\":\"https:\/\/skaut.ee\/wp-content\/uploads\/2021\/05\/armastanaidata-300x300.png\",\"datePublished\":\"2019-11-26T12:28:30+00:00\",\"dateModified\":\"2024-05-08T17:37:00+00:00\",\"breadcrumb\":{\"@id\":\"https:\/\/skaut.ee\/toode\/loos\/#breadcrumb\"},\"inLanguage\":\"en-US\",\"potentialAction\":[{\"@type\":\"ReadAction\",\"target\":[\"https:\/\/skaut.ee\/toode\/loos\/\"]}]},{\"@type\":\"ImageObject\",\"inLanguage\":\"en-US\",\"@id\":\"https:\/\/skaut.ee\/toode\/loos\/#primaryimage\",\"url\":\"https:\/\/skaut.ee\/wp-content\/uploads\/2021\/05\/armastanaidata-300x300.png\",\"contentUrl\":\"https:\/\/skaut.ee\/wp-content\/uploads\/2021\/05\/armastanaidata-300x300.png\"},{\"@type\":\"BreadcrumbList\",\"@id\":\"https:\/\/skaut.ee\/toode\/loos\/#breadcrumb\",\"itemListElement\":[{\"@type\":\"ListItem\",\"position\":1,\"name\":\"Home\",\"item\":\"https:\/\/skaut.ee\/en\/\"},{\"@type\":\"ListItem\",\"position\":2,\"name\":\"Toeta!\"}]},{\"@type\":\"WebSite\",\"@id\":\"https:\/\/skaut.ee\/#website\",\"url\":\"https:\/\/skaut.ee\/\",\"name\":\"Skaut\",\"description\":\"Eesti Skautide \u00dchingu koduleht\",\"potentialAction\":[{\"@type\":\"SearchAction\",\"target\":{\"@type\":\"EntryPoint\",\"urlTemplate\":\"https:\/\/skaut.ee\/?s={search_term_string}\"},\"query-input\":{\"@type\":\"PropertyValueSpecification\",\"valueRequired\":true,\"valueName\":\"search_term_string\"}}],\"inLanguage\":\"en-US\"}]}<\/script>\n<!-- \/ Yoast SEO plugin. -->","yoast_head_json":{"title":"Toeta! - Skaut","robots":{"index":"index","follow":"follow","max-snippet":"max-snippet:-1","max-image-preview":"max-image-preview:large","max-video-preview":"max-video-preview:-1"},"canonical":"https:\/\/skaut.ee\/toode\/loos\/","og_locale":"en_US","og_type":"article","og_title":"Toeta! - Skaut","og_description":"Kuidas toetada skautlust, noori skaute v\u00f5i Eesti Skautide \u00dchingut? Peamisteks toetusviisideks on: Rahaline toetus Saaja:&nbsp;MT\u00dc Eesti Skautide \u00dchingArveldusarve:&nbsp;EE687700771000674448 Rahaliselt on...","og_url":"https:\/\/skaut.ee\/toode\/loos\/","og_site_name":"Skaut","article_modified_time":"2024-05-08T17:37:00+00:00","og_image":[{"url":"https:\/\/skaut.ee\/wp-content\/uploads\/2021\/05\/armastanaidata-300x300.png","type":"","width":"","height":""}],"twitter_card":"summary_large_image","twitter_misc":{"Est. reading time":"2 minutes"},"schema":{"@context":"https:\/\/schema.org","@graph":[{"@type":"WebPage","@id":"https:\/\/skaut.ee\/toode\/loos\/","url":"https:\/\/skaut.ee\/toode\/loos\/","name":"Toeta! - Skaut","isPartOf":{"@id":"https:\/\/skaut.ee\/#website"},"primaryImageOfPage":{"@id":"https:\/\/skaut.ee\/toode\/loos\/#primaryimage"},"image":{"@id":"https:\/\/skaut.ee\/toode\/loos\/#primaryimage"},"thumbnailUrl":"https:\/\/skaut.ee\/wp-content\/uploads\/2021\/05\/armastanaidata-300x300.png","datePublished":"2019-11-26T12:28:30+00:00","dateModified":"2024-05-08T17:37:00+00:00","breadcrumb":{"@id":"https:\/\/skaut.ee\/toode\/loos\/#breadcrumb"},"inLanguage":"en-US","potentialAction":[{"@type":"ReadAction","target":["https:\/\/skaut.ee\/toode\/loos\/"]}]},{"@type":"ImageObject","inLanguage":"en-US","@id":"https:\/\/skaut.ee\/toode\/loos\/#primaryimage","url":"https:\/\/skaut.ee\/wp-content\/uploads\/2021\/05\/armastanaidata-300x300.png","contentUrl":"https:\/\/skaut.ee\/wp-content\/uploads\/2021\/05\/armastanaidata-300x300.png"},{"@type":"BreadcrumbList","@id":"https:\/\/skaut.ee\/toode\/loos\/#breadcrumb","itemListElement":[{"@type":"ListItem","position":1,"name":"Home","item":"https:\/\/skaut.ee\/en\/"},{"@type":"ListItem","position":2,"name":"Toeta!"}]},{"@type":"WebSite","@id":"https:\/\/skaut.ee\/#website","url":"https:\/\/skaut.ee\/","name":"Skaut","description":"Eesti Skautide \u00dchingu koduleht","potentialAction":[{"@type":"SearchAction","target":{"@type":"EntryPoint","urlTemplate":"https:\/\/skaut.ee\/?s={search_term_string}"},"query-input":{"@type":"PropertyValueSpecification","valueRequired":true,"valueName":"search_term_string"}}],"inLanguage":"en-US"}]}},"_links":{"self":[{"href":"https:\/\/skaut.ee\/en\/wp-json\/wp\/v2\/pages\/10184","targetHints":{"allow":["GET"]}}],"collection":[{"href":"https:\/\/skaut.ee\/en\/wp-json\/wp\/v2\/pages"}],"about":[{"href":"https:\/\/skaut.ee\/en\/wp-json\/wp\/v2\/types\/page"}],"author":[{"embeddable":true,"href":"https:\/\/skaut.ee\/en\/wp-json\/wp\/v2\/users\/1"}],"replies":[{"embeddable":true,"href":"https:\/\/skaut.ee\/en\/wp-json\/wp\/v2\/comments?post=10184"}],"version-history":[{"count":2,"href":"https:\/\/skaut.ee\/en\/wp-json\/wp\/v2\/pages\/10184\/revisions"}],"predecessor-version":[{"id":11615,"href":"https:\/\/skaut.ee\/en\/wp-json\/wp\/v2\/pages\/10184\/revisions\/11615"}],"wp:attachment":[{"href":"https:\/\/skaut.ee\/en\/wp-json\/wp\/v2\/media?parent=10184"}],"curies":[{"name":"wp","href":"https:\/\/api.w.org\/{rel}","templated":true}]}}