{"id":10182,"date":"2022-06-29T13:52:13","date_gmt":"2022-06-29T10:52:13","guid":{"rendered":"https:\/\/skaut.ee\/skaudioskused-2\/"},"modified":"2025-03-13T13:19:26","modified_gmt":"2025-03-13T11:19:26","slug":"skaudioskused-2","status":"publish","type":"page","link":"https:\/\/skaut.ee\/en\/skaudioskused-2\/","title":{"rendered":"Skaudioskused"},"content":{"rendered":"<p>Hundu- ja skaudioskused on kvalifikatsioonim\u00e4rgid, mis t\u00f5endavad tasemele vastavate oskuste olemasolu. Neisse on kokku kogutud igap\u00e4evaelus tarvilikke praktilisi oskusi ja teadmisi.\u00a0Igal skaudioskusel on kuni 4 taset, igal skaudioskuse tasemel on paigas kindlad n\u00f5uded ja eeldused, mis tuleb vastava oskuse omandamiseks ja m\u00e4rgi kandmise \u00f5iguse saamiseks t\u00e4ita.\u00a0Skaudioskusi v\u00f5ib \u00f5ppida nii koonduste raames, korraldada ise koolitusi v\u00f5i osaledes ES\u00dc poolt korraldatud koolitustel. Taseme omandamist v\u00f5ib kinnitada skaut v\u00f5i skaudijuht, kellel on omandatud vastava skaudioskuse \u00fche v\u00f5rra k\u00f5rgem tase v\u00f5i vastaval erialal t\u00f6\u00f6tav spetsialist (v\u00e4lja arvatud m\u00f5ne oskuse puhul, kus on vajalik koolituse l\u00e4bimist t\u00f5endav t\u00f5end).<\/p>\n<ul>\n<li><strong>Hunduoskused<\/strong> on skaudioskuste n\u00f6 nulltasemed, mis peaksid oleme saavutatavad igale hundule. Kui hundu on eriti tubli, aktiivne ja ettev\u00f5tlik, siis v\u00f5ib ta asuda sooritama ka skaudioskuste tasemeid.<\/li>\n<li><strong>Skaudioskused<\/strong> on m\u00f5eldud nii noortele kui ka t\u00e4iskasvanutele (nt juhid).<\/li>\n<\/ul>\n<p>Tasemele vastavate oskuste olemasolu tuleb kontrollida. Seda v\u00f5ib teha skaudijuht, mentor vastava ala spetsialist v\u00f5i skaudijuht, kes on omandanud kontrollitavast tasemest \u00fche v\u00f5rra k\u00f5rgema sama skaudioskuse taseme (PS: esineb erisusi, kuid need on v\u00e4lja toodud konkreetsete skaudioskuste kirjeldustes). oskuste olemasolu hindaja peab olema p\u00e4dev seda tegema ja hindaja vastutuseks j\u00e4\u00e4b, et oskuse kirjelduses olevad n\u00f5uded on t\u00e4idetud.<\/p>\n<p>Oskusm\u00e4rgid on ES\u00dc aktiivsetele liikmetele tasuta. ES\u00dc aktiivne liige on liige, kes on esitanud liikmeankeedi ning tasunud k\u00e4imasoleva aasta liikmemaksu. M\u00e4rkide tellimiseks kirjuta <a href=\"mailto:aneth.kond@skaut.ee\">annika.kullamae@skaut.ee<\/a>. Kirja sisusse m\u00e4rgi \u00e4ra skaudioskuse nimetus, tase ning inimene, kellele m\u00e4rgi tellid.<\/p>\n<p><strong>Hunduoskused:<\/strong><\/p>\n<ul>\n<li><a href=\"https:\/\/skaut.ee\/seiklused\/esmaabi-hunduoskus\/\" target=\"_blank\" rel=\"noopener\">Esmaabi\u00a0<\/a><\/li>\n<li><a href=\"https:\/\/skaut.ee\/seiklused\/kokkamise-hunduoskus\/\" target=\"_blank\" rel=\"noopener\">Kokkamine<\/a><\/li>\n<li><a href=\"https:\/\/skaut.ee\/seiklused\/laagrielu-hunduoskus\/\" target=\"_blank\" rel=\"noopener\">Laagrielu<\/a><\/li>\n<li><a href=\"https:\/\/skaut.ee\/seiklused\/matkamise-hunduoskus\/\" target=\"_blank\" rel=\"noopener\">Matkamine<\/a><\/li>\n<\/ul>\n<p><strong>Skaudioskused:<\/strong><\/p>\n<ul>\n<li><a href=\"https:\/\/skaut.ee\/seiklused\/skaudioskus-digitaalne-kodanik\/\" target=\"_blank\" rel=\"noopener\">Digitaalne kodanik<\/a><\/li>\n<li><a href=\"https:\/\/skaut.ee\/seiklused\/skaudioskus-digitaalne-looja\/\" target=\"_blank\" rel=\"noopener\">Digitaalne looja<\/a><\/li>\n<li><a href=\"https:\/\/skaut.ee\/seiklused\/skaudioskus-esmaabi\/\" target=\"_blank\" rel=\"noopener\">Esmaabi<\/a><\/li>\n<li><a href=\"https:\/\/skaut.ee\/seiklused\/skaudioskus-kaugmatk\/\" target=\"_blank\" rel=\"noopener\">Kaugmatk<\/a><\/li>\n<li><a href=\"https:\/\/skaut.ee\/seiklused\/skaudioskus-kokkamine\/\" target=\"_blank\" rel=\"noopener\">Kokkamine<\/a><\/li>\n<li><a href=\"https:\/\/skaut.ee\/seiklused\/skaudioskus-esmaabi-2\/\" target=\"_blank\" rel=\"noopener\">K\u00f6iet\u00f6\u00f6<\/a><\/li>\n<li><a href=\"https:\/\/skaut.ee\/adventures\/skaudioskus-laagrialu\/\" target=\"_blank\" rel=\"noopener\">Laagrielu<\/a><\/li>\n<li><a href=\"https:\/\/skaut.ee\/seiklused\/skaudioskus-liiklus\/\" target=\"_blank\" rel=\"noopener\">Liiklus<\/a><\/li>\n<li><a href=\"https:\/\/skaut.ee\/seiklused\/skaudioskus-loomade-tundmine\/\" target=\"_blank\" rel=\"noopener\">Loomade tundmine<\/a><\/li>\n<li><a href=\"https:\/\/skaut.ee\/seiklused\/skaudioskus-lokkejuht\/\" target=\"_blank\" rel=\"noopener\">L\u00f5kkejuht<\/a><\/li>\n<li><a href=\"https:\/\/skaut.ee\/seiklused\/skaudioskus-matkamine\/\" target=\"_blank\" rel=\"noopener\">Matkamine<\/a><\/li>\n<li><a href=\"https:\/\/skaut.ee\/seiklused\/skaudioskus-meedia\/\" target=\"_blank\" rel=\"noopener\">Meedia<\/a><\/li>\n<li><a href=\"https:\/\/skaut.ee\/seiklused\/skaudioskus-mangujuht\/\" target=\"_blank\" rel=\"noopener\">M\u00e4ngujuht<\/a><\/li>\n<li><a href=\"https:\/\/skaut.ee\/seiklused\/skaudioskus-navigaator\/\" target=\"_blank\" rel=\"noopener\">Navigaator<\/a><\/li>\n<li><a href=\"https:\/\/skaut.ee\/seiklused\/skaudioskus-noorte-osalus\/\" target=\"_blank\" rel=\"noopener\">Noorte osalus<\/a><\/li>\n<li><a href=\"https:\/\/skaut.ee\/seiklused\/skaudioskus-ohutus\/\" target=\"_blank\" rel=\"noopener\">Ohutus (endine P\u00e4\u00e4ste)<\/a><\/li>\n<li><a href=\"https:\/\/skaut.ee\/seiklused\/skaudioskus-orienteerumine\/\" target=\"_blank\" rel=\"noopener\">Orienteerumine<\/a><\/li>\n<li><a href=\"https:\/\/skaut.ee\/seiklused\/skaudioskus-liiklus-2\/\" target=\"_blank\" rel=\"noopener\">Salgajuhtimine<\/a><\/li>\n<li><a href=\"https:\/\/skaut.ee\/seiklused\/skaudioskus-skaudiehitised\/\" target=\"_blank\" rel=\"noopener\">Skaudiehitised<\/a><\/li>\n<li><a href=\"https:\/\/skaut.ee\/seiklused\/skaudioskus-talimatk\/\" target=\"_blank\" rel=\"noopener\">Talimatk<\/a><\/li>\n<li><a href=\"https:\/\/skaut.ee\/seiklused\/skaudioskus-veematk\/\" target=\"_blank\" rel=\"noopener\">Veematk<\/a><\/li>\n<li><a href=\"https:\/\/skaut.ee\/seiklused\/skaudioskus-uleelamine\/\" target=\"_blank\" rel=\"noopener\">\u00dcleelamine<\/a><\/li>\n<\/ul>\n<p><strong>V\u00e4ljat\u00f6\u00f6tamisel skaudioskused:<\/strong><\/p>\n<ul>\n<li>Liputoimingud<\/li>\n<li>Koolitaja<\/li>\n<li>Taimede tundmine<\/li>\n<\/ul>\n","protected":false},"excerpt":{"rendered":"<p>Hundu- ja skaudioskused on kvalifikatsioonim\u00e4rgid, mis t\u00f5endavad tasemele vastavate oskuste olemasolu. Neisse on kokku kogutud igap\u00e4evaelus tarvilikke praktilisi oskusi ja&#8230;<\/p>\n","protected":false},"author":1,"featured_media":0,"parent":0,"menu_order":0,"comment_status":"closed","ping_status":"closed","template":"","meta":{"_acf_changed":false,"inline_featured_image":false,"_monsterinsights_skip_tracking":false,"_monsterinsights_sitenote_active":false,"_monsterinsights_sitenote_note":"","_monsterinsights_sitenote_category":0,"cybocfi_hide_featured_image":"","footnotes":"","_links_to":"","_links_to_target":""},"class_list":["post-10182","page","type-page","status-publish","hentry"],"acf":[],"yoast_head":"<!-- This site is optimized with the Yoast SEO plugin v27.0 - https:\/\/yoast.com\/product\/yoast-seo-wordpress\/ -->\n<title>Skaudioskused - Skaut<\/title>\n<meta name=\"robots\" content=\"index, follow, max-snippet:-1, max-image-preview:large, max-video-preview:-1\" \/>\n<link rel=\"canonical\" href=\"https:\/\/skaut.ee\/en\/skaudioskused-2\/\" \/>\n<meta property=\"og:locale\" content=\"en_US\" \/>\n<meta property=\"og:type\" content=\"article\" \/>\n<meta property=\"og:title\" content=\"Skaudioskused - Skaut\" \/>\n<meta property=\"og:description\" content=\"Hundu- ja skaudioskused on kvalifikatsioonim\u00e4rgid, mis t\u00f5endavad tasemele vastavate oskuste olemasolu. Neisse on kokku kogutud igap\u00e4evaelus tarvilikke praktilisi oskusi ja...\" \/>\n<meta property=\"og:url\" content=\"https:\/\/skaut.ee\/en\/skaudioskused-2\/\" \/>\n<meta property=\"og:site_name\" content=\"Skaut\" \/>\n<meta property=\"article:modified_time\" content=\"2025-03-13T11:19:26+00:00\" \/>\n<meta name=\"twitter:card\" content=\"summary_large_image\" \/>\n<meta name=\"twitter:label1\" content=\"Est. reading time\" \/>\n\t<meta name=\"twitter:data1\" content=\"2 minutes\" \/>\n<script type=\"application\/ld+json\" class=\"yoast-schema-graph\">{\"@context\":\"https:\/\/schema.org\",\"@graph\":[{\"@type\":\"WebPage\",\"@id\":\"https:\/\/skaut.ee\/en\/skaudioskused-2\/\",\"url\":\"https:\/\/skaut.ee\/en\/skaudioskused-2\/\",\"name\":\"Skaudioskused - Skaut\",\"isPartOf\":{\"@id\":\"https:\/\/skaut.ee\/#website\"},\"datePublished\":\"2022-06-29T10:52:13+00:00\",\"dateModified\":\"2025-03-13T11:19:26+00:00\",\"breadcrumb\":{\"@id\":\"https:\/\/skaut.ee\/en\/skaudioskused-2\/#breadcrumb\"},\"inLanguage\":\"en-US\",\"potentialAction\":[{\"@type\":\"ReadAction\",\"target\":[\"https:\/\/skaut.ee\/en\/skaudioskused-2\/\"]}]},{\"@type\":\"BreadcrumbList\",\"@id\":\"https:\/\/skaut.ee\/en\/skaudioskused-2\/#breadcrumb\",\"itemListElement\":[{\"@type\":\"ListItem\",\"position\":1,\"name\":\"Home\",\"item\":\"https:\/\/skaut.ee\/en\/\"},{\"@type\":\"ListItem\",\"position\":2,\"name\":\"Skaudioskused\"}]},{\"@type\":\"WebSite\",\"@id\":\"https:\/\/skaut.ee\/#website\",\"url\":\"https:\/\/skaut.ee\/\",\"name\":\"Skaut\",\"description\":\"Eesti Skautide \u00dchingu koduleht\",\"potentialAction\":[{\"@type\":\"SearchAction\",\"target\":{\"@type\":\"EntryPoint\",\"urlTemplate\":\"https:\/\/skaut.ee\/?s={search_term_string}\"},\"query-input\":{\"@type\":\"PropertyValueSpecification\",\"valueRequired\":true,\"valueName\":\"search_term_string\"}}],\"inLanguage\":\"en-US\"}]}<\/script>\n<!-- \/ Yoast SEO plugin. -->","yoast_head_json":{"title":"Skaudioskused - Skaut","robots":{"index":"index","follow":"follow","max-snippet":"max-snippet:-1","max-image-preview":"max-image-preview:large","max-video-preview":"max-video-preview:-1"},"canonical":"https:\/\/skaut.ee\/en\/skaudioskused-2\/","og_locale":"en_US","og_type":"article","og_title":"Skaudioskused - Skaut","og_description":"Hundu- ja skaudioskused on kvalifikatsioonim\u00e4rgid, mis t\u00f5endavad tasemele vastavate oskuste olemasolu. Neisse on kokku kogutud igap\u00e4evaelus tarvilikke praktilisi oskusi ja...","og_url":"https:\/\/skaut.ee\/en\/skaudioskused-2\/","og_site_name":"Skaut","article_modified_time":"2025-03-13T11:19:26+00:00","twitter_card":"summary_large_image","twitter_misc":{"Est. reading time":"2 minutes"},"schema":{"@context":"https:\/\/schema.org","@graph":[{"@type":"WebPage","@id":"https:\/\/skaut.ee\/en\/skaudioskused-2\/","url":"https:\/\/skaut.ee\/en\/skaudioskused-2\/","name":"Skaudioskused - Skaut","isPartOf":{"@id":"https:\/\/skaut.ee\/#website"},"datePublished":"2022-06-29T10:52:13+00:00","dateModified":"2025-03-13T11:19:26+00:00","breadcrumb":{"@id":"https:\/\/skaut.ee\/en\/skaudioskused-2\/#breadcrumb"},"inLanguage":"en-US","potentialAction":[{"@type":"ReadAction","target":["https:\/\/skaut.ee\/en\/skaudioskused-2\/"]}]},{"@type":"BreadcrumbList","@id":"https:\/\/skaut.ee\/en\/skaudioskused-2\/#breadcrumb","itemListElement":[{"@type":"ListItem","position":1,"name":"Home","item":"https:\/\/skaut.ee\/en\/"},{"@type":"ListItem","position":2,"name":"Skaudioskused"}]},{"@type":"WebSite","@id":"https:\/\/skaut.ee\/#website","url":"https:\/\/skaut.ee\/","name":"Skaut","description":"Eesti Skautide \u00dchingu koduleht","potentialAction":[{"@type":"SearchAction","target":{"@type":"EntryPoint","urlTemplate":"https:\/\/skaut.ee\/?s={search_term_string}"},"query-input":{"@type":"PropertyValueSpecification","valueRequired":true,"valueName":"search_term_string"}}],"inLanguage":"en-US"}]}},"_links":{"self":[{"href":"https:\/\/skaut.ee\/en\/wp-json\/wp\/v2\/pages\/10182","targetHints":{"allow":["GET"]}}],"collection":[{"href":"https:\/\/skaut.ee\/en\/wp-json\/wp\/v2\/pages"}],"about":[{"href":"https:\/\/skaut.ee\/en\/wp-json\/wp\/v2\/types\/page"}],"author":[{"embeddable":true,"href":"https:\/\/skaut.ee\/en\/wp-json\/wp\/v2\/users\/1"}],"replies":[{"embeddable":true,"href":"https:\/\/skaut.ee\/en\/wp-json\/wp\/v2\/comments?post=10182"}],"version-history":[{"count":2,"href":"https:\/\/skaut.ee\/en\/wp-json\/wp\/v2\/pages\/10182\/revisions"}],"predecessor-version":[{"id":13340,"href":"https:\/\/skaut.ee\/en\/wp-json\/wp\/v2\/pages\/10182\/revisions\/13340"}],"wp:attachment":[{"href":"https:\/\/skaut.ee\/en\/wp-json\/wp\/v2\/media?parent=10182"}],"curies":[{"name":"wp","href":"https:\/\/api.w.org\/{rel}","templated":true}]}}