{"id":10181,"date":"2020-03-20T10:48:53","date_gmt":"2020-03-20T08:48:53","guid":{"rendered":"https:\/\/skaut.ee\/seikluste-sisestamine\/"},"modified":"2020-03-20T10:48:53","modified_gmt":"2020-03-20T08:48:53","slug":"seikluste-sisestamine","status":"publish","type":"page","link":"https:\/\/skaut.ee\/en\/seikluste-sisestamine\/","title":{"rendered":"Seikluste sisestamine"},"content":{"rendered":"<div class=\"everest-forms\"><script type='text\/javascript'>\n\/* <![CDATA[ *\/\nvar evf_settings = {\"currency_code\":\"EUR\",\"currency_thousands\":\".\",\"currency_decimal\":\",\",\"currency_symbol\":\"\\u20ac\",\"currency_symbol_pos\":\"right\"}\n\/* ]]> *\/\n<\/script>\n<div class=\"evf-container default\" id=\"evf-484\"><form id=\"evf-form-484\" class=\"everest-form\" data-formid=\"484\" data-ajax_submission=\"0\" data-keyboard_friendly_form=\"0\" data-form_state_type=\"\" method=\"post\" enctype=\"multipart\/form-data\" action=\"\/en\/wp-json\/wp\/v2\/pages\/10181\"><div class=\"evf-field-container\"><input type=\"hidden\" id=\"_wpnonce484\" name=\"_wpnonce484\" value=\"ebaa6734bb\" \/><input type=\"hidden\" name=\"_wp_http_referer\" value=\"\/en\/wp-json\/wp\/v2\/pages\/10181\" \/><div class=\"evf-frontend-row\" data-row=\"row_1\" conditional_rules=\"[]\"><div class=\"evf-frontend-grid evf-grid-2\" data-grid=\"grid_1\"><div id=\"evf-484-field_FzwjVZiPpN-1-container\" class=\"evf-field evf-field-checkbox form-row\" data-field-id=\"FzwjVZiPpN-1\"><label class=\"evf-field-label\" for=\"evf-484-field_FzwjVZiPpN-1\"><span class=\"evf-label\">TEGEVUSE LIIK<\/span> <\/label><ul id=\"evf-484-field_FzwjVZiPpN-1\"><li class=\"choice-1 depth-1\"><input type=\"checkbox\" id=\"evf-484-field_FzwjVZiPpN-1_1\" class=\"input-text\" name=\"everest_forms[form_fields][FzwjVZiPpN-1][]\" value=\"Seiklus\" conditional_id=\"FzwjVZiPpN-1\"  ><label class=\"everest-forms-field-label-inline\" for=\"evf-484-field_FzwjVZiPpN-1_1\">Seiklus<\/label><\/li><li class=\"choice-2 depth-1\"><input type=\"checkbox\" id=\"evf-484-field_FzwjVZiPpN-1_2\" class=\"input-text\" name=\"everest_forms[form_fields][FzwjVZiPpN-1][]\" value=\"M\u00e4ng\" conditional_id=\"FzwjVZiPpN-1\"  ><label class=\"everest-forms-field-label-inline\" for=\"evf-484-field_FzwjVZiPpN-1_2\">M\u00e4ng<\/label><\/li><li class=\"choice-3 depth-1\"><input type=\"checkbox\" id=\"evf-484-field_FzwjVZiPpN-1_3\" class=\"input-text\" name=\"everest_forms[form_fields][FzwjVZiPpN-1][]\" value=\"Matkapunkt\" conditional_id=\"FzwjVZiPpN-1\"  ><label class=\"everest-forms-field-label-inline\" for=\"evf-484-field_FzwjVZiPpN-1_3\">Matkapunkt<\/label><\/li><li class=\"choice-5 depth-1\"><input type=\"checkbox\" id=\"evf-484-field_FzwjVZiPpN-1_5\" class=\"input-text\" name=\"everest_forms[form_fields][FzwjVZiPpN-1][]\" value=\"Tseremoonia\" conditional_id=\"FzwjVZiPpN-1\"  ><label class=\"everest-forms-field-label-inline\" for=\"evf-484-field_FzwjVZiPpN-1_5\">Tseremoonia<\/label><\/li><li class=\"choice-4 depth-1\"><input type=\"checkbox\" id=\"evf-484-field_FzwjVZiPpN-1_4\" class=\"input-text\" name=\"everest_forms[form_fields][FzwjVZiPpN-1][]\" value=\"Skaudioskus\" conditional_id=\"FzwjVZiPpN-1\"  ><label class=\"everest-forms-field-label-inline\" for=\"evf-484-field_FzwjVZiPpN-1_4\">Skaudioskus<\/label><\/li><\/ul><div class=\"evf-field-description\">M\u00e4rgi k\u00f5ik sobivad<\/div><\/div><\/div><div class=\"evf-frontend-grid evf-grid-2\" data-grid=\"grid_2\"><div id=\"evf-484-field_yWEbR4dfcj-2-container\" class=\"evf-field evf-field-checkbox form-row\" data-field-id=\"yWEbR4dfcj-2\"><label class=\"evf-field-label\" for=\"evf-484-field_yWEbR4dfcj-2\"><span class=\"evf-label\">ARENGUVALDKOND<\/span> <\/label><ul id=\"evf-484-field_yWEbR4dfcj-2\"><li class=\"choice-1 depth-1\"><input type=\"checkbox\" id=\"evf-484-field_yWEbR4dfcj-2_1\" class=\"input-text\" name=\"everest_forms[form_fields][yWEbR4dfcj-2][]\" value=\"Ihuline\" conditional_id=\"yWEbR4dfcj-2\"  ><label class=\"everest-forms-field-label-inline\" for=\"evf-484-field_yWEbR4dfcj-2_1\">Ihuline<\/label><\/li><li class=\"choice-2 depth-1\"><input type=\"checkbox\" id=\"evf-484-field_yWEbR4dfcj-2_2\" class=\"input-text\" name=\"everest_forms[form_fields][yWEbR4dfcj-2][]\" value=\"Vaimne\" conditional_id=\"yWEbR4dfcj-2\"  ><label class=\"everest-forms-field-label-inline\" for=\"evf-484-field_yWEbR4dfcj-2_2\">Vaimne<\/label><\/li><li class=\"choice-3 depth-1\"><input type=\"checkbox\" id=\"evf-484-field_yWEbR4dfcj-2_3\" class=\"input-text\" name=\"everest_forms[form_fields][yWEbR4dfcj-2][]\" value=\"Emotsionaalne\" conditional_id=\"yWEbR4dfcj-2\"  ><label class=\"everest-forms-field-label-inline\" for=\"evf-484-field_yWEbR4dfcj-2_3\">Emotsionaalne<\/label><\/li><li class=\"choice-5 depth-1\"><input type=\"checkbox\" id=\"evf-484-field_yWEbR4dfcj-2_5\" class=\"input-text\" name=\"everest_forms[form_fields][yWEbR4dfcj-2][]\" value=\"Sotsiaalne\" conditional_id=\"yWEbR4dfcj-2\"  ><label class=\"everest-forms-field-label-inline\" for=\"evf-484-field_yWEbR4dfcj-2_5\">Sotsiaalne<\/label><\/li><li class=\"choice-4 depth-1\"><input type=\"checkbox\" id=\"evf-484-field_yWEbR4dfcj-2_4\" class=\"input-text\" name=\"everest_forms[form_fields][yWEbR4dfcj-2][]\" value=\"K\u00f5lbeline\" conditional_id=\"yWEbR4dfcj-2\"  ><label class=\"everest-forms-field-label-inline\" for=\"evf-484-field_yWEbR4dfcj-2_4\">K\u00f5lbeline<\/label><\/li><\/ul><div class=\"evf-field-description\">M\u00e4rgi k\u00f5ik sobivad<\/div><\/div><\/div><\/div><div class=\"evf-frontend-row\" data-row=\"row_2\" conditional_rules=\"[]\"><div class=\"evf-frontend-grid evf-grid-2\" data-grid=\"grid_1\"><div id=\"evf-484-field_fXXyAVlt1S-3-container\" class=\"evf-field evf-field-checkbox form-row\" data-field-id=\"fXXyAVlt1S-3\"><label class=\"evf-field-label\" for=\"evf-484-field_fXXyAVlt1S-3\"><span class=\"evf-label\">VANUSEGRUPP<\/span> <\/label><ul id=\"evf-484-field_fXXyAVlt1S-3\"><li class=\"choice-1 depth-1\"><input type=\"checkbox\" id=\"evf-484-field_fXXyAVlt1S-3_1\" class=\"input-text\" name=\"everest_forms[form_fields][fXXyAVlt1S-3][]\" value=\"Hundud\" conditional_id=\"fXXyAVlt1S-3\"  ><label class=\"everest-forms-field-label-inline\" for=\"evf-484-field_fXXyAVlt1S-3_1\">Hundud<\/label><\/li><li class=\"choice-2 depth-1\"><input type=\"checkbox\" id=\"evf-484-field_fXXyAVlt1S-3_2\" class=\"input-text\" name=\"everest_forms[form_fields][fXXyAVlt1S-3][]\" value=\"Skaudid\" conditional_id=\"fXXyAVlt1S-3\"  ><label class=\"everest-forms-field-label-inline\" for=\"evf-484-field_fXXyAVlt1S-3_2\">Skaudid<\/label><\/li><li class=\"choice-3 depth-1\"><input type=\"checkbox\" id=\"evf-484-field_fXXyAVlt1S-3_3\" class=\"input-text\" name=\"everest_forms[form_fields][fXXyAVlt1S-3][]\" value=\"Vanemskaudid\" conditional_id=\"fXXyAVlt1S-3\"  ><label class=\"everest-forms-field-label-inline\" for=\"evf-484-field_fXXyAVlt1S-3_3\">Vanemskaudid<\/label><\/li><li class=\"choice-5 depth-1\"><input type=\"checkbox\" id=\"evf-484-field_fXXyAVlt1S-3_5\" class=\"input-text\" name=\"everest_forms[form_fields][fXXyAVlt1S-3][]\" value=\"R\u00e4ndurid\" conditional_id=\"fXXyAVlt1S-3\"  ><label class=\"everest-forms-field-label-inline\" for=\"evf-484-field_fXXyAVlt1S-3_5\">R\u00e4ndurid<\/label><\/li><li class=\"choice-4 depth-1\"><input type=\"checkbox\" id=\"evf-484-field_fXXyAVlt1S-3_4\" class=\"input-text\" name=\"everest_forms[form_fields][fXXyAVlt1S-3][]\" value=\"Juhid\" conditional_id=\"fXXyAVlt1S-3\"  ><label class=\"everest-forms-field-label-inline\" for=\"evf-484-field_fXXyAVlt1S-3_4\">Juhid<\/label><\/li><\/ul><div class=\"evf-field-description\">M\u00e4rgi k\u00f5ik sobivad<\/div><\/div><\/div><div class=\"evf-frontend-grid evf-grid-2\" data-grid=\"grid_2\"><div id=\"evf-484-field_E2btKfFEW4-4-container\" class=\"evf-field evf-field-checkbox form-row\" data-field-id=\"E2btKfFEW4-4\"><label class=\"evf-field-label\" for=\"evf-484-field_E2btKfFEW4-4\"><span class=\"evf-label\">KESTVUS<\/span> <\/label><ul id=\"evf-484-field_E2btKfFEW4-4\"><li class=\"choice-1 depth-1\"><input type=\"checkbox\" id=\"evf-484-field_E2btKfFEW4-4_1\" class=\"input-text\" name=\"everest_forms[form_fields][E2btKfFEW4-4][]\" value=\"Kuni 15 min\" conditional_id=\"E2btKfFEW4-4\"  ><label class=\"everest-forms-field-label-inline\" for=\"evf-484-field_E2btKfFEW4-4_1\">Kuni 15 min<\/label><\/li><li class=\"choice-2 depth-1\"><input type=\"checkbox\" id=\"evf-484-field_E2btKfFEW4-4_2\" class=\"input-text\" name=\"everest_forms[form_fields][E2btKfFEW4-4][]\" value=\"Kuni 30 min\" conditional_id=\"E2btKfFEW4-4\"  ><label class=\"everest-forms-field-label-inline\" for=\"evf-484-field_E2btKfFEW4-4_2\">Kuni 30 min<\/label><\/li><li class=\"choice-3 depth-1\"><input type=\"checkbox\" id=\"evf-484-field_E2btKfFEW4-4_3\" class=\"input-text\" name=\"everest_forms[form_fields][E2btKfFEW4-4][]\" value=\"Kuni 1h\" conditional_id=\"E2btKfFEW4-4\"  ><label class=\"everest-forms-field-label-inline\" for=\"evf-484-field_E2btKfFEW4-4_3\">Kuni 1h<\/label><\/li><li class=\"choice-5 depth-1\"><input type=\"checkbox\" id=\"evf-484-field_E2btKfFEW4-4_5\" class=\"input-text\" name=\"everest_forms[form_fields][E2btKfFEW4-4][]\" value=\"Pool p\u00e4eva\" conditional_id=\"E2btKfFEW4-4\"  ><label class=\"everest-forms-field-label-inline\" for=\"evf-484-field_E2btKfFEW4-4_5\">Pool p\u00e4eva<\/label><\/li><li class=\"choice-4 depth-1\"><input type=\"checkbox\" id=\"evf-484-field_E2btKfFEW4-4_4\" class=\"input-text\" name=\"everest_forms[form_fields][E2btKfFEW4-4][]\" value=\"Terve p\u00e4ev\" conditional_id=\"E2btKfFEW4-4\"  ><label class=\"everest-forms-field-label-inline\" for=\"evf-484-field_E2btKfFEW4-4_4\">Terve p\u00e4ev<\/label><\/li><\/ul><div class=\"evf-field-description\">M\u00e4rgi k\u00f5ik sobivad<\/div><\/div><\/div><\/div><div class=\"evf-frontend-row\" data-row=\"row_3\" conditional_rules=\"[]\"><div class=\"evf-frontend-grid evf-grid-2\" data-grid=\"grid_1\"><div id=\"evf-484-field_FNOSCJaMBB-5-container\" class=\"evf-field evf-field-checkbox form-row\" data-field-id=\"FNOSCJaMBB-5\"><label class=\"evf-field-label\" for=\"evf-484-field_FNOSCJaMBB-5\"><span class=\"evf-label\">ILMAOLUD<\/span> <\/label><ul id=\"evf-484-field_FNOSCJaMBB-5\"><li class=\"choice-1 depth-1\"><input type=\"checkbox\" id=\"evf-484-field_FNOSCJaMBB-5_1\" class=\"input-text\" name=\"everest_forms[form_fields][FNOSCJaMBB-5][]\" value=\"Soojaga\" conditional_id=\"FNOSCJaMBB-5\"  ><label class=\"everest-forms-field-label-inline\" for=\"evf-484-field_FNOSCJaMBB-5_1\">Soojaga<\/label><\/li><li class=\"choice-2 depth-1\"><input type=\"checkbox\" id=\"evf-484-field_FNOSCJaMBB-5_2\" class=\"input-text\" name=\"everest_forms[form_fields][FNOSCJaMBB-5][]\" value=\"Jahedaga\" conditional_id=\"FNOSCJaMBB-5\"  ><label class=\"everest-forms-field-label-inline\" for=\"evf-484-field_FNOSCJaMBB-5_2\">Jahedaga<\/label><\/li><li class=\"choice-3 depth-1\"><input type=\"checkbox\" id=\"evf-484-field_FNOSCJaMBB-5_3\" class=\"input-text\" name=\"everest_forms[form_fields][FNOSCJaMBB-5][]\" value=\"Vihmaga\" conditional_id=\"FNOSCJaMBB-5\"  ><label class=\"everest-forms-field-label-inline\" for=\"evf-484-field_FNOSCJaMBB-5_3\">Vihmaga<\/label><\/li><li class=\"choice-5 depth-1\"><input type=\"checkbox\" id=\"evf-484-field_FNOSCJaMBB-5_5\" class=\"input-text\" name=\"everest_forms[form_fields][FNOSCJaMBB-5][]\" value=\"Lumega\" conditional_id=\"FNOSCJaMBB-5\"  ><label class=\"everest-forms-field-label-inline\" for=\"evf-484-field_FNOSCJaMBB-5_5\">Lumega<\/label><\/li><li class=\"choice-4 depth-1\"><input type=\"checkbox\" id=\"evf-484-field_FNOSCJaMBB-5_4\" class=\"input-text\" name=\"everest_forms[form_fields][FNOSCJaMBB-5][]\" value=\"Toas\" conditional_id=\"FNOSCJaMBB-5\"  ><label class=\"everest-forms-field-label-inline\" for=\"evf-484-field_FNOSCJaMBB-5_4\">Toas<\/label><\/li><\/ul><div class=\"evf-field-description\">M\u00e4rgi k\u00f5ik sobivad<\/div><\/div><\/div><div class=\"evf-frontend-grid evf-grid-2\" data-grid=\"grid_2\"><div id=\"evf-484-field_cuDCYOQt8T-6-container\" class=\"evf-field evf-field-checkbox form-row\" data-field-id=\"cuDCYOQt8T-6\"><label class=\"evf-field-label\" for=\"evf-484-field_cuDCYOQt8T-6\"><span class=\"evf-label\">TEGEVUSPAIK<\/span> <\/label><ul id=\"evf-484-field_cuDCYOQt8T-6\"><li class=\"choice-1 depth-1\"><input type=\"checkbox\" id=\"evf-484-field_cuDCYOQt8T-6_1\" class=\"input-text\" name=\"everest_forms[form_fields][cuDCYOQt8T-6][]\" value=\"Koondusel\" conditional_id=\"cuDCYOQt8T-6\"  ><label class=\"everest-forms-field-label-inline\" for=\"evf-484-field_cuDCYOQt8T-6_1\">Koondusel<\/label><\/li><li class=\"choice-2 depth-1\"><input type=\"checkbox\" id=\"evf-484-field_cuDCYOQt8T-6_2\" class=\"input-text\" name=\"everest_forms[form_fields][cuDCYOQt8T-6][]\" value=\"Laagris\" conditional_id=\"cuDCYOQt8T-6\"  ><label class=\"everest-forms-field-label-inline\" for=\"evf-484-field_cuDCYOQt8T-6_2\">Laagris<\/label><\/li><li class=\"choice-3 depth-1\"><input type=\"checkbox\" id=\"evf-484-field_cuDCYOQt8T-6_3\" class=\"input-text\" name=\"everest_forms[form_fields][cuDCYOQt8T-6][]\" value=\"Matkal\" conditional_id=\"cuDCYOQt8T-6\"  ><label class=\"everest-forms-field-label-inline\" for=\"evf-484-field_cuDCYOQt8T-6_3\">Matkal<\/label><\/li><\/ul><div class=\"evf-field-description\">M\u00e4rgi k\u00f5ik sobivad<\/div><\/div><\/div><\/div><div class=\"evf-frontend-row\" data-row=\"row_4\" conditional_rules=\"[]\"><div class=\"evf-frontend-grid evf-grid-1\" data-grid=\"grid_1\"><div id=\"evf-484-field_TZEBZ7r4Yb-7-container\" class=\"evf-field evf-field-checkbox form-row\" data-field-id=\"TZEBZ7r4Yb-7\"><label class=\"evf-field-label\" for=\"evf-484-field_TZEBZ7r4Yb-7\"><span class=\"evf-label\">OSALEJAD<\/span> <\/label><ul id=\"evf-484-field_TZEBZ7r4Yb-7\"><li class=\"choice-1 depth-1\"><input type=\"checkbox\" id=\"evf-484-field_TZEBZ7r4Yb-7_1\" class=\"input-text\" name=\"everest_forms[form_fields][TZEBZ7r4Yb-7][]\" value=\"Individuaalne\" conditional_id=\"TZEBZ7r4Yb-7\"  ><label class=\"everest-forms-field-label-inline\" for=\"evf-484-field_TZEBZ7r4Yb-7_1\">Individuaalne<\/label><\/li><li class=\"choice-2 depth-1\"><input type=\"checkbox\" id=\"evf-484-field_TZEBZ7r4Yb-7_2\" class=\"input-text\" name=\"everest_forms[form_fields][TZEBZ7r4Yb-7][]\" value=\"Salgale\" conditional_id=\"TZEBZ7r4Yb-7\"  ><label class=\"everest-forms-field-label-inline\" for=\"evf-484-field_TZEBZ7r4Yb-7_2\">Salgale<\/label><\/li><li class=\"choice-3 depth-1\"><input type=\"checkbox\" id=\"evf-484-field_TZEBZ7r4Yb-7_3\" class=\"input-text\" name=\"everest_forms[form_fields][TZEBZ7r4Yb-7][]\" value=\"Salkadevaheline\" conditional_id=\"TZEBZ7r4Yb-7\"  ><label class=\"everest-forms-field-label-inline\" for=\"evf-484-field_TZEBZ7r4Yb-7_3\">Salkadevaheline<\/label><\/li><\/ul><div class=\"evf-field-description\">M\u00e4rgi k\u00f5ik sobivad<\/div><\/div><div id=\"evf-484-field_tJ6o0St7qL-8-container\" class=\"evf-field evf-field-textarea form-row validate-required\" data-required-field-message=\"See v\u00e4li on kohustuslik.\" data-field-id=\"tJ6o0St7qL-8\"><label class=\"evf-field-label\" for=\"evf-484-field_tJ6o0St7qL-8\"><span class=\"evf-label\">SEIKLUSE \/ TEGEVUSE \/ M\u00c4NGU KIRJELDUS<\/span> <abbr class=\"required\" title=\"Required\">*<\/abbr><\/label><textarea id=\"evf-484-field_tJ6o0St7qL-8\" class=\"input-text\" name=\"everest_forms[form_fields][tJ6o0St7qL-8]\" conditional_id=\"tJ6o0St7qL-8\" required ><\/textarea><\/div><div id=\"evf-484-field_MJPOPMgLoX-9-container\" class=\"evf-field evf-field-text form-row validate-required\" data-required-field-message=\"See v\u00e4li on kohustuslik.\" data-field-id=\"MJPOPMgLoX-9\"><label class=\"evf-field-label\" for=\"evf-484-field_MJPOPMgLoX-9\"><span class=\"evf-label\">SEIKLUSE ESITAJA NIMI \/ \u00dcKSUSE NIMI<\/span> <abbr class=\"required\" title=\"Required\">*<\/abbr><\/label><input type=\"text\" id=\"evf-484-field_MJPOPMgLoX-9\" class=\"input-text\" name=\"everest_forms[form_fields][MJPOPMgLoX-9]\" conditional_id=\"MJPOPMgLoX-9\" required><\/div><div id=\"evf-484-field_m1zbHo652V-10-container\" class=\"evf-field evf-field-email form-row validate-required validate-email\" data-required-field-message=\"Palun kirjuta korrektne e-maili aadress.\" data-field-id=\"m1zbHo652V-10\"><label class=\"evf-field-label\" for=\"evf-484-field_m1zbHo652V-10\"><span class=\"evf-label\">E-mail<\/span> <abbr class=\"required\" title=\"Required\">*<\/abbr><\/label><input type=\"email\" id=\"evf-484-field_m1zbHo652V-10\" class=\"input-text\" name=\"everest_forms[form_fields][m1zbHo652V-10]\" conditional_id=\"m1zbHo652V-10\" required ><div class=\"evf-field-description\"><p>Palun lisa ka oma e-mail, et saaksime k\u00fcsimuste korral Sinuga \u00fchendust v\u00f5tta!<\/p>\r\n<p>Ait\u00e4h<\/p><\/div><\/div><\/div><\/div><div class=\"evf-frontend-row\" data-row=\"row_5\" conditional_rules=\"[]\"><div class=\"evf-frontend-grid evf-grid-1\" data-grid=\"grid_1\"><div id=\"evf-484-field_IWX5HFxv2j-18-container\" class=\"evf-field evf-field-recaptcha form-row\" data-field-id=\"IWX5HFxv2j-18\"><\/div><\/div><\/div><\/div><div class=\"evf-honeypot-container evf-field-hp\"><label for=\"evf-484-field-hp\" class=\"evf-field-label\">Phone<\/label><input type=\"text\" name=\"everest_forms[hp]\" id=\"evf-484-field-hp\" class=\"input-text\"><\/div><div class=\"evf-submit-container \" ><input type=\"hidden\" name=\"everest_forms[id]\" value=\"484\"><input type=\"hidden\" name=\"everest_forms[author]\" value=\"1\"><button type='submit' name='everest_forms[submit]' class='everest-forms-submit-button button evf-submit ' id='evf-submit-484' value='evf-submit' data-process-text=\"T\u00f6\u00f6tlen...\" conditional_rules='&quot;&quot;' conditional_id='evf-submit-484'  id=\"evf-submit-484\" aria-live=\"assertive\">Saada<\/button><\/div><\/form><\/div><!-- .evf-container --><\/div>","protected":false},"excerpt":{"rendered":"","protected":false},"author":1,"featured_media":0,"parent":0,"menu_order":0,"comment_status":"closed","ping_status":"closed","template":"","meta":{"_acf_changed":false,"inline_featured_image":false,"_monsterinsights_skip_tracking":false,"_monsterinsights_sitenote_active":false,"_monsterinsights_sitenote_note":"","_monsterinsights_sitenote_category":0,"cybocfi_hide_featured_image":"","footnotes":"","_links_to":"","_links_to_target":""},"class_list":["post-10181","page","type-page","status-publish","hentry"],"acf":[],"yoast_head":"<!-- This site is optimized with the Yoast SEO plugin v27.0 - https:\/\/yoast.com\/product\/yoast-seo-wordpress\/ -->\n<title>Seikluste sisestamine - Skaut<\/title>\n<meta name=\"robots\" content=\"index, follow, max-snippet:-1, max-image-preview:large, max-video-preview:-1\" \/>\n<link rel=\"canonical\" href=\"https:\/\/skaut.ee\/en\/seikluste-sisestamine\/\" \/>\n<meta property=\"og:locale\" content=\"en_US\" \/>\n<meta property=\"og:type\" content=\"article\" \/>\n<meta property=\"og:title\" content=\"Seikluste sisestamine - Skaut\" \/>\n<meta property=\"og:url\" content=\"https:\/\/skaut.ee\/en\/seikluste-sisestamine\/\" \/>\n<meta property=\"og:site_name\" content=\"Skaut\" \/>\n<meta name=\"twitter:card\" content=\"summary_large_image\" \/>\n<script type=\"application\/ld+json\" class=\"yoast-schema-graph\">{\"@context\":\"https:\/\/schema.org\",\"@graph\":[{\"@type\":\"WebPage\",\"@id\":\"https:\/\/skaut.ee\/en\/seikluste-sisestamine\/\",\"url\":\"https:\/\/skaut.ee\/en\/seikluste-sisestamine\/\",\"name\":\"Seikluste sisestamine - Skaut\",\"isPartOf\":{\"@id\":\"https:\/\/skaut.ee\/#website\"},\"datePublished\":\"2020-03-20T08:48:53+00:00\",\"breadcrumb\":{\"@id\":\"https:\/\/skaut.ee\/en\/seikluste-sisestamine\/#breadcrumb\"},\"inLanguage\":\"en-US\",\"potentialAction\":[{\"@type\":\"ReadAction\",\"target\":[\"https:\/\/skaut.ee\/en\/seikluste-sisestamine\/\"]}]},{\"@type\":\"BreadcrumbList\",\"@id\":\"https:\/\/skaut.ee\/en\/seikluste-sisestamine\/#breadcrumb\",\"itemListElement\":[{\"@type\":\"ListItem\",\"position\":1,\"name\":\"Home\",\"item\":\"https:\/\/skaut.ee\/en\/\"},{\"@type\":\"ListItem\",\"position\":2,\"name\":\"Seikluste sisestamine\"}]},{\"@type\":\"WebSite\",\"@id\":\"https:\/\/skaut.ee\/#website\",\"url\":\"https:\/\/skaut.ee\/\",\"name\":\"Skaut\",\"description\":\"Eesti Skautide \u00dchingu koduleht\",\"potentialAction\":[{\"@type\":\"SearchAction\",\"target\":{\"@type\":\"EntryPoint\",\"urlTemplate\":\"https:\/\/skaut.ee\/?s={search_term_string}\"},\"query-input\":{\"@type\":\"PropertyValueSpecification\",\"valueRequired\":true,\"valueName\":\"search_term_string\"}}],\"inLanguage\":\"en-US\"}]}<\/script>\n<!-- \/ Yoast SEO plugin. -->","yoast_head_json":{"title":"Seikluste sisestamine - Skaut","robots":{"index":"index","follow":"follow","max-snippet":"max-snippet:-1","max-image-preview":"max-image-preview:large","max-video-preview":"max-video-preview:-1"},"canonical":"https:\/\/skaut.ee\/en\/seikluste-sisestamine\/","og_locale":"en_US","og_type":"article","og_title":"Seikluste sisestamine - Skaut","og_url":"https:\/\/skaut.ee\/en\/seikluste-sisestamine\/","og_site_name":"Skaut","twitter_card":"summary_large_image","schema":{"@context":"https:\/\/schema.org","@graph":[{"@type":"WebPage","@id":"https:\/\/skaut.ee\/en\/seikluste-sisestamine\/","url":"https:\/\/skaut.ee\/en\/seikluste-sisestamine\/","name":"Seikluste sisestamine - Skaut","isPartOf":{"@id":"https:\/\/skaut.ee\/#website"},"datePublished":"2020-03-20T08:48:53+00:00","breadcrumb":{"@id":"https:\/\/skaut.ee\/en\/seikluste-sisestamine\/#breadcrumb"},"inLanguage":"en-US","potentialAction":[{"@type":"ReadAction","target":["https:\/\/skaut.ee\/en\/seikluste-sisestamine\/"]}]},{"@type":"BreadcrumbList","@id":"https:\/\/skaut.ee\/en\/seikluste-sisestamine\/#breadcrumb","itemListElement":[{"@type":"ListItem","position":1,"name":"Home","item":"https:\/\/skaut.ee\/en\/"},{"@type":"ListItem","position":2,"name":"Seikluste sisestamine"}]},{"@type":"WebSite","@id":"https:\/\/skaut.ee\/#website","url":"https:\/\/skaut.ee\/","name":"Skaut","description":"Eesti Skautide \u00dchingu koduleht","potentialAction":[{"@type":"SearchAction","target":{"@type":"EntryPoint","urlTemplate":"https:\/\/skaut.ee\/?s={search_term_string}"},"query-input":{"@type":"PropertyValueSpecification","valueRequired":true,"valueName":"search_term_string"}}],"inLanguage":"en-US"}]}},"_links":{"self":[{"href":"https:\/\/skaut.ee\/en\/wp-json\/wp\/v2\/pages\/10181","targetHints":{"allow":["GET"]}}],"collection":[{"href":"https:\/\/skaut.ee\/en\/wp-json\/wp\/v2\/pages"}],"about":[{"href":"https:\/\/skaut.ee\/en\/wp-json\/wp\/v2\/types\/page"}],"author":[{"embeddable":true,"href":"https:\/\/skaut.ee\/en\/wp-json\/wp\/v2\/users\/1"}],"replies":[{"embeddable":true,"href":"https:\/\/skaut.ee\/en\/wp-json\/wp\/v2\/comments?post=10181"}],"version-history":[{"count":0,"href":"https:\/\/skaut.ee\/en\/wp-json\/wp\/v2\/pages\/10181\/revisions"}],"wp:attachment":[{"href":"https:\/\/skaut.ee\/en\/wp-json\/wp\/v2\/media?parent=10181"}],"curies":[{"name":"wp","href":"https:\/\/api.w.org\/{rel}","templated":true}]}}