{"id":10176,"date":"2019-08-29T10:28:53","date_gmt":"2019-08-29T07:28:53","guid":{"rendered":"https:\/\/skaut.ee\/avaleht\/"},"modified":"2023-12-18T14:08:32","modified_gmt":"2023-12-18T12:08:32","slug":"avaleht","status":"publish","type":"page","link":"https:\/\/skaut.ee\/en\/","title":{"rendered":"HOME"},"content":{"rendered":"","protected":false},"excerpt":{"rendered":"","protected":false},"author":1,"featured_media":0,"parent":0,"menu_order":0,"comment_status":"closed","ping_status":"closed","template":"","meta":{"_acf_changed":false,"inline_featured_image":false,"_monsterinsights_skip_tracking":false,"_monsterinsights_sitenote_active":false,"_monsterinsights_sitenote_note":"","_monsterinsights_sitenote_category":0,"cybocfi_hide_featured_image":"","footnotes":"","_links_to":"","_links_to_target":""},"class_list":["post-10176","page","type-page","status-publish","hentry"],"acf":[],"yoast_head":"<!-- This site is optimized with the Yoast SEO plugin v27.0 - https:\/\/yoast.com\/product\/yoast-seo-wordpress\/ -->\n<title>HOME - Skaut<\/title>\n<meta name=\"description\" content=\"Eesti Skautide \u00dching ehk ES\u00dc on noortele mitteformaalset haridust pakkuv \u00fcleriigiline noorteorganisatsioon\" \/>\n<meta name=\"robots\" content=\"index, follow, max-snippet:-1, max-image-preview:large, max-video-preview:-1\" \/>\n<link rel=\"canonical\" href=\"https:\/\/skaut.ee\/en\/\" \/>\n<meta property=\"og:locale\" content=\"en_US\" \/>\n<meta property=\"og:type\" content=\"article\" \/>\n<meta property=\"og:title\" content=\"HOME - Skaut\" \/>\n<meta property=\"og:description\" content=\"Eesti Skautide \u00dching ehk ES\u00dc on noortele mitteformaalset haridust pakkuv \u00fcleriigiline noorteorganisatsioon\" \/>\n<meta property=\"og:url\" content=\"https:\/\/skaut.ee\/en\/\" \/>\n<meta property=\"og:site_name\" content=\"Skaut\" \/>\n<meta property=\"article:modified_time\" content=\"2023-12-18T12:08:32+00:00\" \/>\n<meta name=\"twitter:card\" content=\"summary_large_image\" \/>\n<script type=\"application\/ld+json\" class=\"yoast-schema-graph\">{\"@context\":\"https:\/\/schema.org\",\"@graph\":[{\"@type\":\"WebPage\",\"@id\":\"https:\/\/skaut.ee\/en\/\",\"url\":\"https:\/\/skaut.ee\/en\/\",\"name\":\"HOME - Skaut\",\"isPartOf\":{\"@id\":\"https:\/\/skaut.ee\/#website\"},\"datePublished\":\"2019-08-29T07:28:53+00:00\",\"dateModified\":\"2023-12-18T12:08:32+00:00\",\"description\":\"Eesti Skautide \u00dching ehk ES\u00dc on noortele mitteformaalset haridust pakkuv \u00fcleriigiline noorteorganisatsioon\",\"breadcrumb\":{\"@id\":\"https:\/\/skaut.ee\/en\/#breadcrumb\"},\"inLanguage\":\"en-US\",\"potentialAction\":[{\"@type\":\"ReadAction\",\"target\":[\"https:\/\/skaut.ee\/en\/\"]}]},{\"@type\":\"BreadcrumbList\",\"@id\":\"https:\/\/skaut.ee\/en\/#breadcrumb\",\"itemListElement\":[{\"@type\":\"ListItem\",\"position\":1,\"name\":\"Home\",\"item\":\"https:\/\/skaut.ee\/en\/\"},{\"@type\":\"ListItem\",\"position\":2,\"name\":\"HOME\"}]},{\"@type\":\"WebSite\",\"@id\":\"https:\/\/skaut.ee\/#website\",\"url\":\"https:\/\/skaut.ee\/\",\"name\":\"Skaut\",\"description\":\"Eesti Skautide \u00dchingu koduleht\",\"potentialAction\":[{\"@type\":\"SearchAction\",\"target\":{\"@type\":\"EntryPoint\",\"urlTemplate\":\"https:\/\/skaut.ee\/?s={search_term_string}\"},\"query-input\":{\"@type\":\"PropertyValueSpecification\",\"valueRequired\":true,\"valueName\":\"search_term_string\"}}],\"inLanguage\":\"en-US\"}]}<\/script>\n<!-- \/ Yoast SEO plugin. -->","yoast_head_json":{"title":"HOME - Skaut","description":"Eesti Skautide \u00dching ehk ES\u00dc on noortele mitteformaalset haridust pakkuv \u00fcleriigiline noorteorganisatsioon","robots":{"index":"index","follow":"follow","max-snippet":"max-snippet:-1","max-image-preview":"max-image-preview:large","max-video-preview":"max-video-preview:-1"},"canonical":"https:\/\/skaut.ee\/en\/","og_locale":"en_US","og_type":"article","og_title":"HOME - Skaut","og_description":"Eesti Skautide \u00dching ehk ES\u00dc on noortele mitteformaalset haridust pakkuv \u00fcleriigiline noorteorganisatsioon","og_url":"https:\/\/skaut.ee\/en\/","og_site_name":"Skaut","article_modified_time":"2023-12-18T12:08:32+00:00","twitter_card":"summary_large_image","schema":{"@context":"https:\/\/schema.org","@graph":[{"@type":"WebPage","@id":"https:\/\/skaut.ee\/en\/","url":"https:\/\/skaut.ee\/en\/","name":"HOME - Skaut","isPartOf":{"@id":"https:\/\/skaut.ee\/#website"},"datePublished":"2019-08-29T07:28:53+00:00","dateModified":"2023-12-18T12:08:32+00:00","description":"Eesti Skautide \u00dching ehk ES\u00dc on noortele mitteformaalset haridust pakkuv \u00fcleriigiline noorteorganisatsioon","breadcrumb":{"@id":"https:\/\/skaut.ee\/en\/#breadcrumb"},"inLanguage":"en-US","potentialAction":[{"@type":"ReadAction","target":["https:\/\/skaut.ee\/en\/"]}]},{"@type":"BreadcrumbList","@id":"https:\/\/skaut.ee\/en\/#breadcrumb","itemListElement":[{"@type":"ListItem","position":1,"name":"Home","item":"https:\/\/skaut.ee\/en\/"},{"@type":"ListItem","position":2,"name":"HOME"}]},{"@type":"WebSite","@id":"https:\/\/skaut.ee\/#website","url":"https:\/\/skaut.ee\/","name":"Skaut","description":"Eesti Skautide \u00dchingu koduleht","potentialAction":[{"@type":"SearchAction","target":{"@type":"EntryPoint","urlTemplate":"https:\/\/skaut.ee\/?s={search_term_string}"},"query-input":{"@type":"PropertyValueSpecification","valueRequired":true,"valueName":"search_term_string"}}],"inLanguage":"en-US"}]}},"_links":{"self":[{"href":"https:\/\/skaut.ee\/en\/wp-json\/wp\/v2\/pages\/10176","targetHints":{"allow":["GET"]}}],"collection":[{"href":"https:\/\/skaut.ee\/en\/wp-json\/wp\/v2\/pages"}],"about":[{"href":"https:\/\/skaut.ee\/en\/wp-json\/wp\/v2\/types\/page"}],"author":[{"embeddable":true,"href":"https:\/\/skaut.ee\/en\/wp-json\/wp\/v2\/users\/1"}],"replies":[{"embeddable":true,"href":"https:\/\/skaut.ee\/en\/wp-json\/wp\/v2\/comments?post=10176"}],"version-history":[{"count":4,"href":"https:\/\/skaut.ee\/en\/wp-json\/wp\/v2\/pages\/10176\/revisions"}],"predecessor-version":[{"id":10404,"href":"https:\/\/skaut.ee\/en\/wp-json\/wp\/v2\/pages\/10176\/revisions\/10404"}],"wp:attachment":[{"href":"https:\/\/skaut.ee\/en\/wp-json\/wp\/v2\/media?parent=10176"}],"curies":[{"name":"wp","href":"https:\/\/api.w.org\/{rel}","templated":true}]}}