{"id":10171,"date":"2020-03-03T11:55:50","date_gmt":"2020-03-03T09:55:50","guid":{"rendered":"https:\/\/skaut.ee\/instagram\/"},"modified":"2020-03-03T11:55:50","modified_gmt":"2020-03-03T09:55:50","slug":"instagram","status":"publish","type":"page","link":"https:\/\/skaut.ee\/en\/instagram\/","title":{"rendered":"Aita kaasa skautluse levitamisele ja v\u00f5ida auhindu!"},"content":{"rendered":"\n<p><\/p>\n\n\n\n<p><strong>Mis toimuma hakkab?<\/strong><br><br> Hakkame v\u00e4lja loosima auhindu k\u00f5igi Instagrami kasutajate vahel, <strong>kes postitavad oma Instagrami konto seinale skautlusega seotud postituse <\/strong>(pilt v\u00f5i video) ning kasutab sealjuures viidet <strong>#skaudid<\/strong>. Skautlusega seotud postitus on pilt v\u00f5i video, kus on n\u00e4ha ES\u00dc logo, m\u00f5ni tegevus, inimene, Sinu vabatahtlik panus v\u00f5i mis iganes, mis just Sulle skautlusega seondub &#8211; \u00e4ra piira ennast, \u00e4ra m\u00f5tle \u00fcle, jaga julgelt oma emotsiooni ka oma s\u00f5pradele ning kasuta viidet #skaudid ja osaledki loosimises! *<br><br><\/p>\n\n\n\n<p><strong>Miks me seda teeme?<\/strong><br><br> Eesm\u00e4rgiks on kasvatada skautluse tuntust, levitada teadmist meie tegemistest ja julgustada just Sind jagama seda, mida meie juures teed ja koged.<br><br><\/p>\n\n\n\n<p><strong>Mis juhtub peale postitamist ja kuidas ma loosimises osalen?<\/strong><br><br> Meie teostame otsinguid viitega #skaudid ja n\u00e4eme Sinu postitust, registreerime selle ja osaledki loosimises. (<strong>PS: kui Sinu konto ei ole avalik, siis ole palun meie lehe j\u00e4lgija<\/strong>, muidu me Sinu postitust ei n\u00e4e ja ei saa Sind ka loosirattasse lisada). Vahvaid postitusi (kui need on avalikud v\u00f5i kui lubad) jagame ka oma lehel. Iga kuu alguses loosime v\u00e4lja auhindu eelmise kalendrikuu postituste eest (v\u00f5itjad avalikustame ES\u00dc uudistes, meie Instagrami lehel ja v\u00f5tame personaalselt \u00fchendust). PS: mida rohkem postitad, seda suurem on v\u00f5imalus v\u00f5ita.<br> <br><\/p>\n\n\n\n<p><strong>Kaua osaleda saab?<\/strong><br><br> M\u00e4ng saab alguse n\u00fc\u00fcd ja<strong> kestab v\u00e4hemalt kuni aasta 2020 l\u00f5puni.<\/strong> Osaleda v\u00f5id iga kuu ja nii mitme postitusega kui soovid. PS j\u00e4lgi meie lehte, sest ette v\u00f5ib tulla \u00fcllatusloosimisi.<br> <br><\/p>\n\n\n\n<p><strong>M\u00e4ngureeglid:<\/strong><\/p>\n\n\n\n<p>* ole ES\u00dc Instagrami konto j\u00e4lgija &#8211; <a href=\"https:\/\/www.instagram.com\/eestiskautideuhing\/\">https:\/\/www.instagram.com\/eestiskautideuhing\/<\/a><\/p>\n\n\n\n<p>* postita oma seinale pilt\/video skautlikust tegevusest, skautidest, skaudi s\u00fcmboolika kaustamisest jne &#8211; \u00e4ra piira oma loovust ja \u00e4ra m\u00f5tle \u00fcle &#8211; jaga julgelt emotsiooni \ud83d\ude42<\/p>\n\n\n\n<p>* lisa postitusele viide #skaudid<\/p>\n\n\n\n<p>* iga kuu alguses loosime eelmise kuu postitajate vahel v\u00e4lja auhindu ja nii aasta 2020 l\u00f5puni<\/p>\n\n\n\n<p>* v\u00f5itjad avalikustame ES\u00dc Instagrami lehel, ES\u00dc uudistes ja v\u00f5itjaga v\u00f5tame privaatselt \u00fchendust.<\/p>\n\n\n\n<p>* postitaja ja j\u00e4lgija peab olema eraisik mitte \u00fcksus&nbsp;<br><\/p>\n\n\n\n<figure class=\"wp-block-image size-large\"><img decoding=\"async\" src=\"https:\/\/skaut.ee\/wp-content\/uploads\/2020\/03\/1-2-1024x1024.png\" alt=\"\" class=\"wp-image-2843\"\/><\/figure>\n\n\n\n<p class=\"has-medium-font-size\"><strong>\u041f\u043e\u043c\u043e\u0433\u0438 \u0440\u0430\u0441\u043f\u0440\u043e\u0441\u0442\u0440\u0430\u043d\u0435\u043d\u0438\u044e \u0441\u043a\u0430\u0443\u0442\u0438\u043d\u0433\u0430 \u0438 \u0432\u044b\u0438\u0433\u0440\u0430\u0439 \u043f\u0440\u0438\u0437!&nbsp;<\/strong><br><\/p>\n\n\n\n<p><strong>\u0427\u0442\u043e \u0431\u0443\u0434\u0435\u0442 \u043f\u0440\u043e\u0438\u0441\u0445\u043e\u0434\u0438\u0442\u044c?\u00a0<\/strong><br><br> \u041c\u044b \u0431\u0443\u0434\u0435\u043c \u0440\u0430\u0437\u044b\u0433\u0440\u044b\u0432\u0430\u0442\u044c \u043f\u0440\u0438\u0437\u044b \u043c\u0435\u0436\u0434\u0443 \u0432\u0441\u0435\u043c\u0438 \u043f\u043e\u043b\u044c\u0437\u043e\u0432\u0430\u0442\u0435\u043b\u044f\u043c\u0438 Instagram, <strong>\u043a\u043e\u0442\u043e\u0440\u044b\u0435 \u0440\u0430\u0437\u043c\u0435\u0441\u0442\u044f\u0442 \u043d\u0430 \u0441\u0432\u043e\u0435\u0439 \u0441\u0442\u0440\u0430\u043d\u0438\u0446\u0435 \u0432 Instagram \u043f\u0443\u0431\u043b\u0438\u043a\u0430\u0446\u0438\u044e, \u0441\u0432\u044f\u0437\u0430\u043d\u043d\u0443\u044e \u0441\u043e \u0441\u043a\u0430\u0443\u0442\u0438\u043d\u0433\u043e\u043c <\/strong>(\u0438\u0437\u043e\u0431\u0440\u0430\u0436\u0435\u043d\u0438\u0435 \u0438\u043b\u0438 \u0432\u0438\u0434\u0435\u043e), \u0438\u0441\u043f\u043e\u043b\u044c\u0437\u0443\u044f \u0445\u0435\u0448\u0442\u0435\u0433 <strong>#skaudid<\/strong>. \u0421\u0432\u044f\u0437\u0430\u043d\u043d\u044b\u0435 \u0441\u043e \u0441\u043a\u0430\u0443\u0442\u0438\u043d\u0433\u043e\u043c \u0444\u043e\u0442\u043e \u0438\u043b\u0438 \u0432\u0438\u0434\u0435\u043e, \u0433\u0434\u0435 \u0437\u0430\u043f\u0435\u0447\u0430\u0442\u043b\u0435\u043d \u043b\u043e\u0433\u043e\u0442\u0438\u043f \u042d\u0421\u041e, \u043a\u0430\u043a\u0438\u0435-\u0442\u043e \u043c\u0435\u0440\u043e\u043f\u0440\u0438\u044f\u0442\u0438\u044f, \u043b\u044e\u0434\u0438, \u0422\u0432\u043e\u0439 \u0432\u043e\u043b\u043e\u043d\u0442\u0435\u0440\u0441\u043a\u0438\u0439 \u0432\u043a\u043b\u0430\u0434 \u0438\u043b\u0438 \u0432\u0441\u0435, \u0447\u0442\u043e \u0441\u0432\u044f\u0437\u044b\u0432\u0430\u0435\u0442 \u0442\u0435\u0431\u044f \u0441\u043e \u0441\u043a\u0430\u0443\u0442\u0438\u043d\u0433\u043e\u043c\u00a0 &#8211; \u043d\u0435 \u043e\u0433\u0440\u0430\u043d\u0438\u0447\u0438\u0432\u0430\u0439\u0442\u0435 \u0441\u0435\u0431\u044f, \u043f\u0440\u0438\u0434\u0443\u043c\u044b\u0432\u0430\u0439, \u043d\u0435 \u0441\u0442\u0435\u0441\u043d\u044f\u0439\u0442\u0435\u0441\u044c \u0434\u0435\u043b\u0438\u0442\u044c\u0441\u044f \u0441\u0432\u043e\u0438\u043c\u0438 \u044d\u043c\u043e\u0446\u0438\u044f\u043c\u0438 \u0441 \u0434\u0440\u0443\u0437\u044c\u044f\u043c\u0438 \u0438 \u0438\u0441\u043f\u043e\u043b\u044c\u0437\u0443\u0439\u0442\u0435 \u0445\u0435\u0448\u0442\u0435\u0433 #skaudid &#8211; \u0443\u0447\u0430\u0441\u0442\u0432\u0443\u0439 \u0432 \u0440\u043e\u0437\u044b\u0433\u0440\u044b\u0448\u0435! <br><br><\/p>\n\n\n\n<p><strong>\u041f\u043e\u0447\u0435\u043c\u0443 \u043c\u044b \u044d\u0442\u043e \u0434\u0435\u043b\u0430\u0435\u043c?\u00a0<\/strong><br><br> \u0426\u0435\u043b\u044c \u0441\u043e\u0441\u0442\u043e\u0438\u0442 \u0432 \u0442\u043e\u043c, \u0447\u0442\u043e\u0431\u044b \u043f\u043e\u0432\u044b\u0441\u0438\u0442\u044c \u043e\u0441\u0432\u0435\u0434\u043e\u043c\u043b\u0435\u043d\u043d\u043e\u0441\u0442\u044c \u043e \u0441\u043a\u0430\u0443\u0442\u0438\u043d\u0433\u0435, \u0440\u0430\u0441\u043f\u0440\u043e\u0441\u0442\u0440\u0430\u043d\u0438\u0442\u044c \u0438\u043d\u0444\u043e\u0440\u043c\u0430\u0446\u0438\u044e \u043e \u0442\u043e\u043c, \u0447\u0442\u043e \u043c\u044b \u0434\u0435\u043b\u0430\u0435\u043c, \u0438 \u043f\u043e\u0431\u0443\u0434\u0438\u0442\u044c \u0422\u0435\u0431\u044f\u00a0 \u043f\u043e\u0434\u0435\u043b\u0438\u0442\u044c\u0441\u044f \u0441 \u043d\u0430\u043c\u0438 \u0441\u0432\u043e\u0438\u043c \u043e\u043f\u044b\u0442\u043e\u043c.<br> <br><\/p>\n\n\n\n<p><strong>\u0427\u0442\u043e \u0431\u0443\u0434\u0435\u0442 \u043f\u043e\u0441\u043b\u0435 \u043f\u0443\u0431\u043b\u0438\u043a\u0430\u0446\u0438\u0438 \u0438 \u043a\u0430\u043a \u044f \u0443\u0447\u0430\u0441\u0442\u0432\u0443\u044e \u0432 \u0440\u043e\u0437\u044b\u0433\u0440\u044b\u0448\u0435?\u00a0<\/strong><br><br> \u041c\u044b \u0438\u0449\u0435\u043c \u0445\u0435\u0448\u0442\u0435\u0433\u00a0 #skaudid \u0438 \u0432\u0438\u0434\u0438\u043c \u0422\u0432\u043e\u0439 \u043f\u043e\u0441\u0442, \u0440\u0435\u0433\u0438\u0441\u0442\u0440\u0438\u0440\u0443\u0435\u043c \u0435\u0433\u043e \u0438 \u0432\u043e\u0442 \u0422\u044b \u043f\u0440\u0438\u043d\u0438\u043c\u0430\u0435\u0448\u044c \u0443\u0447\u0430\u0441\u0442\u0438\u0435 \u0432 \u0440\u043e\u0437\u044b\u0433\u0440\u044b\u0448\u0435. (PS:<strong> \u0435\u0441\u043b\u0438 \u0422\u0432\u043e\u044f \u0443\u0447\u0435\u0442\u043d\u0430\u044f \u0437\u0430\u043f\u0438\u0441\u044c \u043d\u0435 \u044f\u0432\u043b\u044f\u0435\u0442\u0441\u044f \u043e\u0431\u0449\u0435\u0434\u043e\u0441\u0442\u0443\u043f\u043d\u043e\u0439, \u043f\u043e\u0436\u0430\u043b\u0443\u0439\u0441\u0442\u0430, \u043f\u043e\u0434\u043f\u0438\u0448\u0438\u0442\u0435\u0441\u044c \u043d\u0430 \u043d\u0430\u0448\u0443 \u0441\u0442\u0440\u0430\u043d\u0438\u0446\u0443, \u0432 \u043f\u0440\u043e\u0442\u0438\u0432\u043d\u043e\u043c \u0441\u043b\u0443\u0447\u0430\u0435 \u043c\u044b \u043d\u0435 \u0443\u0432\u0438\u0434\u0438\u043c \u0422\u0432\u043e\u044e \u043f\u0443\u0431\u043b\u0438\u043a\u0430\u0446\u0438\u044e \u0438 \u043d\u0435 \u0441\u043c\u043e\u0436\u0435\u043c \u0434\u043e\u0431\u0430\u0432\u0438\u0442\u044c \u0422\u0435\u0431\u044f \u0432 \u0440\u043e\u0437\u044b\u0433\u0440\u044b\u0448<\/strong>). \u041c\u044b \u0442\u0430\u043a\u0436\u0435 \u043f\u0443\u0431\u043b\u0438\u043a\u0443\u0435\u043c \u0438\u043d\u0442\u0435\u0440\u0435\u0441\u043d\u044b\u0435 \u043f\u043e\u0441\u0442\u044b (\u0435\u0441\u043b\u0438 \u043e\u043d\u0438 \u043e\u0431\u0449\u0435\u0434\u043e\u0441\u0442\u0443\u043f\u043d\u044b \u0438\u043b\u0438 \u043f\u043e\u043b\u0443\u0447\u0435\u043d\u043e \u0440\u0430\u0437\u0440\u0435\u0448\u0435\u043d\u0438\u0435) \u043d\u0430 \u043d\u0430\u0448\u0435\u0439 \u0441\u0442\u0440\u0430\u043d\u0438\u0446\u0435. \u0412 \u043d\u0430\u0447\u0430\u043b\u0435 \u043a\u0430\u0436\u0434\u043e\u0433\u043e \u043c\u0435\u0441\u044f\u0446\u0430 \u043c\u044b \u0431\u0443\u0434\u0435\u043c \u0440\u0430\u0437\u044b\u0433\u0440\u044b\u0432\u0430\u0442\u044c \u043f\u0440\u0438\u0437\u044b \u0437\u0430 \u043f\u0443\u0431\u043b\u0438\u043a\u0430\u0446\u0438\u0438 \u043f\u0440\u0435\u0434\u044b\u0434\u0443\u0449\u0435\u0433\u043e \u043a\u0430\u043b\u0435\u043d\u0434\u0430\u0440\u043d\u043e\u0433\u043e \u043c\u0435\u0441\u044f\u0446\u0430 (\u043f\u043e\u0431\u0435\u0434\u0438\u0442\u0435\u043b\u0438 \u0431\u0443\u0434\u0443\u0442 \u043e\u0431\u044a\u044f\u0432\u043b\u0435\u043d\u044b \u0432 \u043d\u043e\u0432\u043e\u0441\u0442\u044f\u0445 \u042d\u0421\u041e, \u043d\u0430 \u043d\u0430\u0448\u0435\u0439 \u0441\u0442\u0440\u0430\u043d\u0438\u0446\u0435 \u0432 Instagram \u0438 \u0441 \u043d\u0438\u043c\u0438 \u0441\u0432\u044f\u0436\u0443\u0442\u0441\u044f \u043b\u0438\u0447\u043d\u043e). PS: \u0427\u0435\u043c \u0431\u043e\u043b\u044c\u0448\u0435 \u0422\u044b \u043f\u0443\u0431\u043b\u0438\u043a\u0443\u0435\u0448\u044c, \u0442\u0435\u043c \u0431\u043e\u043b\u044c\u0448\u0435 \u0448\u0430\u043d\u0441\u043e\u0432 \u043d\u0430 \u043f\u043e\u0431\u0435\u0434\u0443.<br> <br><\/p>\n\n\n\n<p><strong>\u041a\u0430\u043a \u0434\u043e\u043b\u0433\u043e \u043c\u043e\u0436\u043d\u043e \u0443\u0447\u0430\u0441\u0442\u0432\u043e\u0432\u0430\u0442\u044c?\u00a0<\/strong><br><br> \u0418\u0433\u0440\u0430 \u043d\u0430\u0447\u0438\u043d\u0430\u0435\u0442\u0441\u044f \u0441\u0435\u0439\u0447\u0430\u0441 \u0438 \u043f\u0440\u043e\u0434\u043b\u0438\u0442\u0441\u044f \u043a\u0430\u043a \u043c\u0438\u043d\u0438\u043c\u0443\u043c \u0434\u043e \u043a\u043e\u043d\u0446\u0430 2020 \u0433\u043e\u0434\u0430. \u0412\u044b \u043c\u043e\u0436\u0435\u0442\u0435 \u0443\u0447\u0430\u0441\u0442\u0432\u043e\u0432\u0430\u0442\u044c \u043a\u0430\u0436\u0434\u044b\u0439 \u043c\u0435\u0441\u044f\u0446 \u0438 \u0441 \u0442\u0430\u043a\u0438\u043c \u043a\u043e\u043b\u0438\u0447\u0435\u0441\u0442\u0432\u043e\u043c \u043f\u0443\u0431\u043b\u0438\u043a\u0430\u0446\u0438\u0439, \u043a\u0430\u043a \u0422\u0435\u0431\u0435 \u0445\u043e\u0447\u0435\u0442\u0441\u044f. PS \u0421\u043b\u0435\u0434\u0438\u0442\u0435 \u0437\u0430 \u043d\u0430\u0448\u0435\u0439 \u0441\u0442\u0440\u0430\u043d\u0438\u0446\u0435\u0439, \u0442\u0430\u043a \u043a\u0430\u043a \u043c\u043e\u0433\u0443\u0442 \u0431\u044b\u0442\u044c \u043d\u0435\u043e\u0436\u0438\u0434\u0430\u043d\u043d\u044b\u0435 \u0440\u043e\u0437\u044b\u0433\u0440\u044b\u0448\u0438. <br><br><\/p>\n\n\n\n<p><strong>\u041f\u0440\u0430\u0432\u0438\u043b\u0430 \u0438\u0433\u0440\u044b:&nbsp;<\/strong><\/p>\n\n\n\n<p>* \u0431\u044b\u0442\u044c \u043f\u043e\u0434\u043f\u0438\u0441\u0447\u0438\u043a\u043e\u043c \u0430\u043a\u043a\u0430\u0443\u043d\u0442\u0430 \u042d\u0421\u041e \u0432&nbsp; Instagram &#8211; <a href=\"https:\/\/www.instagram.com\/eestiskautideuhing\/\">https:\/\/www.instagram.com\/eestiskautideuhing\/<\/a><\/p>\n\n\n\n<p>* \u043e\u043f\u0443\u0431\u043b\u0438\u043a\u0443\u0439\u0442\u0435 \u043d\u0430 \u0441\u0432\u043e\u0435\u0439 \u0441\u0442\u0440\u0430\u043d\u0438\u0446\u0435 \u0444\u043e\u0442\u043e\u0433\u0440\u0430\u0444\u0438\u044e\/\u0432\u0438\u0434\u0435\u043e \u043e \u0441\u0432\u043e\u0435\u0439 \u0434\u0435\u044f\u0442\u0435\u043b\u044c\u043d\u043e\u0441\u0442\u0438 \u0432 \u0441\u043a\u0430\u0443\u0442\u0438\u043d\u0433\u0435, \u0441\u043a\u0430\u0443\u0442\u0441\u043a\u0443\u044e \u0441\u0438\u043c\u0432\u043e\u043b\u0438\u043a\u0443 \u0438 \u0442. \u0434. &#8211; \u043d\u0435 \u043e\u0433\u0440\u0430\u043d\u0438\u0447\u0438\u0432\u0430\u0439\u0442\u0435 \u0441\u0432\u043e\u0439 \u0442\u0432\u043e\u0440\u0447\u0435\u0441\u043a\u0438\u0439 \u043f\u043e\u0442\u0435\u043d\u0446\u0438\u0430\u043b \u0438 \u043d\u0435 \u0437\u0430\u0446\u0438\u043a\u043b\u0438\u0432\u0430\u0439\u0441\u044f &#8211; \u043d\u0435 \u0441\u0442\u0435\u0441\u043d\u044f\u0439\u0441\u044f \u0434\u0435\u043b\u0438\u0442\u044c\u0441\u044f \u0441\u0432\u043e\u0438\u043c\u0438 \u044d\u043c\u043e\u0446\u0438\u044f\u043c\u0438 \ud83d\ude42<\/p>\n\n\n\n<p>* \u0434\u043e\u0431\u0430\u0432\u044c \u043a \u043f\u0443\u0431\u043b\u0438\u043a\u0430\u0446\u0438\u0438 \u0445\u0435\u0448\u0442\u0435\u0433 #skaudid<\/p>\n\n\n\n<p>*\u0432 \u043d\u0430\u0447\u0430\u043b\u0435 \u043a\u0430\u0436\u0434\u043e\u0433\u043e \u043c\u0435\u0441\u044f\u0446\u0430 \u043c\u044b \u0431\u0443\u0434\u0435\u043c \u0440\u0430\u0437\u044b\u0433\u0440\u044b\u0432\u0430\u0442\u044c \u043f\u0440\u0438\u0437\u044b \u0437\u0430 \u043f\u0443\u0431\u043b\u0438\u043a\u0430\u0446\u0438\u0438 \u043f\u0440\u0435\u0434\u044b\u0434\u0443\u0449\u0435\u0433\u043e \u043c\u0435\u0441\u044f\u0446\u0430 \u0438 \u0442\u0430\u043a \u0434\u0430\u043b\u0435\u0435 \u0434\u043e \u043a\u043e\u043d\u0446\u0430 2020 \u0433\u043e\u0434\u0430<\/p>\n\n\n\n<p>* \u043f\u043e\u0431\u0435\u0434\u0438\u0442\u0435\u043b\u0438 \u0431\u0443\u0434\u0443\u0442 \u043e\u0431\u044a\u044f\u0432\u043b\u0435\u043d\u044b \u043d\u0430 \u0441\u0442\u0440\u0430\u043d\u0438\u0446\u0435 \u042d\u0421\u041e \u0432 Instagram, \u0432 \u043d\u043e\u0432\u043e\u0441\u0442\u044f\u0445 \u042d\u0421\u041e, \u0438 \u043c\u044b \u0441\u0432\u044f\u0436\u0435\u043c\u0441\u044f \u0441 \u043f\u043e\u0431\u0435\u0434\u0438\u0442\u0435\u043b\u0435\u043c \u0432 \u0447\u0430\u0441\u0442\u043d\u043e\u043c \u043f\u043e\u0440\u044f\u0434\u043a\u0435.<\/p>\n\n\n\n<p>*\u0430\u0432\u0442\u043e\u0440\u043e\u043c \u0434\u043e\u043b\u0436\u0435\u043d \u0431\u044b\u0442\u044c \u043e\u0442\u0434\u0435\u043b\u044c\u043d\u044b\u043c \u0447\u0435\u043b\u043e\u0432\u0435\u043a\u043e\u043c, \u0430 \u043d\u0435 \u043e\u0442\u0440\u044f\u0434<br><\/p>\n","protected":false},"excerpt":{"rendered":"<p>Mis toimuma hakkab? Hakkame v\u00e4lja loosima auhindu k\u00f5igi Instagrami kasutajate vahel, kes postitavad oma Instagrami konto seinale skautlusega seotud postituse&#8230;<\/p>\n","protected":false},"author":1,"featured_media":0,"parent":0,"menu_order":0,"comment_status":"closed","ping_status":"closed","template":"","meta":{"_acf_changed":false,"inline_featured_image":false,"_monsterinsights_skip_tracking":false,"_monsterinsights_sitenote_active":false,"_monsterinsights_sitenote_note":"","_monsterinsights_sitenote_category":0,"cybocfi_hide_featured_image":"","footnotes":"","_links_to":"","_links_to_target":""},"class_list":["post-10171","page","type-page","status-publish","hentry"],"acf":[],"yoast_head":"<!-- This site is optimized with the Yoast SEO plugin v27.0 - https:\/\/yoast.com\/product\/yoast-seo-wordpress\/ -->\n<title>Aita kaasa skautluse levitamisele ja v\u00f5ida auhindu! - Skaut<\/title>\n<meta name=\"robots\" content=\"index, follow, max-snippet:-1, max-image-preview:large, max-video-preview:-1\" \/>\n<link rel=\"canonical\" href=\"https:\/\/skaut.ee\/en\/instagram\/\" \/>\n<meta property=\"og:locale\" content=\"en_US\" \/>\n<meta property=\"og:type\" content=\"article\" \/>\n<meta property=\"og:title\" content=\"Aita kaasa skautluse levitamisele ja v\u00f5ida auhindu! - Skaut\" \/>\n<meta property=\"og:description\" content=\"Mis toimuma hakkab? Hakkame v\u00e4lja loosima auhindu k\u00f5igi Instagrami kasutajate vahel, kes postitavad oma Instagrami konto seinale skautlusega seotud postituse...\" \/>\n<meta property=\"og:url\" content=\"https:\/\/skaut.ee\/en\/instagram\/\" \/>\n<meta property=\"og:site_name\" content=\"Skaut\" \/>\n<meta property=\"og:image\" content=\"https:\/\/skaut.ee\/wp-content\/uploads\/2020\/03\/1-2-1024x1024.png\" \/>\n<meta name=\"twitter:card\" content=\"summary_large_image\" \/>\n<meta name=\"twitter:label1\" content=\"Est. reading time\" \/>\n\t<meta name=\"twitter:data1\" content=\"2 minutes\" \/>\n<script type=\"application\/ld+json\" class=\"yoast-schema-graph\">{\"@context\":\"https:\/\/schema.org\",\"@graph\":[{\"@type\":\"WebPage\",\"@id\":\"https:\/\/skaut.ee\/en\/instagram\/\",\"url\":\"https:\/\/skaut.ee\/en\/instagram\/\",\"name\":\"Aita kaasa skautluse levitamisele ja v\u00f5ida auhindu! - Skaut\",\"isPartOf\":{\"@id\":\"https:\/\/skaut.ee\/#website\"},\"primaryImageOfPage\":{\"@id\":\"https:\/\/skaut.ee\/en\/instagram\/#primaryimage\"},\"image\":{\"@id\":\"https:\/\/skaut.ee\/en\/instagram\/#primaryimage\"},\"thumbnailUrl\":\"https:\/\/skaut.ee\/wp-content\/uploads\/2020\/03\/1-2-1024x1024.png\",\"datePublished\":\"2020-03-03T09:55:50+00:00\",\"breadcrumb\":{\"@id\":\"https:\/\/skaut.ee\/en\/instagram\/#breadcrumb\"},\"inLanguage\":\"en-US\",\"potentialAction\":[{\"@type\":\"ReadAction\",\"target\":[\"https:\/\/skaut.ee\/en\/instagram\/\"]}]},{\"@type\":\"ImageObject\",\"inLanguage\":\"en-US\",\"@id\":\"https:\/\/skaut.ee\/en\/instagram\/#primaryimage\",\"url\":\"https:\/\/skaut.ee\/wp-content\/uploads\/2020\/03\/1-2-1024x1024.png\",\"contentUrl\":\"https:\/\/skaut.ee\/wp-content\/uploads\/2020\/03\/1-2-1024x1024.png\"},{\"@type\":\"BreadcrumbList\",\"@id\":\"https:\/\/skaut.ee\/en\/instagram\/#breadcrumb\",\"itemListElement\":[{\"@type\":\"ListItem\",\"position\":1,\"name\":\"Home\",\"item\":\"https:\/\/skaut.ee\/en\/\"},{\"@type\":\"ListItem\",\"position\":2,\"name\":\"Aita kaasa skautluse levitamisele ja v\u00f5ida auhindu!\"}]},{\"@type\":\"WebSite\",\"@id\":\"https:\/\/skaut.ee\/#website\",\"url\":\"https:\/\/skaut.ee\/\",\"name\":\"Skaut\",\"description\":\"Eesti Skautide \u00dchingu koduleht\",\"potentialAction\":[{\"@type\":\"SearchAction\",\"target\":{\"@type\":\"EntryPoint\",\"urlTemplate\":\"https:\/\/skaut.ee\/?s={search_term_string}\"},\"query-input\":{\"@type\":\"PropertyValueSpecification\",\"valueRequired\":true,\"valueName\":\"search_term_string\"}}],\"inLanguage\":\"en-US\"}]}<\/script>\n<!-- \/ Yoast SEO plugin. -->","yoast_head_json":{"title":"Aita kaasa skautluse levitamisele ja v\u00f5ida auhindu! - Skaut","robots":{"index":"index","follow":"follow","max-snippet":"max-snippet:-1","max-image-preview":"max-image-preview:large","max-video-preview":"max-video-preview:-1"},"canonical":"https:\/\/skaut.ee\/en\/instagram\/","og_locale":"en_US","og_type":"article","og_title":"Aita kaasa skautluse levitamisele ja v\u00f5ida auhindu! - Skaut","og_description":"Mis toimuma hakkab? Hakkame v\u00e4lja loosima auhindu k\u00f5igi Instagrami kasutajate vahel, kes postitavad oma Instagrami konto seinale skautlusega seotud postituse...","og_url":"https:\/\/skaut.ee\/en\/instagram\/","og_site_name":"Skaut","og_image":[{"url":"https:\/\/skaut.ee\/wp-content\/uploads\/2020\/03\/1-2-1024x1024.png","type":"","width":"","height":""}],"twitter_card":"summary_large_image","twitter_misc":{"Est. reading time":"2 minutes"},"schema":{"@context":"https:\/\/schema.org","@graph":[{"@type":"WebPage","@id":"https:\/\/skaut.ee\/en\/instagram\/","url":"https:\/\/skaut.ee\/en\/instagram\/","name":"Aita kaasa skautluse levitamisele ja v\u00f5ida auhindu! - Skaut","isPartOf":{"@id":"https:\/\/skaut.ee\/#website"},"primaryImageOfPage":{"@id":"https:\/\/skaut.ee\/en\/instagram\/#primaryimage"},"image":{"@id":"https:\/\/skaut.ee\/en\/instagram\/#primaryimage"},"thumbnailUrl":"https:\/\/skaut.ee\/wp-content\/uploads\/2020\/03\/1-2-1024x1024.png","datePublished":"2020-03-03T09:55:50+00:00","breadcrumb":{"@id":"https:\/\/skaut.ee\/en\/instagram\/#breadcrumb"},"inLanguage":"en-US","potentialAction":[{"@type":"ReadAction","target":["https:\/\/skaut.ee\/en\/instagram\/"]}]},{"@type":"ImageObject","inLanguage":"en-US","@id":"https:\/\/skaut.ee\/en\/instagram\/#primaryimage","url":"https:\/\/skaut.ee\/wp-content\/uploads\/2020\/03\/1-2-1024x1024.png","contentUrl":"https:\/\/skaut.ee\/wp-content\/uploads\/2020\/03\/1-2-1024x1024.png"},{"@type":"BreadcrumbList","@id":"https:\/\/skaut.ee\/en\/instagram\/#breadcrumb","itemListElement":[{"@type":"ListItem","position":1,"name":"Home","item":"https:\/\/skaut.ee\/en\/"},{"@type":"ListItem","position":2,"name":"Aita kaasa skautluse levitamisele ja v\u00f5ida auhindu!"}]},{"@type":"WebSite","@id":"https:\/\/skaut.ee\/#website","url":"https:\/\/skaut.ee\/","name":"Skaut","description":"Eesti Skautide \u00dchingu koduleht","potentialAction":[{"@type":"SearchAction","target":{"@type":"EntryPoint","urlTemplate":"https:\/\/skaut.ee\/?s={search_term_string}"},"query-input":{"@type":"PropertyValueSpecification","valueRequired":true,"valueName":"search_term_string"}}],"inLanguage":"en-US"}]}},"_links":{"self":[{"href":"https:\/\/skaut.ee\/en\/wp-json\/wp\/v2\/pages\/10171","targetHints":{"allow":["GET"]}}],"collection":[{"href":"https:\/\/skaut.ee\/en\/wp-json\/wp\/v2\/pages"}],"about":[{"href":"https:\/\/skaut.ee\/en\/wp-json\/wp\/v2\/types\/page"}],"author":[{"embeddable":true,"href":"https:\/\/skaut.ee\/en\/wp-json\/wp\/v2\/users\/1"}],"replies":[{"embeddable":true,"href":"https:\/\/skaut.ee\/en\/wp-json\/wp\/v2\/comments?post=10171"}],"version-history":[{"count":0,"href":"https:\/\/skaut.ee\/en\/wp-json\/wp\/v2\/pages\/10171\/revisions"}],"wp:attachment":[{"href":"https:\/\/skaut.ee\/en\/wp-json\/wp\/v2\/media?parent=10171"}],"curies":[{"name":"wp","href":"https:\/\/api.w.org\/{rel}","templated":true}]}}