{"id":10169,"date":"2022-09-14T15:29:49","date_gmt":"2022-09-14T12:29:49","guid":{"rendered":"https:\/\/skaut.ee\/aasta-skaudijuht\/"},"modified":"2022-09-14T15:29:49","modified_gmt":"2022-09-14T12:29:49","slug":"aasta-skaudijuht","status":"publish","type":"page","link":"https:\/\/skaut.ee\/en\/aasta-skaudijuht\/","title":{"rendered":"Aasta skaudijuht"},"content":{"rendered":"<div class=\"everest-forms\"><script type='text\/javascript'>\n\/* <![CDATA[ *\/\nvar evf_settings = {\"currency_code\":\"EUR\",\"currency_thousands\":\".\",\"currency_decimal\":\",\",\"currency_symbol\":\"\\u20ac\",\"currency_symbol_pos\":\"right\"}\n\/* ]]> *\/\n<\/script>\n<div class=\"evf-container default\" id=\"evf-7354\"><form id=\"evf-form-7354\" class=\"everest-form\" data-formid=\"7354\" data-ajax_submission=\"0\" data-keyboard_friendly_form=\"0\" data-form_state_type=\"\" method=\"post\" enctype=\"multipart\/form-data\" action=\"\/en\/wp-json\/wp\/v2\/pages\/10169\"><div class=\"evf-field-container\"><input type=\"hidden\" id=\"_wpnonce7354\" name=\"_wpnonce7354\" value=\"97aa01f6f6\" \/><input type=\"hidden\" name=\"_wp_http_referer\" value=\"\/en\/wp-json\/wp\/v2\/pages\/10169\" \/><div class=\"evf-frontend-row\" data-row=\"row_2\" conditional_rules=\"[]\"><div class=\"evf-frontend-grid evf-grid-2\" data-grid=\"grid_1\"><div id=\"evf-7354-field_UbhwaJTHqT-1-container\" class=\"evf-field evf-field-text form-row validate-required\" data-required-field-message=\"See v\u00e4li on kohustuslik.\" data-field-id=\"UbhwaJTHqT-1\"><label class=\"evf-field-label\" for=\"evf-7354-field_UbhwaJTHqT-1\"><span class=\"evf-label\">Kandidaadi nimi<\/span> <abbr class=\"required\" title=\"Required\">*<\/abbr><\/label><input type=\"text\" id=\"evf-7354-field_UbhwaJTHqT-1\" class=\"input-text\" name=\"everest_forms[form_fields][UbhwaJTHqT-1]\" conditional_id=\"UbhwaJTHqT-1\" required><\/div><\/div><div class=\"evf-frontend-grid evf-grid-2\" data-grid=\"grid_2\"><div id=\"evf-7354-field_xQi6yDJZVo-2-container\" class=\"evf-field evf-field-select form-row validate-required\" data-required-field-message=\"See v\u00e4li on kohustuslik.\" data-field-id=\"xQi6yDJZVo-2\"><label class=\"evf-field-label\" for=\"evf-7354-field_xQi6yDJZVo-2\"><span class=\"evf-label\">Kandidaadi \u00fcksus<\/span> <abbr class=\"required\" title=\"Required\">*<\/abbr><\/label><select id=\"evf-7354-field_xQi6yDJZVo-2\" class=\"input-text evf-field-required\" name=\"everest_forms[form_fields][xQi6yDJZVo-2]\" required=\"required\" conditional_id=\"xQi6yDJZVo-2\" ><option value=\"\" class=\"placeholder\" disabled  selected='selected'>Vali \u00fcksus<\/option><option value=\"L\u00e4\u00e4ne Skautide Malev (LSM)\" >L\u00e4\u00e4ne Skautide Malev (LSM)<\/option><option value=\"P\u00e4rnumaa Skautide ja Gaidide Malev (PSGM)\" >P\u00e4rnumaa Skautide ja Gaidide Malev (PSGM)<\/option><option value=\"PSGM: Saarde\" >PSGM: Saarde<\/option><option value=\"R\u00e4v\u00e4l\u00e4 Skautide Malev (RSM)\" >R\u00e4v\u00e4l\u00e4 Skautide Malev (RSM)<\/option><option value=\"RSM: Kaljukassid\" >RSM: Kaljukassid<\/option><option value=\"RSM: Keila\" >RSM: Keila<\/option><option value=\"RSM: K\u00f5rvemaa\" >RSM: K\u00f5rvemaa<\/option><option value=\"RSM: Metsalised\" >RSM: Metsalised<\/option><option value=\"RSM: Okaskannel\" >RSM: Okaskannel<\/option><option value=\"RSM: P\u00f5hjala\" >RSM: P\u00f5hjala<\/option><option value=\"RSM: Raasiku\" >RSM: Raasiku<\/option><option value=\"RSM: Sakala\" >RSM: Sakala<\/option><option value=\"RSM: Saturn\" >RSM: Saturn<\/option><option value=\"RSM: Siil\" >RSM: Siil<\/option><option value=\"RSM: Soorebased\" >RSM: Soorebased<\/option><option value=\"RSM: Tiigrid\" >RSM: Tiigrid<\/option><option value=\"RSM: Tondisalu\" >RSM: Tondisalu<\/option><option value=\"RSM: Tormilind\" >RSM: Tormilind<\/option><option value=\"RSM: Tuulemetsa\" >RSM: Tuulemetsa<\/option><option value=\"Tartumaa Skautide ja Gaidide Malev (TSGM)\" >Tartumaa Skautide ja Gaidide Malev (TSGM)<\/option><option value=\"TSGM: Ilves\" >TSGM: Ilves<\/option><option value=\"TSGM: Mesilased\" >TSGM: Mesilased<\/option><option value=\"TSGM: Otep\u00e4\u00e4 Karud\" >TSGM: Otep\u00e4\u00e4 Karud<\/option><option value=\"Vana-Harju Malev (VHM)\" >Vana-Harju Malev (VHM)<\/option><option value=\"VHM: Saku\" >VHM: Saku<\/option><option value=\"VHM: Loone\" >VHM: Loone<\/option><option value=\"VHM: Rapla Vabaskaudid\" >VHM: Rapla Vabaskaudid<\/option><option value=\"Kaevur\" >Kaevur<\/option><option value=\"Kr\u00f5llid\" >Kr\u00f5llid<\/option><option value=\"Narva Meriskaudid\" >Narva Meriskaudid<\/option><option value=\"Metsavahe skaudid\" >Metsavahe skaudid<\/option><option value=\"Oru Udu\" >Oru Udu<\/option><option value=\"P.I.T.O.N.\" >P.I.T.O.N.<\/option><option value=\"Rakvere\" >Rakvere<\/option><option value=\"Rakvere - Vaek\u00fcla Siilikesed\" >Rakvere &#8211; Vaek\u00fcla Siilikesed<\/option><option value=\"\u00d6koskaudid\" >\u00d6koskaudid<\/option><option value=\"\u00dcKSIKLIIGE\" >\u00dcKSIKLIIGE<\/option><option value=\"MUU\" >MUU<\/option><\/select><\/div><\/div><\/div><div class=\"evf-frontend-row\" data-row=\"row_3\" conditional_rules=\"[]\"><div class=\"evf-frontend-grid evf-grid-1\" data-grid=\"grid_1\"><div id=\"evf-7354-field_tbEDyqNCMo-4-container\" class=\"evf-field evf-field-textarea form-row validate-required\" data-required-field-message=\"See v\u00e4li on kohustuslik.\" data-field-id=\"tbEDyqNCMo-4\"><label class=\"evf-field-label\" for=\"evf-7354-field_tbEDyqNCMo-4\"><span class=\"evf-label\">P\u00f5hjendus (miks just see kandidaat peaks saama Aasta Skaudijuhi tiitli):<\/span> <abbr class=\"required\" title=\"Required\">*<\/abbr><\/label><textarea id=\"evf-7354-field_tbEDyqNCMo-4\" class=\"input-text\" name=\"everest_forms[form_fields][tbEDyqNCMo-4]\" conditional_id=\"tbEDyqNCMo-4\" required ><\/textarea><\/div><div id=\"evf-7354-field_x6SK62NOUK-10-container\" class=\"evf-field evf-field-textarea form-row validate-required\" data-required-field-message=\"See v\u00e4li on kohustuslik.\" data-field-id=\"x6SK62NOUK-10\"><label class=\"evf-field-label\" for=\"evf-7354-field_x6SK62NOUK-10\"><span class=\"evf-label\">Kandidaadi tegevuse kirjeldus juhina:<\/span> <abbr class=\"required\" title=\"Required\">*<\/abbr><\/label><textarea id=\"evf-7354-field_x6SK62NOUK-10\" class=\"input-text\" name=\"everest_forms[form_fields][x6SK62NOUK-10]\" conditional_id=\"x6SK62NOUK-10\" required ><\/textarea><\/div><div id=\"evf-7354-field_qkkZFFsROX-11-container\" class=\"evf-field evf-field-text form-row validate-required\" data-required-field-message=\"See v\u00e4li on kohustuslik.\" data-field-id=\"qkkZFFsROX-11\"><label class=\"evf-field-label\" for=\"evf-7354-field_qkkZFFsROX-11\"><span class=\"evf-label\">Kandidaadi kontaktandmed:<\/span> <abbr class=\"required\" title=\"Required\">*<\/abbr><\/label><input type=\"text\" id=\"evf-7354-field_qkkZFFsROX-11\" class=\"input-text\" name=\"everest_forms[form_fields][qkkZFFsROX-11]\" conditional_id=\"qkkZFFsROX-11\" required><\/div><\/div><\/div><div class=\"evf-frontend-row\" data-row=\"row_4\" conditional_rules=\"[]\"><div class=\"evf-frontend-grid evf-grid-1\" data-grid=\"grid_1\"><div id=\"evf-7354-field_0V7Hs5Pesj-5-container\" class=\"evf-field evf-field-text form-row validate-required\" data-required-field-message=\"See v\u00e4li on kohustuslik.\" data-field-id=\"0V7Hs5Pesj-5\"><label class=\"evf-field-label\" for=\"evf-7354-field_0V7Hs5Pesj-5\"><span class=\"evf-label\">Ettepaneku esitaja (nimi ja \u00fcksus)<\/span> <abbr class=\"required\" title=\"Required\">*<\/abbr><\/label><input type=\"text\" id=\"evf-7354-field_0V7Hs5Pesj-5\" class=\"input-text\" name=\"everest_forms[form_fields][0V7Hs5Pesj-5]\" conditional_id=\"0V7Hs5Pesj-5\" required><\/div><div id=\"evf-7354-field_6OanDCl6vF-12-container\" class=\"evf-field evf-field-textarea form-row\" data-field-id=\"6OanDCl6vF-12\"><label class=\"evf-field-label\" for=\"evf-7354-field_6OanDCl6vF-12\"><span class=\"evf-label\">Kolm toetajat (lisaks esitajale)<\/span> <\/label><textarea id=\"evf-7354-field_6OanDCl6vF-12\" class=\"input-text\" name=\"everest_forms[form_fields][6OanDCl6vF-12]\" conditional_id=\"6OanDCl6vF-12\"  ><\/textarea><div class=\"evf-field-description\">Palun kirjuta kolme toetaja nimed ja \u00fcksused.<\/div><\/div><div id=\"evf-7354-field_WVrXScFUF7-6-container\" class=\"evf-field evf-field-email form-row validate-required validate-email\" data-required-field-message=\"Palun kirjuta korrektne e-maili aadress.\" data-field-id=\"WVrXScFUF7-6\"><label class=\"evf-field-label\" for=\"evf-7354-field_WVrXScFUF7-6\"><span class=\"evf-label\">Esitaja e-post<\/span> <abbr class=\"required\" title=\"Required\">*<\/abbr><\/label><input type=\"email\" id=\"evf-7354-field_WVrXScFUF7-6\" class=\"input-text\" name=\"everest_forms[form_fields][WVrXScFUF7-6]\" conditional_id=\"WVrXScFUF7-6\" required ><\/div><\/div><\/div><\/div><div class=\"evf-honeypot-container evf-field-hp\"><label for=\"evf-7354-field-hp\" class=\"evf-field-label\">Phone<\/label><input type=\"text\" name=\"everest_forms[hp]\" id=\"evf-7354-field-hp\" class=\"input-text\"><\/div><div class=\"evf-submit-container \" ><input type=\"hidden\" name=\"everest_forms[id]\" value=\"7354\"><input type=\"hidden\" name=\"everest_forms[author]\" value=\"1\"><button type='submit' name='everest_forms[submit]' class='everest-forms-submit-button button evf-submit ' id='evf-submit-7354' value='evf-submit' data-process-text=\"T\u00f6\u00f6tlemine\u2026\" conditional_rules='&quot;&quot;' conditional_id='evf-submit-7354'  id=\"evf-submit-7354\" aria-live=\"assertive\">Saada<\/button><\/div><\/form><\/div><!-- .evf-container --><\/div>","protected":false},"excerpt":{"rendered":"","protected":false},"author":1,"featured_media":0,"parent":0,"menu_order":0,"comment_status":"closed","ping_status":"closed","template":"","meta":{"_acf_changed":false,"inline_featured_image":false,"_monsterinsights_skip_tracking":false,"_monsterinsights_sitenote_active":false,"_monsterinsights_sitenote_note":"","_monsterinsights_sitenote_category":0,"cybocfi_hide_featured_image":"","footnotes":"","_links_to":"","_links_to_target":""},"class_list":["post-10169","page","type-page","status-publish","hentry"],"acf":[],"yoast_head":"<!-- This site is optimized with the Yoast SEO plugin v27.0 - https:\/\/yoast.com\/product\/yoast-seo-wordpress\/ -->\n<title>Aasta skaudijuht - Skaut<\/title>\n<meta name=\"robots\" content=\"index, follow, max-snippet:-1, max-image-preview:large, max-video-preview:-1\" \/>\n<link rel=\"canonical\" href=\"https:\/\/skaut.ee\/en\/aasta-skaudijuht\/\" \/>\n<meta property=\"og:locale\" content=\"en_US\" \/>\n<meta property=\"og:type\" content=\"article\" \/>\n<meta property=\"og:title\" content=\"Aasta skaudijuht - Skaut\" \/>\n<meta property=\"og:url\" content=\"https:\/\/skaut.ee\/en\/aasta-skaudijuht\/\" \/>\n<meta property=\"og:site_name\" content=\"Skaut\" \/>\n<meta name=\"twitter:card\" content=\"summary_large_image\" \/>\n<script type=\"application\/ld+json\" class=\"yoast-schema-graph\">{\"@context\":\"https:\/\/schema.org\",\"@graph\":[{\"@type\":\"WebPage\",\"@id\":\"https:\/\/skaut.ee\/en\/aasta-skaudijuht\/\",\"url\":\"https:\/\/skaut.ee\/en\/aasta-skaudijuht\/\",\"name\":\"Aasta skaudijuht - Skaut\",\"isPartOf\":{\"@id\":\"https:\/\/skaut.ee\/#website\"},\"datePublished\":\"2022-09-14T12:29:49+00:00\",\"breadcrumb\":{\"@id\":\"https:\/\/skaut.ee\/en\/aasta-skaudijuht\/#breadcrumb\"},\"inLanguage\":\"en-US\",\"potentialAction\":[{\"@type\":\"ReadAction\",\"target\":[\"https:\/\/skaut.ee\/en\/aasta-skaudijuht\/\"]}]},{\"@type\":\"BreadcrumbList\",\"@id\":\"https:\/\/skaut.ee\/en\/aasta-skaudijuht\/#breadcrumb\",\"itemListElement\":[{\"@type\":\"ListItem\",\"position\":1,\"name\":\"Home\",\"item\":\"https:\/\/skaut.ee\/en\/\"},{\"@type\":\"ListItem\",\"position\":2,\"name\":\"Aasta skaudijuht\"}]},{\"@type\":\"WebSite\",\"@id\":\"https:\/\/skaut.ee\/#website\",\"url\":\"https:\/\/skaut.ee\/\",\"name\":\"Skaut\",\"description\":\"Eesti Skautide \u00dchingu koduleht\",\"potentialAction\":[{\"@type\":\"SearchAction\",\"target\":{\"@type\":\"EntryPoint\",\"urlTemplate\":\"https:\/\/skaut.ee\/?s={search_term_string}\"},\"query-input\":{\"@type\":\"PropertyValueSpecification\",\"valueRequired\":true,\"valueName\":\"search_term_string\"}}],\"inLanguage\":\"en-US\"}]}<\/script>\n<!-- \/ Yoast SEO plugin. -->","yoast_head_json":{"title":"Aasta skaudijuht - Skaut","robots":{"index":"index","follow":"follow","max-snippet":"max-snippet:-1","max-image-preview":"max-image-preview:large","max-video-preview":"max-video-preview:-1"},"canonical":"https:\/\/skaut.ee\/en\/aasta-skaudijuht\/","og_locale":"en_US","og_type":"article","og_title":"Aasta skaudijuht - Skaut","og_url":"https:\/\/skaut.ee\/en\/aasta-skaudijuht\/","og_site_name":"Skaut","twitter_card":"summary_large_image","schema":{"@context":"https:\/\/schema.org","@graph":[{"@type":"WebPage","@id":"https:\/\/skaut.ee\/en\/aasta-skaudijuht\/","url":"https:\/\/skaut.ee\/en\/aasta-skaudijuht\/","name":"Aasta skaudijuht - Skaut","isPartOf":{"@id":"https:\/\/skaut.ee\/#website"},"datePublished":"2022-09-14T12:29:49+00:00","breadcrumb":{"@id":"https:\/\/skaut.ee\/en\/aasta-skaudijuht\/#breadcrumb"},"inLanguage":"en-US","potentialAction":[{"@type":"ReadAction","target":["https:\/\/skaut.ee\/en\/aasta-skaudijuht\/"]}]},{"@type":"BreadcrumbList","@id":"https:\/\/skaut.ee\/en\/aasta-skaudijuht\/#breadcrumb","itemListElement":[{"@type":"ListItem","position":1,"name":"Home","item":"https:\/\/skaut.ee\/en\/"},{"@type":"ListItem","position":2,"name":"Aasta skaudijuht"}]},{"@type":"WebSite","@id":"https:\/\/skaut.ee\/#website","url":"https:\/\/skaut.ee\/","name":"Skaut","description":"Eesti Skautide \u00dchingu koduleht","potentialAction":[{"@type":"SearchAction","target":{"@type":"EntryPoint","urlTemplate":"https:\/\/skaut.ee\/?s={search_term_string}"},"query-input":{"@type":"PropertyValueSpecification","valueRequired":true,"valueName":"search_term_string"}}],"inLanguage":"en-US"}]}},"_links":{"self":[{"href":"https:\/\/skaut.ee\/en\/wp-json\/wp\/v2\/pages\/10169","targetHints":{"allow":["GET"]}}],"collection":[{"href":"https:\/\/skaut.ee\/en\/wp-json\/wp\/v2\/pages"}],"about":[{"href":"https:\/\/skaut.ee\/en\/wp-json\/wp\/v2\/types\/page"}],"author":[{"embeddable":true,"href":"https:\/\/skaut.ee\/en\/wp-json\/wp\/v2\/users\/1"}],"replies":[{"embeddable":true,"href":"https:\/\/skaut.ee\/en\/wp-json\/wp\/v2\/comments?post=10169"}],"version-history":[{"count":0,"href":"https:\/\/skaut.ee\/en\/wp-json\/wp\/v2\/pages\/10169\/revisions"}],"wp:attachment":[{"href":"https:\/\/skaut.ee\/en\/wp-json\/wp\/v2\/media?parent=10169"}],"curies":[{"name":"wp","href":"https:\/\/api.w.org\/{rel}","templated":true}]}}